{"id":448,"date":"2023-11-06T04:23:44","date_gmt":"2023-11-06T04:23:44","guid":{"rendered":"http:\/\/localhost\/about-us\/company-outline\/"},"modified":"2024-05-17T14:38:53","modified_gmt":"2024-05-17T07:38:53","slug":"company-outline","status":"publish","type":"page","link":"https:\/\/occ21.vn\/vi\/company-outline\/","title":{"rendered":"Gi\u1edbi thi\u1ec7u c\u00f4ng ty"},"content":{"rendered":"<section class=\"section\" id=\"section_44743216\">\n\t\t<div class=\"bg section-bg fill bg-fill bg-loaded bg-loaded\" >\n\n\t\t\t\n\t\t\t\n\t\t\t\n\n\t\t<\/div>\n\n\t\t\n\n\t\t<div class=\"section-content relative\">\n\t\t\t\n\n<div class=\"row row-collapse row-full-width\"  id=\"row-499575815\">\n\n\n\t<div id=\"col-391330988\" class=\"col small-12 large-12\"  >\n\t\t\t\t<div class=\"col-inner\"  >\n\t\t\t\n\t\t\t\n\n  <div id=\"page-header-1981758740\" class=\"page-header-wrapper\">\n  <div class=\"page-title dark featured-title\">\n\n        <div class=\"page-title-bg\">\n      <div class=\"title-bg fill bg-fill\"\n        data-parallax-container=\".page-title\"\n        data-parallax-background\n data-parallax=\"-\">\n      <\/div>\n      <div class=\"title-overlay fill\"><\/div>\n    <\/div>\n    \n    <div class=\"page-title-inner container align-center text-center flex-row-col medium-flex-wrap\" >\n              <div class=\"title-wrapper is-xlarge flex-col\">\n          <h1 class=\"entry-title mb-0\">\n            V\u1ec1 ch\u00fang t\u00f4i          <\/h1>\n        <\/div>\n                <div class=\"page-title-sub op-7 flex-col\">\n          <p class=\"lead\">Ch\u00fang t\u00f4i bi\u1ebfn gi\u1ea5c m\u01a1 c\u1ee7a b\u1ea1n th\u00e0nh hi\u1ec7n th\u1ef1c. ORIENTAL COMMERCE<\/p>\n        <\/div>\n                    <div class=\"title-content flex-col\">\n        <ul class=\"nav sm-touch-scroll nav-simple nav-uppercase text-center nav-center\"><li class=\"nav-single-page hidden\"><\/li><\/ul>      <\/div>\n    <\/div>\n\n     \n<style>\n#page-header-1981758740 .page-title-inner {\n  min-height: 200px;\n}\n#page-header-1981758740 .title-bg {\n  background-image: url(https:\/\/occ21.vn\/wp-content\/uploads\/2023\/11\/sub_top.jpg);\n}\n<\/style>\n  <\/div>\n    <\/div>\n  \n\n\n\t\t<\/div>\n\t\t\t\t\t<\/div>\n\n\t\n\n<\/div>\n\n\t\t<\/div>\n\n\t\t\n<style>\n#section_44743216 {\n  padding-top: 0px;\n  padding-bottom: 0px;\n}\n<\/style>\n\t<\/section>\n\t\n\t<section class=\"section section857\" id=\"section_67587504\">\n\t\t<div class=\"bg section-bg fill bg-fill bg-loaded bg-loaded\" >\n\n\t\t\t\n\t\t\t\n\t\t\t\n\n\t\t<\/div>\n\n\t\t\n\n\t\t<div class=\"section-content relative\">\n\t\t\t\n\n<div class=\"row row-collapse\"  id=\"row-1956921639\">\n\n\n\t<div id=\"col-593120214\" class=\"col small-12 large-12\"  >\n\t\t\t\t<div class=\"col-inner\"  >\n\t\t\t\n\t\t\t\n\n\n\n<span><span><a href=\"https:\/\/occ21.vn\/vi\/\"><a href=\"\/vi\/\" class=\"cnavi_home\">         <img decoding=\"async\" src=\"\/staging\/custom\/cnavi_home.jpg\">     <\/a><\/a><\/span><\/span>\n<style>\n    .section857 {\n        border-top: 1px solid #ccc;\n        border-bottom: 1px solid #ccc;\n    }\n<\/style>\n\n\n\t\t<\/div>\n\t\t\t\t\t<\/div>\n\n\t\n\n<\/div>\n\n\t\t<\/div>\n\n\t\t\n<style>\n#section_67587504 {\n  padding-top: 0px;\n  padding-bottom: 0px;\n  min-height: 50px;\n  background-color: rgb(247, 247, 247);\n}\n<\/style>\n\t<\/section>\n\t\n<div class=\"row row-collapse\"  id=\"row-1469205091\">\n\n\n\t<div id=\"col-1956630987\" class=\"col small-12 large-12\"  >\n\t\t\t\t<div class=\"col-inner\"  >\n\t\t\t\n\t\t\t\n\n\n\n<html>\n\n<style>\n\n.wrapper {\n    \/* width: 300px; *\/\n    padding: 1%;\n   \/*  background-color: red; *\/\n    display: flex;\n    flex-direction: row;\n    justify-content: left;\n    align-items: center;\n  }\n  \n  .icon {\n\n  }\n  \n  .text {\n    margin: 10px;\n    font-weight: 700;\n    font-size: 2em\n  }\n\n@media only screen and (max-width: 600px) {\n    .wrapper{\n        width: auto;\n        justify-content: center;\n    }\n\n}\n\n\n<\/style>\n\n<body>\n\n    <div class=\"wrapper\">\n        <img decoding=\"async\" class=\"icon\" src=\"\/wp-content\/uploads\/2023\/11\/blt_tit1.gif\">\n        <span class=\"text\">Gi\u1edbi thi\u1ec7u c\u00f4ng ty<\/span>\n    <\/div>\n\n\n<\/body>\n\n\n\n<\/html>\n\n\n\t\t<\/div>\n\t\t\t\t\t<\/div>\n\n\t\n\n\n<style>\n#row-1469205091 > .col > .col-inner {\n  padding: 2% 2% 2% 2%;\n}\n<\/style>\n<\/div>\n<div class=\"row row-collapse\"  id=\"row-914462524\">\n\n\n\t<div id=\"col-1807456340\" class=\"col medium-4 small-12 large-4\"  >\n\t\t\t\t<div class=\"col-inner\"  >\n\t\t\t\n\t\t\t\n\n<h3>Ch\u00fang t\u00f4i, Oriental Commerce, \u0111ang t\u1ea1o ra nh\u1eefng gi\u00e1 tr\u1ecb h\u1eefu \u00edch b\u1eb1ng th\u00e1i \u0111\u1ed9 t\u00edch c\u1ef1c v\u00e0 t\u01b0 duy linh ho\u1ea1t tr\u01b0\u1edbc y\u00eau c\u1ea7u c\u1ee7a th\u1ecb tr\u01b0\u1eddng th\u1ebf gi\u1edbi.<\/h3>\n<p>Oriental Commerce \u0111ang ph\u00e1t tri\u1ec3n v\u00e0 xu\u1ea5t kh\u1ea9u t\u1edbi h\u01a1n 200 kh\u00e1ch h\u00e0ng t\u1ea1i h\u01a1n 50 qu\u1ed1c gia nh\u01b0 M\u1ef9, Trung Qu\u1ed1c, Nh\u1eadt B\u1ea3n, Ch\u00e2u \u00c1 v\u00e0 Ch\u00e2u \u00c2u.<\/p>\n\t<div class=\"img has-hover x md-x lg-x y md-y lg-y\" id=\"image_1420980994\">\n\t\t\t\t\t\t\t\t<div class=\"img-inner dark\" style=\"margin:0px 0px 0px 0px;\">\n\t\t\t<img loading=\"lazy\" decoding=\"async\" width=\"222\" height=\"213\" src=\"https:\/\/occ21.vn\/wp-content\/uploads\/2023\/11\/overview_mv01.jpg\" class=\"attachment-original size-original\" alt=\"\" \/>\t\t\t\t\t\t\n\t\t\t\t\t<\/div>\n\t\t\t\t\t\t\t\t\n<style>\n#image_1420980994 {\n  width: 50%;\n}\n<\/style>\n\t<\/div>\n\t\n\n\n\t\t<\/div>\n\t\t\t\t\t<\/div>\n\n\t\n\n\t<div id=\"col-1253912174\" class=\"col medium-8 small-12 large-8\"  >\n\t\t\t\t<div class=\"col-inner\"  >\n\t\t\t\n\t\t\t\n\n<div class=\"is-divider divider clearfix\" style=\"max-width:550px;height:1px;\"><\/div>\n\n\n\n<!DOCTYPE html>\n<html>\n<head>\n<style>\ntable {\n    border-collapse: collapse;\n    border-bottom: 1px solid #fff\n}\n\ntd, th {\n    border-bottom: 1px solid #fff;\n    text-align: left;\n    padding: 8px;\n}\n\ntr:nth-child(even) {\n\n}\n<\/style>\n<\/head>\n<body>\n\n<table>\n  <tr>\n    <td>\u2022 C\u00f4ng ty<\/td>\n    <td>C\u00d4NG TY TNHH ORIENTAL COMMERCE<\/td>\n  <\/tr>\n  <tr>\n    <td>\u2022 C\u01a1 s\u1edf<\/td>\n    <td>1998<\/td>\n  <\/tr>\n  <tr>\n    <td>\u2022 Ch\u1ee7 t\u1ecbch<\/td>\n    <td>\u00d4ng Jeong sup, Sim<\/td>\n  <\/tr>\n  <tr>\n    <td>\u2022 H\u00e0n Qu\u1ed1c<\/td>\n    <td>(Tr\u1ee5 s\u1edf ch\u00ednh\/Nh\u00e0 m\u00e1y) 207, Dasan-ro, Saha-gu, Busan, S.Korea<\/td>\n  <\/tr>\n  <tr>\n    <td>\u2022 Nh\u00e0 m\u00e1y Trung Qu\u1ed1c<\/td>\n    <td>Th\u00e0nh ph\u1ed1 Thanh \u0110\u1ea3o, t\u1ec9nh S\u01a1n \u0110\u00f4ng, Trung Qu\u1ed1c.<\/td>\n  <\/tr>\n  <tr>\n    <td>\u2022 Nh\u00e0 m\u00e1y Vi\u1ec7t Nam<\/td>\n    <td>Th\u00e0nh ph\u1ed1 Tam K\u1ef3, T\u1ec9nh Qu\u1ea3ng Nam, Vi\u1ec7t Nam.<\/td>\n  <\/tr>\n  <tr>\n    <td>\u2022 Ng\u01b0\u1eddi lao \u0111\u1ed9ng<\/td>\n    <td>Head office\/Busan Factory 30.<br>\nChina Factory 270.<br> Vietnam Factory 490<\/td>\n  <\/tr>\n   <tr>\n    <td>\u2022 S\u1ea3n ph\u1ea9m ch\u00ednh<\/td>\n    <td>B\u0103ng d\u00ednh \/ M\u00e0ng ch\u1eafn \/ M\u00e0ng che \/ Khu\u00f4n \u00e9p nh\u1ef1a<\/td>\n  <\/tr>\n<\/table>\n\n<\/body>\n<\/html>\n\n<div class=\"is-divider divider clearfix\" style=\"max-width:550px;height:1px;\"><\/div>\n\n\n\t\t<\/div>\n\t\t\t\t\n<style>\n#col-1253912174 > .col-inner {\n  padding: 0px 0px 0px 0px;\n  margin: 0px 0px 0px 0px;\n}\n@media (min-width:550px) {\n  #col-1253912174 > .col-inner {\n    margin: 0px 0px 0px 40px;\n  }\n}\n<\/style>\n\t<\/div>\n\n\t\n\n\n<style>\n#row-914462524 > .col > .col-inner {\n  padding: 1em 1em 1em 1em;\n}\n<\/style>\n<\/div>\n<div class=\"row row-collapse\"  id=\"row-12896768\">\n\n\n\t<div id=\"col-737806417\" class=\"col small-12 large-12\"  >\n\t\t\t\t<div class=\"col-inner text-center\"  >\n\t\t\t\n\t\t\t\n\n<h1>T\u1ea0I SAO CH\u1eccN C\u00d4NG TY TNHH ORIENTAL COMMERCE<\/h1>\n<p>M\u1ee5c ti\u00eau ch\u00ednh c\u1ee7a ch\u00fang t\u00f4i l\u00e0 ph\u1ee5c v\u1ee5 h\u00e0ng h\u00f3a v\u00e0 d\u1ecbch v\u1ee5 \u0111\u1ec3 \u0111\u1ea1t \u0111\u01b0\u1ee3c s\u1ef1 h\u00e0i l\u00f2ng c\u1ee7a kh\u00e1ch h\u00e0ng.<\/p>\n\n\t\t<\/div>\n\t\t\t\t\t<\/div>\n\n\t\n\n\n<style>\n#row-12896768 > .col > .col-inner {\n  padding: 2% 2% 2% 2%;\n}\n<\/style>\n<\/div>\n<div class=\"row row-collapse align-equal\"  id=\"row-1585337516\">\n\n\n\t<div id=\"col-712549482\" class=\"col medium-4 small-12 large-4 col-divided\"  >\n\t\t\t\t<div class=\"col-inner text-left\"  >\n\t\t\t\n\t\t\t\n\n\n\n<html>\n<style>\n\n.Col1{\n    padding-left:7%;\n    padding-top:5%;\n    padding-bottom: 5%;\n}\n\n.Market{\n    background-image: url(\"\/wp-content\/uploads\/2023\/11\/occ_point.gif\"), url(\/wp-content\/uploads\/2023\/11\/occ_bg01.gif);\n    background-repeat: no-repeat;\n    background-position-x: 0.5%, 95%;\n    background-position-y: 70%, top;\n    padding-bottom: 1%; \n}\np.Title{\n    font-weight: bold;\n    font-size:105%;\n    color: black;\n}\n\np.Pcustom{\n    font-size:100%;\n    color:rgb(31, 31, 31);\n}\n\n\n<\/style>\n<body>\n    <div class=\"Col1\">\n\n        <div class=\"Market\">\n            <p>01.<\/p>\n        <\/div>\n    \n        <div class=\"Keyl\">\n            <p class=\"Title\">H\u1ec6 TH\u1ed0NG KI\u1ec2M SO\u00c1T CH\u1ea4T L\u01af\u1ee2NG HO\u00c0N H\u1ea2O OCC<\/p>\n            <p class=\"Pcustom\">Ch\u00fang t\u00f4i vinh d\u1ef1 \u0111\u01b0\u1ee3c nh\u1eadn c\u00e1c ch\u1ee9ng ch\u1ec9 ISO 9001, ISO 14001, INNOBIZ \u0111\u1ec3 n\u00e2ng cao \u0111\u1ed9 tin c\u1eady v\u1ec1 ch\u1ea5t l\u01b0\u1ee3ng.<\/p>\n        <\/div>\n\n    <\/div>\n    \n\n<\/body>\n<\/html>\n\n\n\t\t<\/div>\n\t\t\t\t\t<\/div>\n\n\t\n\n\t<div id=\"col-417284853\" class=\"col medium-4 small-12 large-4 col-divided\"  >\n\t\t\t\t<div class=\"col-inner text-left\"  >\n\t\t\t\n\t\t\t\n\n\n\n<html>\n<style>\n\n.Col1{\n    padding-left:7%;\n    padding-top:5%;\n    padding-bottom: 5%;\n}\n\n.Market2{\n    background-image: url(\"\/wp-content\/uploads\/2023\/11\/occ_point.gif\"), url(\/wp-content\/uploads\/2023\/11\/occ_bg02.gif);\n    background-repeat: no-repeat;\n    background-position-x: 0.5%, 95%;\n    background-position-y: 70%, top;\n    padding-bottom: 1%; \n}\np.Title{\n    font-weight: bold;\n    font-size:105%;\n    color: black;\n}\n\np.Pcustom{\n    font-size:100%;\n    color:rgb(31, 31, 31);\n}\n\n\n<\/style>\n<body>\n    <div class=\"Col1\">\n\n        <div class=\"Market2\">\n            <p>02.<\/p>\n        <\/div>\n    \n        <div class=\"Keyl\">\n            <p class=\"Title\">PQM H\u1ee2P NH\u1ea4T C\u00d4NG NGH\u1ec6, S\u1ea2N XU\u1ea4T V\u00c0 B\u00c1N H\u00c0NG<\/p>\n            <p class=\"Pcustom\">Ch\u00fang t\u00f4i tr\u1ef1c ti\u1ebfp cung c\u1ea5p h\u00e0ng h\u00f3a cho kh\u00e1ch h\u00e0ng b\u1eb1ng c\u00f4ng ngh\u1ec7 \u0111\u1eb7c bi\u1ec7t c\u1ee7a ch\u00fang t\u00f4i.<\/p>\n        <\/div>\n\n    <\/div>\n    \n\n<\/body>\n<\/html>\n\n\n\t\t<\/div>\n\t\t\t\t\t<\/div>\n\n\t\n\n\t<div id=\"col-1858640811\" class=\"col medium-4 small-12 large-4 col-divided\"  >\n\t\t\t\t<div class=\"col-inner text-left\"  >\n\t\t\t\n\t\t\t\n\n\n\n<html>\n<style>\n\n.Col1{\n    padding-left:7%;\n    padding-top:5%;\n    padding-bottom: 5%;\n}\n\n.Market3{\n    background-image: url(\"\/wp-content\/uploads\/2023\/11\/occ_point.gif\"), url(\/wp-content\/uploads\/2023\/11\/occ_bg03.gif);\n    background-repeat: no-repeat;\n    background-position-x: 0.5%, 95%;\n    background-position-y: 70%, top;\n    padding-bottom: 1%; \n}\np.Title{\n    font-weight: bold;\n    font-size:105%;\n    color: black;\n}\n\np.Pcustom{\n    font-size:100%;\n    color:rgb(31, 31, 31);\n}\n\n\n<\/style>\n<body>\n    <div class=\"Col1\">\n\n        <div class=\"Market3\">\n            <p>03.<\/p>\n        <\/div>\n    \n        <div class=\"Keyl\">\n            <p class=\"Title\">CHI\u1ebeN L\u01af\u1ee2C 3E (M\u1eccI N\u01a0I, M\u1eccI TH\u1ee8, M\u1eccI GI\u00c1)<\/p>\n            <p class=\"Pcustom\">Ch\u00fang t\u00f4i s\u1ebd cung c\u1ea5p c\u00e1c s\u1ea3n ph\u1ea9m c\u1ea1nh tranh v\u1ec1 ch\u1ea5t l\u01b0\u1ee3ng l\u1eabn gi\u00e1 c\u1ea3.<\/p>\n        <\/div>\n\n    <\/div>\n    \n\n<\/body>\n<\/html>\n\n\n\t\t<\/div>\n\t\t\t\t\t<\/div>\n\n\t\n\n\n<style>\n#row-1585337516 > .col > .col-inner {\n  padding: 0px 0px 0px 0px;\n  background-color: rgb(244, 244, 244);\n}\n<\/style>\n<\/div>\n\t<div id=\"gap-87656979\" class=\"gap-element clearfix\" style=\"display:block; height:auto;\">\n\t\t\n<style>\n#gap-87656979 {\n  padding-top: 30px;\n}\n<\/style>\n\t<\/div>","protected":false},"excerpt":{"rendered":"","protected":false},"author":1,"featured_media":0,"parent":0,"menu_order":102,"comment_status":"closed","ping_status":"closed","template":"page-blank.php","meta":{"footnotes":""},"yoast_head":"<!-- This site is optimized with the Yoast SEO plugin v22.6 - https:\/\/yoast.com\/wordpress\/plugins\/seo\/ -->\n<title>Company Outline - Oriental Commerce<\/title>\n<meta name=\"robots\" content=\"index, follow, max-snippet:-1, max-image-preview:large, max-video-preview:-1\" \/>\n<link rel=\"canonical\" href=\"https:\/\/occ21.vn\/vi\/company-outline\/\" \/>\n<meta property=\"og:locale\" content=\"vi_VN\" \/>\n<meta property=\"og:type\" content=\"article\" \/>\n<meta property=\"og:title\" content=\"Company Outline - Oriental Commerce\" \/>\n<meta property=\"og:url\" content=\"https:\/\/occ21.vn\/vi\/company-outline\/\" \/>\n<meta property=\"og:site_name\" content=\"Oriental Commerce\" \/>\n<meta property=\"article:modified_time\" content=\"2024-05-17T07:38:53+00:00\" \/>\n<meta name=\"twitter:card\" content=\"summary_large_image\" \/>\n<meta name=\"twitter:label1\" content=\"\u01af\u1edbc t\u00ednh th\u1eddi gian \u0111\u1ecdc\" \/>\n\t<meta name=\"twitter:data1\" content=\"2 ph\u00fat\" \/>\n<script type=\"application\/ld+json\" class=\"yoast-schema-graph\">{\"@context\":\"https:\/\/schema.org\",\"@graph\":[{\"@type\":\"WebPage\",\"@id\":\"https:\/\/occ21.vn\/company-outline\/\",\"url\":\"https:\/\/occ21.vn\/company-outline\/\",\"name\":\"Company Outline - Oriental Commerce\",\"isPartOf\":{\"@id\":\"https:\/\/occ21.vn\/#website\"},\"datePublished\":\"2023-11-06T04:23:44+00:00\",\"dateModified\":\"2024-05-17T07:38:53+00:00\",\"breadcrumb\":{\"@id\":\"https:\/\/occ21.vn\/company-outline\/#breadcrumb\"},\"inLanguage\":\"vi\",\"potentialAction\":[{\"@type\":\"ReadAction\",\"target\":[\"https:\/\/occ21.vn\/company-outline\/\"]}]},{\"@type\":\"BreadcrumbList\",\"@id\":\"https:\/\/occ21.vn\/company-outline\/#breadcrumb\",\"itemListElement\":[{\"@type\":\"ListItem\",\"position\":1,\"name\":\"\",\"item\":\"https:\/\/occ21.vn\/\"},{\"@type\":\"ListItem\",\"position\":2,\"name\":\"Company Outline\"}]},{\"@type\":\"WebSite\",\"@id\":\"https:\/\/occ21.vn\/#website\",\"url\":\"https:\/\/occ21.vn\/\",\"name\":\"Oriental Commerce\",\"description\":\"\",\"potentialAction\":[{\"@type\":\"SearchAction\",\"target\":{\"@type\":\"EntryPoint\",\"urlTemplate\":\"https:\/\/occ21.vn\/?s={search_term_string}\"},\"query-input\":\"required name=search_term_string\"}],\"inLanguage\":\"vi\"}]}<\/script>\n<!-- \/ Yoast SEO plugin. -->","yoast_head_json":{"title":"Company Outline - Oriental Commerce","robots":{"index":"index","follow":"follow","max-snippet":"max-snippet:-1","max-image-preview":"max-image-preview:large","max-video-preview":"max-video-preview:-1"},"canonical":"https:\/\/occ21.vn\/vi\/company-outline\/","og_locale":"vi_VN","og_type":"article","og_title":"Company Outline - Oriental Commerce","og_url":"https:\/\/occ21.vn\/vi\/company-outline\/","og_site_name":"Oriental Commerce","article_modified_time":"2024-05-17T07:38:53+00:00","twitter_card":"summary_large_image","twitter_misc":{"\u01af\u1edbc t\u00ednh th\u1eddi gian \u0111\u1ecdc":"2 ph\u00fat"},"schema":{"@context":"https:\/\/schema.org","@graph":[{"@type":"WebPage","@id":"https:\/\/occ21.vn\/company-outline\/","url":"https:\/\/occ21.vn\/company-outline\/","name":"Company Outline - Oriental Commerce","isPartOf":{"@id":"https:\/\/occ21.vn\/#website"},"datePublished":"2023-11-06T04:23:44+00:00","dateModified":"2024-05-17T07:38:53+00:00","breadcrumb":{"@id":"https:\/\/occ21.vn\/company-outline\/#breadcrumb"},"inLanguage":"vi","potentialAction":[{"@type":"ReadAction","target":["https:\/\/occ21.vn\/company-outline\/"]}]},{"@type":"BreadcrumbList","@id":"https:\/\/occ21.vn\/company-outline\/#breadcrumb","itemListElement":[{"@type":"ListItem","position":1,"name":"","item":"https:\/\/occ21.vn\/"},{"@type":"ListItem","position":2,"name":"Company Outline"}]},{"@type":"WebSite","@id":"https:\/\/occ21.vn\/#website","url":"https:\/\/occ21.vn\/","name":"Oriental Commerce","description":"","potentialAction":[{"@type":"SearchAction","target":{"@type":"EntryPoint","urlTemplate":"https:\/\/occ21.vn\/?s={search_term_string}"},"query-input":"required name=search_term_string"}],"inLanguage":"vi"}]}},"_links":{"self":[{"href":"https:\/\/occ21.vn\/vi\/wp-json\/wp\/v2\/pages\/448"}],"collection":[{"href":"https:\/\/occ21.vn\/vi\/wp-json\/wp\/v2\/pages"}],"about":[{"href":"https:\/\/occ21.vn\/vi\/wp-json\/wp\/v2\/types\/page"}],"author":[{"embeddable":true,"href":"https:\/\/occ21.vn\/vi\/wp-json\/wp\/v2\/users\/1"}],"replies":[{"embeddable":true,"href":"https:\/\/occ21.vn\/vi\/wp-json\/wp\/v2\/comments?post=448"}],"version-history":[{"count":2,"href":"https:\/\/occ21.vn\/vi\/wp-json\/wp\/v2\/pages\/448\/revisions"}],"predecessor-version":[{"id":2803,"href":"https:\/\/occ21.vn\/vi\/wp-json\/wp\/v2\/pages\/448\/revisions\/2803"}],"wp:attachment":[{"href":"https:\/\/occ21.vn\/vi\/wp-json\/wp\/v2\/media?parent=448"}],"curies":[{"name":"wp","href":"https:\/\/api.w.org\/{rel}","templated":true}]}}