{"id":450,"date":"2023-11-06T04:23:44","date_gmt":"2023-11-06T04:23:44","guid":{"rendered":"http:\/\/localhost\/about-us\/facility\/"},"modified":"2023-11-08T07:32:01","modified_gmt":"2023-11-08T07:32:01","slug":"facility","status":"publish","type":"page","link":"https:\/\/occ21.vn\/vi\/facility\/","title":{"rendered":"C\u01a1 s\u1edf"},"content":{"rendered":"<section class=\"section\" id=\"section_1167616569\">\n\t\t<div class=\"bg section-bg fill bg-fill bg-loaded bg-loaded\" >\n\n\t\t\t\n\t\t\t\n\t\t\t\n\n\t\t<\/div>\n\n\t\t\n\n\t\t<div class=\"section-content relative\">\n\t\t\t\n\n<div class=\"row row-collapse row-full-width\"  id=\"row-1927394368\">\n\n\n\t<div id=\"col-1022214011\" class=\"col small-12 large-12\"  >\n\t\t\t\t<div class=\"col-inner\"  >\n\t\t\t\n\t\t\t\n\n  <div id=\"page-header-216887155\" class=\"page-header-wrapper\">\n  <div class=\"page-title dark featured-title\">\n\n        <div class=\"page-title-bg\">\n      <div class=\"title-bg fill bg-fill\"\n        data-parallax-container=\".page-title\"\n        data-parallax-background\n data-parallax=\"-\">\n      <\/div>\n      <div class=\"title-overlay fill\"><\/div>\n    <\/div>\n    \n    <div class=\"page-title-inner container align-center text-center flex-row-col medium-flex-wrap\" >\n              <div class=\"title-wrapper is-xlarge flex-col\">\n          <h1 class=\"entry-title mb-0\">\n            V\u1ec1 ch\u00fang t\u00f4i          <\/h1>\n        <\/div>\n                <div class=\"page-title-sub op-7 flex-col\">\n          <p class=\"lead\">Ch\u00fang t\u00f4i bi\u1ebfn gi\u1ea5c m\u01a1 c\u1ee7a b\u1ea1n th\u00e0nh hi\u1ec7n th\u1ef1c. ORIENTAL COMMERCE<\/p>\n        <\/div>\n                    <div class=\"title-content flex-col\">\n        <ul class=\"nav sm-touch-scroll nav-simple nav-uppercase text-center nav-center\"><li class=\"nav-single-page hidden\"><\/li><\/ul>      <\/div>\n    <\/div>\n\n     \n<style>\n#page-header-216887155 .page-title-inner {\n  min-height: 200px;\n}\n#page-header-216887155 .title-bg {\n  background-image: url(https:\/\/occ21.vn\/wp-content\/uploads\/2023\/11\/sub_top.jpg);\n}\n<\/style>\n  <\/div>\n    <\/div>\n  \n\n\n\t\t<\/div>\n\t\t\t\t\t<\/div>\n\n\t\n\n<\/div>\n<div class=\"row row-collapse\"  id=\"row-1954228739\">\n\n\n\t<div id=\"col-1744910537\" class=\"col small-12 large-12\"  >\n\t\t\t\t<div class=\"col-inner\"  >\n\t\t\t\n\t\t\t\n\n<div class=\"row row-collapse align-center\"  id=\"row-149051830\">\n\n\n\t<div id=\"col-1601994991\" class=\"col medium-1 large-1\"  >\n\t\t\t\t<div class=\"col-inner text-center\"  >\n\t\t\t\n\t\t\t\n\n\t<div class=\"img has-hover x md-x lg-x y md-y lg-y\" id=\"image_1233052887\">\n\t\t\t\t\t\t\t\t<div class=\"img-inner dark\" style=\"margin:40px 0px 0px 0px;\">\n\t\t\t<img loading=\"lazy\" decoding=\"async\" width=\"28\" height=\"28\" src=\"https:\/\/occ21.vn\/wp-content\/uploads\/2023\/11\/blt_tit1.gif\" class=\"attachment-original size-original\" alt=\"\" \/>\t\t\t\t\t\t\n\t\t\t\t\t<\/div>\n\t\t\t\t\t\t\t\t\n<style>\n#image_1233052887 {\n  width: 35%;\n}\n<\/style>\n\t<\/div>\n\t\n\n\n\t\t<\/div>\n\t\t\t\t\n<style>\n#col-1601994991 > .col-inner {\n  padding: 0px 0px 0px 0px;\n  margin: 0px 0px 0px 0px;\n}\n<\/style>\n\t<\/div>\n\n\t\n\n\t<div id=\"col-29889639\" class=\"col medium-11 large-11\"  >\n\t\t\t\t<div class=\"col-inner text-left\"  >\n\t\t\t\n\t\t\t\n\n  <div id=\"page-header-1008803503\" class=\"page-header-wrapper\">\n  <div class=\"page-title light simple-title\">\n\n    \n    <div class=\"page-title-inner container align-top flex-row medium-flex-wrap\" >\n              <div class=\"title-wrapper is-xlarge flex-col text-left medium-text-center\">\n          <h1 class=\"entry-title mb-0\">\n            C\u01a1 s\u1edf          <\/h1>\n        <\/div>\n                    <div class=\"title-content flex-col flex-right text-right medium-text-center\">\n        <ul class=\"nav sm-touch-scroll nav-line nav-uppercase text-left nav-left\"><li class=\"nav-single-page hidden\"><\/li><\/ul>      <\/div>\n    <\/div>\n\n       <\/div>\n    <\/div>\n  \n\n\n\t\t<\/div>\n\t\t\t\t\t<\/div>\n\n\t\n\n<\/div>\n\t<div id=\"gap-1751869790\" class=\"gap-element clearfix\" style=\"display:block; height:auto;\">\n\t\t\n<style>\n#gap-1751869790 {\n  padding-top: 30px;\n}\n<\/style>\n\t<\/div>\n\t\n\n<div class=\"row row-collapse\"  id=\"row-1803881636\">\n\n\n\t<div id=\"col-1280501589\" class=\"col medium-3 small-12 large-3\"  >\n\t\t\t\t<div class=\"col-inner text-center\"  >\n\t\t\t\n\t\t\t\n\n\t<div class=\"img has-hover x md-x lg-x y md-y lg-y\" id=\"image_463223328\">\n\t\t\t\t\t\t\t\t<div class=\"img-inner dark\" >\n\t\t\t<img loading=\"lazy\" decoding=\"async\" width=\"171\" height=\"94\" src=\"https:\/\/occ21.vn\/wp-content\/uploads\/2023\/11\/facil_bg.gif\" class=\"attachment-original size-original\" alt=\"\" \/>\t\t\t\t\t\t\n\t\t\t\t\t<\/div>\n\t\t\t\t\t\t\t\t\n<style>\n#image_463223328 {\n  width: 70%;\n}\n<\/style>\n\t<\/div>\n\t\n\n\n\t\t<\/div>\n\t\t\t\t\t<\/div>\n\n\t\n\n\t<div id=\"col-192224502\" class=\"col medium-9 small-12 large-9\"  >\n\t\t\t\t<div class=\"col-inner text-left\"  >\n\t\t\t\n\t\t\t\n\n<h3>Oriental Commerce \u0111\u00e3 v\u1eadn h\u00e0nh c\u01a1 s\u1edf s\u1ea3n xu\u1ea5t c\u1ee7a ri\u00eang m\u00ecnh \u1edf Busan,<br \/>\nH\u00e0n Qu\u1ed1c v\u00e0 Thanh \u0110\u1ea3o, Trung Qu\u1ed1c.<\/h3>\n\n\t\t<\/div>\n\t\t\t\t\t<\/div>\n\n\t\n\n<\/div>\n\n\t\t<\/div>\n\t\t\t\t\t<\/div>\n\n\t\n\n\t<div id=\"col-1701091088\" class=\"col small-12 large-12\"  >\n\t\t\t\t<div class=\"col-inner\"  >\n\t\t\t\n\t\t\t\n\n<div class=\"nav-wrapper\"><ul class=\"nav nav-uppercase nav-horizontal nav-size-large nav-pills text-center nav-center\"><li class=\"\"><a href=\"https:\/\/occ21.vn\/vi\/facility\/korea-head-office-and-factory\/\">Tr\u1ee5 s\u1edf ch\u00ednh v\u00e0 Nh\u00e0 m\u00e1y H\u00e0n Qu\u1ed1c<\/a><\/li><li class=\"\"><a href=\"https:\/\/occ21.vn\/vi\/facility\/china-factory\/\">Nh\u00e0 m\u00e1y Trung Qu\u1ed1c<\/a><\/li><li class=\"\"><a href=\"https:\/\/occ21.vn\/vi\/facility\/vietnam-factory\/\">Nh\u00e0 m\u00e1y Vi\u1ec7t Nam<\/a><\/li><\/ul><\/div>\n\n<div class=\"text-center\"><div class=\"is-divider divider clearfix\" style=\"max-width:1920px;height:1px;\"><\/div><\/div>\n\n<div class=\"row row-collapse\"  id=\"row-1960580602\">\n\n\n\t<div id=\"col-1101882030\" class=\"col medium-4 small-12 large-4\"  >\n\t\t\t\t<div class=\"col-inner\"  >\n\t\t\t\n\t\t\t\n\n\t<div class=\"img has-hover x md-x lg-x y md-y lg-y\" id=\"image_1615129796\">\n\t\t\t\t\t\t\t\t<div class=\"img-inner dark\" >\n\t\t\t<img loading=\"lazy\" decoding=\"async\" width=\"12\" height=\"11\" src=\"https:\/\/occ21.vn\/wp-content\/uploads\/2023\/11\/facil_tit.gif\" class=\"attachment-original size-original\" alt=\"\" \/>\t\t\t\t\t\t\n\t\t\t\t\t<\/div>\n\t\t\t\t\t\t\t\t\n<style>\n#image_1615129796 {\n  width: 5%;\n}\n<\/style>\n\t<\/div>\n\t\n\n<div class=\"container section-title-container\" ><h1 class=\"section-title section-title-normal\"><b><\/b><span class=\"section-title-main\" >Tr\u1ee5 s\u1edf ch\u00ednh v\u00e0 Nh\u00e0 m\u00e1y H\u00e0n Qu\u1ed1c<\/span><b><\/b><\/h1><\/div>\n\n\n\n<!DOCTYPE html>\n<html>\n<head>\n<style>\ntable {\n    border-collapse: collapse;\n    border-bottom: 1px solid #fff\n}\n\ntd, th {\n    border-bottom: 1px solid #fff;\n    text-align: left;\n    padding: 8px;\n}\n\ntr:nth-child(even) {\n\n}\n<\/style>\n<\/head>\n<body>\n\n<table>\n  <tr>\n    <td style=\"font-weight:bold\">\u2022 \u0110\u1ecba ch\u1ec9<\/td>\n    <td>207, Dasan-ro, Saha-gu, Busan , H\u00e0n Qu\u1ed1c<\/td>\n  <\/tr>\n  <tr>\n    <td style=\"font-weight:bold\">\u2022 \u0110i\u1ec7n tho\u1ea1i<\/td>\n    <td>+82-51-266-7110<\/td>\n  <\/tr>\n  <tr>\n    <td style=\"font-weight:bold\">\u2022 C\u00e1c s\u1ea3n ph\u1ea9m<\/td>\n    <td>B\u0103ng d\u00ednh<\/td>\n  <\/tr>\n<\/table>\n\n<\/body>\n<\/html>\n\n<div class=\"is-divider divider clearfix\" style=\"max-width:400px;\"><\/div>\n\n\n\t\t<\/div>\n\t\t\t\t\t<\/div>\n\n\t\n\n\t<div id=\"col-319896575\" class=\"col medium-8 small-12 large-8\"  >\n\t\t\t\t<div class=\"col-inner\"  >\n\t\t\t\n\t\t\t\n\n\n\n<div style=\"padding:56.25% 0 0 0;position:relative;\"><iframe src=\"https:\/\/player.vimeo.com\/video\/167851867?h=b8da859a94&#038;autoplay=1&#038;loop=1&#038;title=0&#038;byline=0&#038;portrait=0\" style=\"position:absolute;top:0;left:0;width:100%;height:100%;\" frameborder=\"0\" allow=\"autoplay; fullscreen; picture-in-picture\" allowfullscreen><\/iframe><\/div><script src=\"https:\/\/player.vimeo.com\/api\/player.js\"><\/script>\n\n\n\t\t<\/div>\n\t\t\t\t\n<style>\n#col-319896575 > .col-inner {\n  padding: 0px 0px 0px 20px;\n  margin: 0px 0px 0px 0px;\n}\n<\/style>\n\t<\/div>\n\n\t\n\n<\/div>\n\n\t\t<\/div>\n\t\t\t\t\t<\/div>\n\n\t\n\n<\/div>\n\n\t\t<\/div>\n\n\t\t\n<style>\n#section_1167616569 {\n  padding-top: 0px;\n  padding-bottom: 0px;\n}\n<\/style>\n\t<\/section>","protected":false},"excerpt":{"rendered":"","protected":false},"author":1,"featured_media":0,"parent":0,"menu_order":104,"comment_status":"closed","ping_status":"closed","template":"page-blank.php","meta":{"footnotes":""},"yoast_head":"<!-- This site is optimized with the Yoast SEO plugin v22.6 - https:\/\/yoast.com\/wordpress\/plugins\/seo\/ -->\n<title>Facility - Oriental Commerce<\/title>\n<meta name=\"robots\" content=\"index, follow, max-snippet:-1, max-image-preview:large, max-video-preview:-1\" \/>\n<link rel=\"canonical\" href=\"https:\/\/occ21.vn\/vi\/facility\/\" \/>\n<meta property=\"og:locale\" content=\"vi_VN\" \/>\n<meta property=\"og:type\" content=\"article\" \/>\n<meta property=\"og:title\" content=\"Facility - Oriental Commerce\" \/>\n<meta property=\"og:url\" content=\"https:\/\/occ21.vn\/vi\/facility\/\" \/>\n<meta property=\"og:site_name\" content=\"Oriental Commerce\" \/>\n<meta property=\"article:modified_time\" content=\"2023-11-08T07:32:01+00:00\" \/>\n<meta name=\"twitter:card\" content=\"summary_large_image\" \/>\n<meta name=\"twitter:label1\" content=\"\u01af\u1edbc t\u00ednh th\u1eddi gian \u0111\u1ecdc\" \/>\n\t<meta name=\"twitter:data1\" content=\"1 ph\u00fat\" \/>\n<script type=\"application\/ld+json\" class=\"yoast-schema-graph\">{\"@context\":\"https:\/\/schema.org\",\"@graph\":[{\"@type\":\"WebPage\",\"@id\":\"https:\/\/occ21.vn\/facility\/\",\"url\":\"https:\/\/occ21.vn\/facility\/\",\"name\":\"Facility - Oriental Commerce\",\"isPartOf\":{\"@id\":\"https:\/\/occ21.vn\/#website\"},\"datePublished\":\"2023-11-06T04:23:44+00:00\",\"dateModified\":\"2023-11-08T07:32:01+00:00\",\"breadcrumb\":{\"@id\":\"https:\/\/occ21.vn\/facility\/#breadcrumb\"},\"inLanguage\":\"vi\",\"potentialAction\":[{\"@type\":\"ReadAction\",\"target\":[\"https:\/\/occ21.vn\/facility\/\"]}]},{\"@type\":\"BreadcrumbList\",\"@id\":\"https:\/\/occ21.vn\/facility\/#breadcrumb\",\"itemListElement\":[{\"@type\":\"ListItem\",\"position\":1,\"name\":\"\",\"item\":\"https:\/\/occ21.vn\/\"},{\"@type\":\"ListItem\",\"position\":2,\"name\":\"Facility\"}]},{\"@type\":\"WebSite\",\"@id\":\"https:\/\/occ21.vn\/#website\",\"url\":\"https:\/\/occ21.vn\/\",\"name\":\"Oriental Commerce\",\"description\":\"\",\"potentialAction\":[{\"@type\":\"SearchAction\",\"target\":{\"@type\":\"EntryPoint\",\"urlTemplate\":\"https:\/\/occ21.vn\/?s={search_term_string}\"},\"query-input\":\"required name=search_term_string\"}],\"inLanguage\":\"vi\"}]}<\/script>\n<!-- \/ Yoast SEO plugin. -->","yoast_head_json":{"title":"Facility - Oriental Commerce","robots":{"index":"index","follow":"follow","max-snippet":"max-snippet:-1","max-image-preview":"max-image-preview:large","max-video-preview":"max-video-preview:-1"},"canonical":"https:\/\/occ21.vn\/vi\/facility\/","og_locale":"vi_VN","og_type":"article","og_title":"Facility - Oriental Commerce","og_url":"https:\/\/occ21.vn\/vi\/facility\/","og_site_name":"Oriental Commerce","article_modified_time":"2023-11-08T07:32:01+00:00","twitter_card":"summary_large_image","twitter_misc":{"\u01af\u1edbc t\u00ednh th\u1eddi gian \u0111\u1ecdc":"1 ph\u00fat"},"schema":{"@context":"https:\/\/schema.org","@graph":[{"@type":"WebPage","@id":"https:\/\/occ21.vn\/facility\/","url":"https:\/\/occ21.vn\/facility\/","name":"Facility - Oriental Commerce","isPartOf":{"@id":"https:\/\/occ21.vn\/#website"},"datePublished":"2023-11-06T04:23:44+00:00","dateModified":"2023-11-08T07:32:01+00:00","breadcrumb":{"@id":"https:\/\/occ21.vn\/facility\/#breadcrumb"},"inLanguage":"vi","potentialAction":[{"@type":"ReadAction","target":["https:\/\/occ21.vn\/facility\/"]}]},{"@type":"BreadcrumbList","@id":"https:\/\/occ21.vn\/facility\/#breadcrumb","itemListElement":[{"@type":"ListItem","position":1,"name":"","item":"https:\/\/occ21.vn\/"},{"@type":"ListItem","position":2,"name":"Facility"}]},{"@type":"WebSite","@id":"https:\/\/occ21.vn\/#website","url":"https:\/\/occ21.vn\/","name":"Oriental Commerce","description":"","potentialAction":[{"@type":"SearchAction","target":{"@type":"EntryPoint","urlTemplate":"https:\/\/occ21.vn\/?s={search_term_string}"},"query-input":"required name=search_term_string"}],"inLanguage":"vi"}]}},"_links":{"self":[{"href":"https:\/\/occ21.vn\/vi\/wp-json\/wp\/v2\/pages\/450"}],"collection":[{"href":"https:\/\/occ21.vn\/vi\/wp-json\/wp\/v2\/pages"}],"about":[{"href":"https:\/\/occ21.vn\/vi\/wp-json\/wp\/v2\/types\/page"}],"author":[{"embeddable":true,"href":"https:\/\/occ21.vn\/vi\/wp-json\/wp\/v2\/users\/1"}],"replies":[{"embeddable":true,"href":"https:\/\/occ21.vn\/vi\/wp-json\/wp\/v2\/comments?post=450"}],"version-history":[{"count":0,"href":"https:\/\/occ21.vn\/vi\/wp-json\/wp\/v2\/pages\/450\/revisions"}],"wp:attachment":[{"href":"https:\/\/occ21.vn\/vi\/wp-json\/wp\/v2\/media?parent=450"}],"curies":[{"name":"wp","href":"https:\/\/api.w.org\/{rel}","templated":true}]}}