{"id":671,"date":"2023-11-08T07:10:31","date_gmt":"2023-11-08T07:10:31","guid":{"rendered":"http:\/\/localhost\/about-us\/facility\/china-factory\/"},"modified":"2023-11-15T07:26:12","modified_gmt":"2023-11-15T07:26:12","slug":"china-factory","status":"publish","type":"page","link":"https:\/\/occ21.vn\/vi\/facility\/china-factory\/","title":{"rendered":"Nh\u00e0 m\u00e1y Trung Qu\u1ed1c"},"content":{"rendered":"<section class=\"section\" id=\"section_1454846372\">\n\t\t<div class=\"bg section-bg fill bg-fill bg-loaded bg-loaded\" >\n\n\t\t\t\n\t\t\t\n\t\t\t\n\n\t\t<\/div>\n\n\t\t\n\n\t\t<div class=\"section-content relative\">\n\t\t\t\n\n<div class=\"row row-collapse row-full-width\"  id=\"row-2102278599\">\n\n\n\t<div id=\"col-1318711016\" class=\"col small-12 large-12\"  >\n\t\t\t\t<div class=\"col-inner\"  >\n\t\t\t\n\t\t\t\n\n  <div id=\"page-header-1819403177\" class=\"page-header-wrapper\">\n  <div class=\"page-title dark featured-title\">\n\n        <div class=\"page-title-bg\">\n      <div class=\"title-bg fill bg-fill\"\n        data-parallax-container=\".page-title\"\n        data-parallax-background\n data-parallax=\"-\">\n      <\/div>\n      <div class=\"title-overlay fill\"><\/div>\n    <\/div>\n    \n    <div class=\"page-title-inner container align-center text-center flex-row-col medium-flex-wrap\" >\n              <div class=\"title-wrapper is-xlarge flex-col\">\n          <h1 class=\"entry-title mb-0\">\n            V\u1ec1 ch\u00fang t\u00f4i          <\/h1>\n        <\/div>\n                <div class=\"page-title-sub op-7 flex-col\">\n          <p class=\"lead\">Ch\u00fang t\u00f4i bi\u1ebfn gi\u1ea5c m\u01a1 c\u1ee7a b\u1ea1n th\u00e0nh hi\u1ec7n th\u1ef1c. ORIENTAL COMMERCE<\/p>\n        <\/div>\n                    <div class=\"title-content flex-col\">\n        <ul class=\"nav sm-touch-scroll nav-simple nav-uppercase text-center nav-center\"><li class=\"nav-single-page hidden\"><\/li><\/ul>      <\/div>\n    <\/div>\n\n     \n<style>\n#page-header-1819403177 .page-title-inner {\n  min-height: 200px;\n}\n#page-header-1819403177 .title-bg {\n  background-image: url(https:\/\/occ21.vn\/wp-content\/uploads\/2023\/11\/sub_top.jpg);\n}\n<\/style>\n  <\/div>\n    <\/div>\n  \n\n\n\t\t<\/div>\n\t\t\t\t\t<\/div>\n\n\t\n\n<\/div>\n<div class=\"row row-collapse\"  id=\"row-13090891\">\n\n\n\t<div id=\"col-658288126\" class=\"col small-12 large-12\"  >\n\t\t\t\t<div class=\"col-inner\"  >\n\t\t\t\n\t\t\t\n\n\n\n<html>\n\n<style>\n\n.wrapper {\n    \/* width: 300px; *\/\n    padding: 1%;\n   \/*  background-color: red; *\/\n    display: flex;\n    flex-direction: row;\n    justify-content: left;\n    align-items: center;\n  }\n  \n  .icon {\n\n  }\n  \n  .text {\n    margin: 10px;\n    font-weight: 700;\n    font-size: 2em\n  }\n\n@media only screen and (max-width: 600px) {\n    .wrapper{\n        width: auto;\n        justify-content: center;\n    }\n\n}\n\n\n<\/style>\n\n<body>\n\n    <div class=\"wrapper\">\n        <img decoding=\"async\" class=\"icon\" src=\"\/wp-content\/uploads\/2023\/11\/blt_tit1.gif\">\n        <span class=\"text\">Nh\u00e0 m\u00e1y Trung Qu\u1ed1c<\/span>\n    <\/div>\n\n\n<\/body>\n\n\n\n<\/html>\n\n\n\t\t<\/div>\n\t\t\t\t\t<\/div>\n\n\t\n\n\n<style>\n#row-13090891 > .col > .col-inner {\n  padding: 2% 2% 2% 2%;\n}\n<\/style>\n<\/div>\n<div class=\"row row-collapse\"  id=\"row-1860899467\">\n\n\n\t<div id=\"col-940812555\" class=\"col small-12 large-12\"  >\n\t\t\t\t<div class=\"col-inner\"  >\n\t\t\t\n\t\t\t\n\n<div class=\"row row-collapse\"  id=\"row-1547220925\">\n\n\n\t<div id=\"col-2030265954\" class=\"col medium-3 small-12 large-3\"  >\n\t\t\t\t<div class=\"col-inner text-center\"  >\n\t\t\t\n\t\t\t\n\n\t<div class=\"img has-hover x md-x lg-x y md-y lg-y\" id=\"image_1132291940\">\n\t\t\t\t\t\t\t\t<div class=\"img-inner dark\" >\n\t\t\t<img loading=\"lazy\" decoding=\"async\" width=\"171\" height=\"94\" src=\"https:\/\/occ21.vn\/wp-content\/uploads\/2023\/11\/facil_bg.gif\" class=\"attachment-original size-original\" alt=\"\" \/>\t\t\t\t\t\t\n\t\t\t\t\t<\/div>\n\t\t\t\t\t\t\t\t\n<style>\n#image_1132291940 {\n  width: 70%;\n}\n<\/style>\n\t<\/div>\n\t\n\n\n\t\t<\/div>\n\t\t\t\t\t<\/div>\n\n\t\n\n\t<div id=\"col-1001552535\" class=\"col medium-9 small-12 large-9\"  >\n\t\t\t\t<div class=\"col-inner text-left\"  >\n\t\t\t\n\t\t\t\n\n<h3>Oriental Commerce \u0111\u00e3 v\u1eadn h\u00e0nh c\u01a1 s\u1edf s\u1ea3n xu\u1ea5t c\u1ee7a ri\u00eang m\u00ecnh \u1edf Busan,<br \/>\nH\u00e0n Qu\u1ed1c v\u00e0 Thanh \u0110\u1ea3o, Trung Qu\u1ed1c.<\/h3>\n\n\t\t<\/div>\n\t\t\t\t\n<style>\n#col-1001552535 > .col-inner {\n  padding: 2% 2% 2% 2%;\n}\n<\/style>\n\t<\/div>\n\n\t\n\n<\/div>\n\n\t\t<\/div>\n\t\t\t\t\t<\/div>\n\n\t\n\n\t<div id=\"col-878344285\" class=\"col small-12 large-12\"  >\n\t\t\t\t<div class=\"col-inner\"  >\n\t\t\t\n\t\t\t\n\n\t<div id=\"gap-1710597835\" class=\"gap-element clearfix\" style=\"display:block; height:auto;\">\n\t\t\n<style>\n#gap-1710597835 {\n  padding-top: 20px;\n}\n<\/style>\n\t<\/div>\n\t\n\n<div class=\"nav-wrapper\"><ul class=\"nav nav-uppercase nav-horizontal nav-size-large nav-pills text-center nav-center\"><li class=\"\"><a href=\"https:\/\/occ21.vn\/vi\/facility\/korea-head-office-and-factory\/\">Tr\u1ee5 s\u1edf ch\u00ednh v\u00e0 Nh\u00e0 m\u00e1y H\u00e0n Qu\u1ed1c<\/a><\/li><li class=\"active\"><a href=\"https:\/\/occ21.vn\/vi\/facility\/china-factory\/\">Nh\u00e0 m\u00e1y Trung Qu\u1ed1c<\/a><\/li><li class=\"\"><a href=\"https:\/\/occ21.vn\/vi\/facility\/vietnam-factory\/\">Nh\u00e0 m\u00e1y Vi\u1ec7t Nam<\/a><\/li><\/ul><\/div>\n\n<div class=\"text-center\"><div class=\"is-divider divider clearfix\" style=\"max-width:1920px;height:1px;\"><\/div><\/div>\n\n<div class=\"row row-collapse\"  id=\"row-1698759301\">\n\n\n\t<div id=\"col-1084601414\" class=\"col medium-5 small-12 large-5\"  >\n\t\t\t\t<div class=\"col-inner\"  >\n\t\t\t\n\t\t\t\n\n\t<div class=\"img has-hover x md-x lg-x y md-y lg-y\" id=\"image_815746074\">\n\t\t\t\t\t\t\t\t<div class=\"img-inner dark\" >\n\t\t\t<img loading=\"lazy\" decoding=\"async\" width=\"12\" height=\"11\" src=\"https:\/\/occ21.vn\/wp-content\/uploads\/2023\/11\/facil_tit.gif\" class=\"attachment-original size-original\" alt=\"\" \/>\t\t\t\t\t\t\n\t\t\t\t\t<\/div>\n\t\t\t\t\t\t\t\t\n<style>\n#image_815746074 {\n  width: 3%;\n}\n@media (min-width:550px) {\n  #image_815746074 {\n    width: 4%;\n  }\n}\n<\/style>\n\t<\/div>\n\t\n\n<div class=\"container section-title-container\" ><h1 class=\"section-title section-title-normal\"><b><\/b><span class=\"section-title-main\" >Nh\u00e0 m\u00e1y Trung Qu\u1ed1c<\/span><b><\/b><\/h1><\/div>\n\n\n\n<!DOCTYPE html>\n<html>\n<head>\n<style>\ntable {\n    border-collapse: collapse;\n    border-bottom: 1px solid #fff\n}\n\ntd, th {\n    border-bottom: 1px solid #fff;\n    text-align: left;\n    padding: 8px;\n}\n\ntr:nth-child(even) {\n\n}\n<\/style>\n<\/head>\n<body>\n\n<table>\n  <tr>\n    <td style=\"font-weight:bold\">\u2022 \u0110\u1ecba ch\u1ec9<\/td>\n    <td>#778 Jeonsanga-go, Hwangdao, Thanh \u0110\u1ea3o, Trung Qu\u1ed1c<\/td>\n  <\/tr>\n  <tr>\n    <td style=\"font-weight:bold\">\u2022 \u0110i\u1ec7n tho\u1ea1i<\/td>\n    <td>+86-532-8615-7656<\/td>\n  <\/tr>\n  <tr>\n    <td style=\"font-weight:bold\">\u2022C\u00e1c s\u1ea3n ph\u1ea9m<\/td>\n    <td>M\u00e0ng ch\u1eafn, Film nh\u1ef1a, Drop Sheet, B\u00eca nh\u1ef1a, Khu\u00f4n nh\u1ef1a<\/td>\n  <\/tr>\n<\/table>\n\n<\/body>\n<\/html>\n\n<div class=\"is-divider divider clearfix\" style=\"max-width:400px;\"><\/div>\n\n\n\t\t<\/div>\n\t\t\t\t\n<style>\n#col-1084601414 > .col-inner {\n  padding: 2% 2% 2% 2%;\n}\n<\/style>\n\t<\/div>\n\n\t\n\n\t<div id=\"col-1295112541\" class=\"col medium-7 small-12 large-7\"  >\n\t\t\t\t<div class=\"col-inner\"  >\n\t\t\t\n\t\t\t\n\n\n\n<div style=\"padding:56.25% 0 0 0;position:relative;\"><iframe src=\"https:\/\/player.vimeo.com\/video\/167851868?h=593fe5064c&#038;autoplay=1&#038;loop=1&#038;title=0&#038;byline=0&#038;portrait=0\" style=\"position:absolute;top:0;left:0;width:100%;height:100%;\" frameborder=\"0\" allow=\"autoplay; fullscreen; picture-in-picture\" allowfullscreen><\/iframe><\/div><script src=\"https:\/\/player.vimeo.com\/api\/player.js\"><\/script>\n\n\n\t\t<\/div>\n\t\t\t\t\n<style>\n#col-1295112541 > .col-inner {\n  padding: 0px 0px 0px 20px;\n  margin: 0px 0px 0px 0px;\n}\n<\/style>\n\t<\/div>\n\n\t\n\n\n<style>\n#row-1698759301 > .col > .col-inner {\n  padding: 2% 2% 2% 2%;\n}\n<\/style>\n<\/div>\n\n\t\t<\/div>\n\t\t\t\t\t<\/div>\n\n\t\n\n<\/div>\n\n\t\t<\/div>\n\n\t\t\n<style>\n#section_1454846372 {\n  padding-top: 0px;\n  padding-bottom: 0px;\n}\n<\/style>\n\t<\/section>","protected":false},"excerpt":{"rendered":"","protected":false},"author":1,"featured_media":0,"parent":450,"menu_order":131,"comment_status":"closed","ping_status":"closed","template":"page-blank.php","meta":{"footnotes":""},"yoast_head":"<!-- This site is optimized with the Yoast SEO plugin v22.6 - https:\/\/yoast.com\/wordpress\/plugins\/seo\/ -->\n<title>China Factory - Oriental Commerce<\/title>\n<meta name=\"robots\" content=\"index, follow, max-snippet:-1, max-image-preview:large, max-video-preview:-1\" \/>\n<link rel=\"canonical\" href=\"https:\/\/occ21.vn\/vi\/facility\/china-factory\/\" \/>\n<meta property=\"og:locale\" content=\"vi_VN\" \/>\n<meta property=\"og:type\" content=\"article\" \/>\n<meta property=\"og:title\" content=\"China Factory - Oriental Commerce\" \/>\n<meta property=\"og:url\" content=\"https:\/\/occ21.vn\/vi\/facility\/china-factory\/\" \/>\n<meta property=\"og:site_name\" content=\"Oriental Commerce\" \/>\n<meta property=\"article:modified_time\" content=\"2023-11-15T07:26:12+00:00\" \/>\n<meta name=\"twitter:card\" content=\"summary_large_image\" \/>\n<meta name=\"twitter:label1\" content=\"\u01af\u1edbc t\u00ednh th\u1eddi gian \u0111\u1ecdc\" \/>\n\t<meta name=\"twitter:data1\" content=\"1 ph\u00fat\" \/>\n<script type=\"application\/ld+json\" class=\"yoast-schema-graph\">{\"@context\":\"https:\/\/schema.org\",\"@graph\":[{\"@type\":\"WebPage\",\"@id\":\"https:\/\/occ21.vn\/facility\/china-factory\/\",\"url\":\"https:\/\/occ21.vn\/facility\/china-factory\/\",\"name\":\"China Factory - Oriental Commerce\",\"isPartOf\":{\"@id\":\"https:\/\/occ21.vn\/#website\"},\"datePublished\":\"2023-11-08T07:10:31+00:00\",\"dateModified\":\"2023-11-15T07:26:12+00:00\",\"breadcrumb\":{\"@id\":\"https:\/\/occ21.vn\/facility\/china-factory\/#breadcrumb\"},\"inLanguage\":\"vi\",\"potentialAction\":[{\"@type\":\"ReadAction\",\"target\":[\"https:\/\/occ21.vn\/facility\/china-factory\/\"]}]},{\"@type\":\"BreadcrumbList\",\"@id\":\"https:\/\/occ21.vn\/facility\/china-factory\/#breadcrumb\",\"itemListElement\":[{\"@type\":\"ListItem\",\"position\":1,\"name\":\"\",\"item\":\"https:\/\/occ21.vn\/\"},{\"@type\":\"ListItem\",\"position\":2,\"name\":\"Facility\",\"item\":\"https:\/\/occ21.vn\/facility\/\"},{\"@type\":\"ListItem\",\"position\":3,\"name\":\"China Factory\"}]},{\"@type\":\"WebSite\",\"@id\":\"https:\/\/occ21.vn\/#website\",\"url\":\"https:\/\/occ21.vn\/\",\"name\":\"Oriental Commerce\",\"description\":\"\",\"potentialAction\":[{\"@type\":\"SearchAction\",\"target\":{\"@type\":\"EntryPoint\",\"urlTemplate\":\"https:\/\/occ21.vn\/?s={search_term_string}\"},\"query-input\":\"required name=search_term_string\"}],\"inLanguage\":\"vi\"}]}<\/script>\n<!-- \/ Yoast SEO plugin. -->","yoast_head_json":{"title":"China Factory - Oriental Commerce","robots":{"index":"index","follow":"follow","max-snippet":"max-snippet:-1","max-image-preview":"max-image-preview:large","max-video-preview":"max-video-preview:-1"},"canonical":"https:\/\/occ21.vn\/vi\/facility\/china-factory\/","og_locale":"vi_VN","og_type":"article","og_title":"China Factory - Oriental Commerce","og_url":"https:\/\/occ21.vn\/vi\/facility\/china-factory\/","og_site_name":"Oriental Commerce","article_modified_time":"2023-11-15T07:26:12+00:00","twitter_card":"summary_large_image","twitter_misc":{"\u01af\u1edbc t\u00ednh th\u1eddi gian \u0111\u1ecdc":"1 ph\u00fat"},"schema":{"@context":"https:\/\/schema.org","@graph":[{"@type":"WebPage","@id":"https:\/\/occ21.vn\/facility\/china-factory\/","url":"https:\/\/occ21.vn\/facility\/china-factory\/","name":"China Factory - Oriental Commerce","isPartOf":{"@id":"https:\/\/occ21.vn\/#website"},"datePublished":"2023-11-08T07:10:31+00:00","dateModified":"2023-11-15T07:26:12+00:00","breadcrumb":{"@id":"https:\/\/occ21.vn\/facility\/china-factory\/#breadcrumb"},"inLanguage":"vi","potentialAction":[{"@type":"ReadAction","target":["https:\/\/occ21.vn\/facility\/china-factory\/"]}]},{"@type":"BreadcrumbList","@id":"https:\/\/occ21.vn\/facility\/china-factory\/#breadcrumb","itemListElement":[{"@type":"ListItem","position":1,"name":"","item":"https:\/\/occ21.vn\/"},{"@type":"ListItem","position":2,"name":"Facility","item":"https:\/\/occ21.vn\/facility\/"},{"@type":"ListItem","position":3,"name":"China Factory"}]},{"@type":"WebSite","@id":"https:\/\/occ21.vn\/#website","url":"https:\/\/occ21.vn\/","name":"Oriental Commerce","description":"","potentialAction":[{"@type":"SearchAction","target":{"@type":"EntryPoint","urlTemplate":"https:\/\/occ21.vn\/?s={search_term_string}"},"query-input":"required name=search_term_string"}],"inLanguage":"vi"}]}},"_links":{"self":[{"href":"https:\/\/occ21.vn\/vi\/wp-json\/wp\/v2\/pages\/671"}],"collection":[{"href":"https:\/\/occ21.vn\/vi\/wp-json\/wp\/v2\/pages"}],"about":[{"href":"https:\/\/occ21.vn\/vi\/wp-json\/wp\/v2\/types\/page"}],"author":[{"embeddable":true,"href":"https:\/\/occ21.vn\/vi\/wp-json\/wp\/v2\/users\/1"}],"replies":[{"embeddable":true,"href":"https:\/\/occ21.vn\/vi\/wp-json\/wp\/v2\/comments?post=671"}],"version-history":[{"count":0,"href":"https:\/\/occ21.vn\/vi\/wp-json\/wp\/v2\/pages\/671\/revisions"}],"up":[{"embeddable":true,"href":"https:\/\/occ21.vn\/vi\/wp-json\/wp\/v2\/pages\/450"}],"wp:attachment":[{"href":"https:\/\/occ21.vn\/vi\/wp-json\/wp\/v2\/media?parent=671"}],"curies":[{"name":"wp","href":"https:\/\/api.w.org\/{rel}","templated":true}]}}