{"id":855,"date":"2023-11-11T10:58:09","date_gmt":"2023-11-11T10:58:09","guid":{"rendered":"http:\/\/localhost\/?post_type=product&#038;p=855"},"modified":"2023-11-12T11:32:23","modified_gmt":"2023-11-12T11:32:23","slug":"economical-packaging-cloth-tape-ct207b","status":"publish","type":"product","link":"https:\/\/occ21.vn\/vi\/san-pham\/economical-packaging-cloth-tape-ct207b\/","title":{"rendered":"B\u0103ng v\u1ea3i \u0111\u00f3ng g\u00f3i ti\u1ebft ki\u1ec7m CT207B"},"content":{"rendered":"<div class=\"prod-vtop-info\"><!--\n\n\n<h4 class=\"c-tit01\"><\/h4>\n\n\n--><\/p>\n<div class=\"sgap\"><\/div>\n<div class=\"pinfo-list-wr\">\n<dl class=\"pinfo-list\">\n<dt class=\"ptit\">T\u00ednh n\u0103ng<\/dt>\n<dd class=\"ptxt\">\n<ul class=\"c-list01\">\n<li>A cloth carrier is coated with natural rubber adhesive.<\/li>\n<li>Excellent hand-tear.<\/li>\n<li>This tape gives good work efficiency with less unwinding force.<\/li>\n<li>In various colors, this tape is available for a multi purposes such as identifying and packaging.<\/li>\n<\/ul>\n<\/dd>\n<\/dl>\n<dl class=\"pinfo-list\">\n<dt class=\"ptit\">\u1ee8ng d\u1ee5ng<\/dt>\n<dd class=\"ptxt\">\n<ul class=\"c-list01\">\n<li>Packaging boxes of light and heavy objects.<\/li>\n<li>Identification marks and packaging.<\/li>\n<\/ul>\n<\/dd>\n<\/dl>\n<dl class=\"pinfo-list\">\n<dt class=\"ptit\">M\u00e0u s\u1eafc<\/dt>\n<dd class=\"ptxt\">\n<ul class=\"prod-color-list\">\n<li><span style=\"background-color: #cc6600;\">\u00a0 \u00a0 \u00a0<\/span>\u00a0\u00a0Brown<\/li>\n<li><span style=\"background-color: #d9d9d9;\">\u00a0 \u00a0 \u00a0<\/span>\u00a0\u00a0X\u00e1m<\/li>\n<li><span style=\"background-color: #000000;\">\u00a0 \u00a0 \u00a0<\/span> \u00a0\u0110en<\/li>\n<li><span style=\"background-color: #ff0000;\">\u00a0 \u00a0\u00a0\u00a0<\/span>\u00a0 Red<\/li>\n<li><span style=\"background-color: #0033cc;\">\u00a0 \u00a0 \u00a0<\/span> \u00a0Dark Blue<\/li>\n<li><span style=\"background-color: #ff6699;\">\u00a0 \u00a0 \u00a0<\/span> \u00a0Pink<\/li>\n<li><span style=\"background-color: #808080;\">\u00a0 \u00a0 \u00a0<\/span>\u00a0 Silver<\/li>\n<li><span style=\"background-color: #fdfd03;\">\u00a0 \u00a0 \u00a0<\/span>\u00a0\u00a0M\u00e0u v\u00e0ng<\/li>\n<\/ul>\n<p class=\"mg10t f12 tlh130\">\u203b C\u00f3 th\u1ec3 c\u00f3 c\u00e1c m\u00e0u kh\u00e1c<\/p>\n<\/dd>\n<\/dl>\n<dl class=\"pinfo-list\">\n<dt class=\"ptit\">S\u1ef1 ch\u1ec9 r\u00f5<\/dt>\n<dd class=\"ptxt\">\n<div class=\"pinfo-tbl-wr\">\n<table class=\"tbl-prod-s2 tbl-prod-dft\">\n<colgroup>\n<col class=\"fld1\" \/>\n<col class=\"fld2\" \/>\n<col class=\"fld3\" \/>\n<col class=\"fld4\" \/>\n<col class=\"fld5\" \/> <\/colgroup>\n<thead>\n<tr>\n<th scope=\"col\">Ngh\u1ec7 thu\u1eadt.<\/th>\n<th scope=\"col\">V\u1eadn chuy\u1ec3n<\/th>\n<th scope=\"col\">Lo\u1ea1i keo<\/th>\n<th scope=\"col\" class=\" translation-block\">Total Thickness<br>\r\n<span class=\"stxt\">(mm)<\/span><\/th>\n<th scope=\"col\" class=\" translation-block\">Adhesion to Stainless Steel<br>\r\n<span class=\"stxt\">(N\/25mm)<\/span><\/th>\n<\/tr>\n<\/thead>\n<tbody>\n<tr>\n<td class=\"fld1\">CT207B<\/td>\n<td class=\"fld2\">V\u1ea3i<\/td>\n<td class=\"fld2\">Cao su t\u1ef1 nhi\u00ean<\/td>\n<td class=\"fld2\">0.2<\/td>\n<td class=\"fld2\">19<\/td>\n<\/tr>\n<\/tbody>\n<\/table>\n<\/div>\n<\/dd>\n<\/dl>\n<dl class=\"pinfo-list\">\n<dt class=\"ptit\">K\u00edch th\u01b0\u1edbc\/G\u00f3i<\/dt>\n<dd class=\"ptxt\">\n<div class=\"pinfo-tbl-wr\">\n<table class=\"tbl-prod-s2 tbl-prod-size\">\n<colgroup>\n<col class=\"fld1\" \/>\n<col class=\"fld2\" \/>\n<col class=\"fld3\" \/>\n<col class=\"fld4\" \/>\n<col class=\"fld5\" \/> <\/colgroup>\n<thead>\n<tr>\n<th colspan=\"2\" scope=\"col\">K\u00edch c\u1ee1<\/th>\n<th rowspan=\"2\" scope=\"col\">B\u01b0u ki\u1ec7n<\/th>\n<th rowspan=\"2\" scope=\"col\">S\u1ed1 l\u01b0\u1ee3ng(#)<\/th>\n<\/tr>\n<tr>\n<th scope=\"col\">Chi\u1ec1u r\u1ed9ng (mm)<\/th>\n<th scope=\"col\">Chi\u1ec1u d\u00e0i (m)<\/th>\n<\/tr>\n<\/thead>\n<tbody>\n<tr>\n<td class=\"fld1\">50<\/td>\n<td class=\"fld2\">25<\/td>\n<td class=\"fld3 translation-block\">Pillow Packing\/<br>\r\nShrink Wrapping<\/td>\n<td class=\"fld2\">30<\/td>\n<\/tr>\n<\/tbody>\n<\/table>\n<p>\u203b C\u00f3 th\u1ec3 c\u00f3 c\u00e1c k\u00edch th\u01b0\u1edbc kh\u00e1c<\/p>\n<\/div>\n<\/dd>\n<\/dl>\n<\/div>\n<p>&nbsp;<\/p>\n<\/div>","protected":false},"excerpt":{"rendered":"<p>Feature A cloth carrier is coated with natural rubber adhesive. Excellent hand-tear. This tape gives good work efficiency with less unwinding force. In various colors, this tape is available for a multi purposes such as identifying and packaging. Application Packaging boxes of light and heavy objects. Identification marks and packaging. Color \u00a0 \u00a0 \u00a0\u00a0\u00a0Brown \u00a0 [&#8230;]","protected":false},"featured_media":858,"template":"","meta":[],"product_cat":[152,161,164,165,160],"product_tag":[],"yoast_head":"<!-- This site is optimized with the Yoast SEO plugin v22.6 - https:\/\/yoast.com\/wordpress\/plugins\/seo\/ -->\n<title>Economical Packaging Cloth Tape  CT207B - Oriental Commerce<\/title>\n<meta name=\"robots\" content=\"index, follow, max-snippet:-1, max-image-preview:large, max-video-preview:-1\" \/>\n<link rel=\"canonical\" href=\"https:\/\/occ21.vn\/vi\/san-pham\/economical-packaging-cloth-tape-ct207b\/\" \/>\n<meta property=\"og:locale\" content=\"vi_VN\" \/>\n<meta property=\"og:type\" content=\"article\" \/>\n<meta property=\"og:title\" content=\"Economical Packaging Cloth Tape  CT207B - Oriental Commerce\" \/>\n<meta property=\"og:description\" content=\"Feature A cloth carrier is coated with natural rubber adhesive. Excellent hand-tear. This tape gives good work efficiency with less unwinding force. In various colors, this tape is available for a multi purposes such as identifying and packaging. Application Packaging boxes of light and heavy objects. Identification marks and packaging. Color \u00a0 \u00a0 \u00a0\u00a0\u00a0Brown \u00a0 [...]\" \/>\n<meta property=\"og:url\" content=\"https:\/\/occ21.vn\/vi\/san-pham\/economical-packaging-cloth-tape-ct207b\/\" \/>\n<meta property=\"og:site_name\" content=\"Oriental Commerce\" \/>\n<meta property=\"article:modified_time\" content=\"2023-11-12T11:32:23+00:00\" \/>\n<meta property=\"og:image\" content=\"https:\/\/occ21.vn\/wp-content\/uploads\/2023\/11\/Economical-Packaging-Cloth-Tape-CT207B-2.jpg\" \/>\n\t<meta property=\"og:image:width\" content=\"400\" \/>\n\t<meta property=\"og:image:height\" content=\"400\" \/>\n\t<meta property=\"og:image:type\" content=\"image\/jpeg\" \/>\n<meta name=\"twitter:card\" content=\"summary_large_image\" \/>\n<meta name=\"twitter:label1\" content=\"\u01af\u1edbc t\u00ednh th\u1eddi gian \u0111\u1ecdc\" \/>\n\t<meta name=\"twitter:data1\" content=\"1 ph\u00fat\" \/>\n<script type=\"application\/ld+json\" class=\"yoast-schema-graph\">{\"@context\":\"https:\/\/schema.org\",\"@graph\":[{\"@type\":\"WebPage\",\"@id\":\"https:\/\/occ21.vn\/product\/economical-packaging-cloth-tape-ct207b\/\",\"url\":\"https:\/\/occ21.vn\/product\/economical-packaging-cloth-tape-ct207b\/\",\"name\":\"Economical Packaging Cloth Tape CT207B - Oriental Commerce\",\"isPartOf\":{\"@id\":\"https:\/\/occ21.vn\/#website\"},\"primaryImageOfPage\":{\"@id\":\"https:\/\/occ21.vn\/product\/economical-packaging-cloth-tape-ct207b\/#primaryimage\"},\"image\":{\"@id\":\"https:\/\/occ21.vn\/product\/economical-packaging-cloth-tape-ct207b\/#primaryimage\"},\"thumbnailUrl\":\"https:\/\/occ21.vn\/wp-content\/uploads\/2023\/11\/Economical-Packaging-Cloth-Tape-CT207B-2.jpg\",\"datePublished\":\"2023-11-11T10:58:09+00:00\",\"dateModified\":\"2023-11-12T11:32:23+00:00\",\"breadcrumb\":{\"@id\":\"https:\/\/occ21.vn\/product\/economical-packaging-cloth-tape-ct207b\/#breadcrumb\"},\"inLanguage\":\"vi\",\"potentialAction\":[{\"@type\":\"ReadAction\",\"target\":[\"https:\/\/occ21.vn\/product\/economical-packaging-cloth-tape-ct207b\/\"]}]},{\"@type\":\"ImageObject\",\"inLanguage\":\"vi\",\"@id\":\"https:\/\/occ21.vn\/product\/economical-packaging-cloth-tape-ct207b\/#primaryimage\",\"url\":\"https:\/\/occ21.vn\/wp-content\/uploads\/2023\/11\/Economical-Packaging-Cloth-Tape-CT207B-2.jpg\",\"contentUrl\":\"https:\/\/occ21.vn\/wp-content\/uploads\/2023\/11\/Economical-Packaging-Cloth-Tape-CT207B-2.jpg\",\"width\":400,\"height\":400},{\"@type\":\"BreadcrumbList\",\"@id\":\"https:\/\/occ21.vn\/product\/economical-packaging-cloth-tape-ct207b\/#breadcrumb\",\"itemListElement\":[{\"@type\":\"ListItem\",\"position\":1,\"name\":\"\",\"item\":\"https:\/\/occ21.vn\/\"},{\"@type\":\"ListItem\",\"position\":2,\"name\":\"Shop\",\"item\":\"https:\/\/occ21.vn\/shop\/\"},{\"@type\":\"ListItem\",\"position\":3,\"name\":\"Economical Packaging Cloth Tape CT207B\"}]},{\"@type\":\"WebSite\",\"@id\":\"https:\/\/occ21.vn\/#website\",\"url\":\"https:\/\/occ21.vn\/\",\"name\":\"Oriental Commerce\",\"description\":\"\",\"potentialAction\":[{\"@type\":\"SearchAction\",\"target\":{\"@type\":\"EntryPoint\",\"urlTemplate\":\"https:\/\/occ21.vn\/?s={search_term_string}\"},\"query-input\":\"required name=search_term_string\"}],\"inLanguage\":\"vi\"}]}<\/script>\n<!-- \/ Yoast SEO plugin. -->","yoast_head_json":{"title":"Economical Packaging Cloth Tape  CT207B - Oriental Commerce","robots":{"index":"index","follow":"follow","max-snippet":"max-snippet:-1","max-image-preview":"max-image-preview:large","max-video-preview":"max-video-preview:-1"},"canonical":"https:\/\/occ21.vn\/vi\/san-pham\/economical-packaging-cloth-tape-ct207b\/","og_locale":"vi_VN","og_type":"article","og_title":"Economical Packaging Cloth Tape  CT207B - Oriental Commerce","og_description":"Feature A cloth carrier is coated with natural rubber adhesive. Excellent hand-tear. This tape gives good work efficiency with less unwinding force. In various colors, this tape is available for a multi purposes such as identifying and packaging. Application Packaging boxes of light and heavy objects. Identification marks and packaging. Color \u00a0 \u00a0 \u00a0\u00a0\u00a0Brown \u00a0 [...]","og_url":"https:\/\/occ21.vn\/vi\/san-pham\/economical-packaging-cloth-tape-ct207b\/","og_site_name":"Oriental Commerce","article_modified_time":"2023-11-12T11:32:23+00:00","og_image":[{"width":400,"height":400,"url":"https:\/\/occ21.vn\/wp-content\/uploads\/2023\/11\/Economical-Packaging-Cloth-Tape-CT207B-2.jpg","type":"image\/jpeg"}],"twitter_card":"summary_large_image","twitter_misc":{"\u01af\u1edbc t\u00ednh th\u1eddi gian \u0111\u1ecdc":"1 ph\u00fat"},"schema":{"@context":"https:\/\/schema.org","@graph":[{"@type":"WebPage","@id":"https:\/\/occ21.vn\/product\/economical-packaging-cloth-tape-ct207b\/","url":"https:\/\/occ21.vn\/product\/economical-packaging-cloth-tape-ct207b\/","name":"Economical Packaging Cloth Tape CT207B - Oriental Commerce","isPartOf":{"@id":"https:\/\/occ21.vn\/#website"},"primaryImageOfPage":{"@id":"https:\/\/occ21.vn\/product\/economical-packaging-cloth-tape-ct207b\/#primaryimage"},"image":{"@id":"https:\/\/occ21.vn\/product\/economical-packaging-cloth-tape-ct207b\/#primaryimage"},"thumbnailUrl":"https:\/\/occ21.vn\/wp-content\/uploads\/2023\/11\/Economical-Packaging-Cloth-Tape-CT207B-2.jpg","datePublished":"2023-11-11T10:58:09+00:00","dateModified":"2023-11-12T11:32:23+00:00","breadcrumb":{"@id":"https:\/\/occ21.vn\/product\/economical-packaging-cloth-tape-ct207b\/#breadcrumb"},"inLanguage":"vi","potentialAction":[{"@type":"ReadAction","target":["https:\/\/occ21.vn\/product\/economical-packaging-cloth-tape-ct207b\/"]}]},{"@type":"ImageObject","inLanguage":"vi","@id":"https:\/\/occ21.vn\/product\/economical-packaging-cloth-tape-ct207b\/#primaryimage","url":"https:\/\/occ21.vn\/wp-content\/uploads\/2023\/11\/Economical-Packaging-Cloth-Tape-CT207B-2.jpg","contentUrl":"https:\/\/occ21.vn\/wp-content\/uploads\/2023\/11\/Economical-Packaging-Cloth-Tape-CT207B-2.jpg","width":400,"height":400},{"@type":"BreadcrumbList","@id":"https:\/\/occ21.vn\/product\/economical-packaging-cloth-tape-ct207b\/#breadcrumb","itemListElement":[{"@type":"ListItem","position":1,"name":"","item":"https:\/\/occ21.vn\/"},{"@type":"ListItem","position":2,"name":"Shop","item":"https:\/\/occ21.vn\/shop\/"},{"@type":"ListItem","position":3,"name":"Economical Packaging Cloth Tape CT207B"}]},{"@type":"WebSite","@id":"https:\/\/occ21.vn\/#website","url":"https:\/\/occ21.vn\/","name":"Oriental Commerce","description":"","potentialAction":[{"@type":"SearchAction","target":{"@type":"EntryPoint","urlTemplate":"https:\/\/occ21.vn\/?s={search_term_string}"},"query-input":"required name=search_term_string"}],"inLanguage":"vi"}]}},"_links":{"self":[{"href":"https:\/\/occ21.vn\/vi\/wp-json\/wp\/v2\/product\/855"}],"collection":[{"href":"https:\/\/occ21.vn\/vi\/wp-json\/wp\/v2\/product"}],"about":[{"href":"https:\/\/occ21.vn\/vi\/wp-json\/wp\/v2\/types\/product"}],"wp:featuredmedia":[{"embeddable":true,"href":"https:\/\/occ21.vn\/vi\/wp-json\/wp\/v2\/media\/858"}],"wp:attachment":[{"href":"https:\/\/occ21.vn\/vi\/wp-json\/wp\/v2\/media?parent=855"}],"wp:term":[{"taxonomy":"product_cat","embeddable":true,"href":"https:\/\/occ21.vn\/vi\/wp-json\/wp\/v2\/product_cat?post=855"},{"taxonomy":"product_tag","embeddable":true,"href":"https:\/\/occ21.vn\/vi\/wp-json\/wp\/v2\/product_tag?post=855"}],"curies":[{"name":"wp","href":"https:\/\/api.w.org\/{rel}","templated":true}]}}