{"id":859,"date":"2023-11-11T11:00:27","date_gmt":"2023-11-11T11:00:27","guid":{"rendered":"http:\/\/localhost\/?post_type=product&#038;p=859"},"modified":"2024-10-28T07:58:07","modified_gmt":"2024-10-28T00:58:07","slug":"double-layer-cloth-tape-for-masking-ct213uv","status":"publish","type":"product","link":"https:\/\/occ21.vn\/vi\/san-pham\/double-layer-cloth-tape-for-masking-ct213uv\/","title":{"rendered":"B\u0103ng v\u1ea3i hai l\u1edbp \u0111\u1ec3 che ch\u1eafn CT213UV"},"content":{"rendered":"<div class=\"prod-vtop-info\">\n<p><!--\n\n\n<h4 class=\"c-tit01\"><\/h4>\n\n\n--><\/p>\n<div class=\"sgap\"><\/div>\n<div class=\"pinfo-list-wr\">\n<dl class=\"pinfo-list\">\n<dt class=\"ptit\">T\u00ednh n\u0103ng<\/dt>\n<dd class=\"ptxt\">\n<ul class=\"c-list01\">\n<li>Ch\u1ea5t mang v\u1ea3i \u0111\u01b0\u1ee3c ph\u1ee7 b\u1eb1ng keo cao su t\u1ef1 nhi\u00ean b\u1eb1ng nh\u1ef1a c\u00f3 c\u00f4ng th\u1ee9c \u0111\u1eb7c bi\u1ec7t.<\/li>\n<li>B\u1ec1 m\u1eb7t v\u1ea3i nhi\u1ec1u l\u1edbp \u0111\u01b0\u1ee3c x\u1eed l\u00fd b\u1eb1ng l\u1edbp Double PE.<\/li>\n<li>Ng\u0103n ng\u1eeba c\u1eb7n b\u00e1m d\u00ednh tr\u00ean c\u00e1c b\u1ec1 m\u1eb7t g\u1eafn ngo\u00e0i tr\u1eddi k\u00e9o d\u00e0i trong 6 tu\u1ea7n.<\/li>\n<\/ul>\n<\/dd>\n<\/dl>\n<dl class=\"pinfo-list\">\n<dt class=\"ptit\">\u1ee8ng d\u1ee5ng<\/dt>\n<dd class=\"ptxt\">\n<ul class=\"c-list01\">\n<li>M\u1eb7t n\u1ea1 cho t\u00f2a nh\u00e0 s\u01a1n.<\/li>\n<li>C\u1ed1 \u0111\u1ecbnh v\u1eadt li\u1ec7u che ch\u1eafn khi s\u01a1n ngo\u00e0i tr\u1eddi.<\/li>\n<\/ul>\n<\/dd>\n<\/dl>\n<dl class=\"pinfo-list\">\n<dt class=\"ptit\">M\u00e0u s\u1eafc<\/dt>\n<dd class=\"ptxt\">\n<ul class=\"prod-color-list\">\n<li><span style=\"background-color: #00cc00;\">\u00a0 \u00a0 \u00a0<\/span>\u00a0 M\u00e0u xanh l\u1ee3t<\/li>\n<li><span style=\"background-color: #00b0f0;\">\u00a0 \u00a0 \u00a0<\/span> \u00a0Xanh nh\u1ea1t<\/li>\n<li><span style=\"color: #999999; background-color: #999999;\">\u00a0 \u00a0 \u00a0<\/span>\u00a0\u00a0X\u00e1m<\/li>\n<li><span style=\"background-color: #000000;\">\u00a0 \u00a0\u00a0\u00a0<\/span>\u00a0\u0110en<\/li>\n<\/ul>\n<p class=\"mg10t f12 tlh130\">\u203b C\u00f3 th\u1ec3 c\u00f3 c\u00e1c m\u00e0u kh\u00e1c<\/p>\n<\/dd>\n<\/dl>\n<dl class=\"pinfo-list\">\n<dt class=\"ptit\">S\u1ef1 ch\u1ec9 r\u00f5<\/dt>\n<dd class=\"ptxt\">\n<div class=\"pinfo-tbl-wr\">\n<table class=\"tbl-prod-s2 tbl-prod-dft\">\n<colgroup>\n<col class=\"fld1\" \/>\n<col class=\"fld2\" \/>\n<col class=\"fld3\" \/>\n<col class=\"fld4\" \/>\n<col class=\"fld5\" \/> <\/colgroup>\n<thead>\n<tr>\n<th scope=\"col\">Ngh\u1ec7 thu\u1eadt.<\/th>\n<th scope=\"col\">V\u1eadn chuy\u1ec3n<\/th>\n<th scope=\"col\">Lo\u1ea1i keo<\/th>\n<th scope=\"col\" class=\" translation-block\">Total Thickness<br>\r\n<span class=\"stxt\">(mm)<\/span><\/th>\n<th scope=\"col\" class=\" translation-block\">Adhesion to Stainless Steel<br>\r\n<span class=\"stxt\">(N\/25mm)<\/span><\/th>\n<\/tr>\n<\/thead>\n<tbody>\n<tr>\n<td class=\"fld1\">CT213UV<\/td>\n<td class=\"fld2\">V\u1ea3i<\/td>\n<td class=\"fld2\">Cao su t\u1ef1 nhi\u00ean<\/td>\n<td class=\"fld2\">0.33<\/td>\n<td class=\"fld2\">8<\/td>\n<\/tr>\n<\/tbody>\n<\/table>\n<\/div>\n<\/dd>\n<\/dl>\n<dl class=\"pinfo-list\">\n<dt class=\"ptit\">K\u00edch th\u01b0\u1edbc\/G\u00f3i<\/dt>\n<dd class=\"ptxt\">\n<div class=\"pinfo-tbl-wr\">\n<table class=\"tbl-prod-s2 tbl-prod-size\">\n<colgroup>\n<col class=\"fld1\" \/>\n<col class=\"fld2\" \/>\n<col class=\"fld3\" \/>\n<col class=\"fld4\" \/>\n<col class=\"fld5\" \/> <\/colgroup>\n<thead>\n<tr>\n<th colspan=\"2\" scope=\"col\">K\u00edch c\u1ee1<\/th>\n<th rowspan=\"2\" scope=\"col\">B\u01b0u ki\u1ec7n<\/th>\n<th rowspan=\"2\" scope=\"col\">S\u1ed1 l\u01b0\u1ee3ng(#)<\/th>\n<\/tr>\n<tr>\n<th scope=\"col\">Chi\u1ec1u r\u1ed9ng (mm)<\/th>\n<th scope=\"col\">Chi\u1ec1u d\u00e0i (m)<\/th>\n<\/tr>\n<\/thead>\n<tbody>\n<tr>\n<td class=\"fld1\">50<\/td>\n<td class=\"fld2\">50<\/td>\n<td class=\"fld3\">\u0110\u00f3ng g\u00f3i g\u1ed1i<\/td>\n<td class=\"fld2\">24<\/td>\n<\/tr>\n<\/tbody>\n<\/table>\n<p>\u203b C\u00f3 th\u1ec3 c\u00f3 c\u00e1c k\u00edch th\u01b0\u1edbc kh\u00e1c<\/p>\n<\/div>\n<\/dd>\n<\/dl>\n<\/div>\n<p>&nbsp;<\/p>\n<\/div>","protected":false},"excerpt":{"rendered":"<p>Feature Cloth carrier is coated with specially formulated resin natural rubber adhesive. The surfaces of laminated fabrics are processed with Double PE\u00a0layer. Preventing adhesive residues on the attached surfaces outdoors lasts for 6 weeks. Application Masking for painting building. Fixing masking materials when painting outdoors. Color \u00a0 \u00a0 \u00a0\u00a0 Light Green \u00a0 \u00a0 \u00a0 \u00a0Light [&#8230;]","protected":false},"featured_media":860,"template":"","meta":[],"product_cat":[152,161,162,164,160],"product_tag":[],"yoast_head":"<!-- This site is optimized with the Yoast SEO plugin v22.6 - https:\/\/yoast.com\/wordpress\/plugins\/seo\/ -->\n<title>Double Layer Cloth tape for Masking  CT213UV - Oriental Commerce<\/title>\n<meta name=\"robots\" content=\"index, follow, max-snippet:-1, max-image-preview:large, max-video-preview:-1\" \/>\n<link rel=\"canonical\" href=\"https:\/\/occ21.vn\/vi\/san-pham\/double-layer-cloth-tape-for-masking-ct213uv\/\" \/>\n<meta property=\"og:locale\" content=\"vi_VN\" \/>\n<meta property=\"og:type\" content=\"article\" \/>\n<meta property=\"og:title\" content=\"Double Layer Cloth tape for Masking  CT213UV - Oriental Commerce\" \/>\n<meta property=\"og:description\" content=\"Feature Cloth carrier is coated with specially formulated resin natural rubber adhesive. The surfaces of laminated fabrics are processed with Double PE\u00a0layer. Preventing adhesive residues on the attached surfaces outdoors lasts for 6 weeks. Application Masking for painting building. Fixing masking materials when painting outdoors. Color \u00a0 \u00a0 \u00a0\u00a0 Light Green \u00a0 \u00a0 \u00a0 \u00a0Light [...]\" \/>\n<meta property=\"og:url\" content=\"https:\/\/occ21.vn\/vi\/san-pham\/double-layer-cloth-tape-for-masking-ct213uv\/\" \/>\n<meta property=\"og:site_name\" content=\"Oriental Commerce\" \/>\n<meta property=\"article:modified_time\" content=\"2024-10-28T00:58:07+00:00\" \/>\n<meta property=\"og:image\" content=\"https:\/\/occ21.vn\/wp-content\/uploads\/2023\/11\/Double-Layer-Cloth-tape-for-Masking-CT213UV-1.jpg\" \/>\n\t<meta property=\"og:image:width\" content=\"400\" \/>\n\t<meta property=\"og:image:height\" content=\"400\" \/>\n\t<meta property=\"og:image:type\" content=\"image\/jpeg\" \/>\n<meta name=\"twitter:card\" content=\"summary_large_image\" \/>\n<meta name=\"twitter:label1\" content=\"\u01af\u1edbc t\u00ednh th\u1eddi gian \u0111\u1ecdc\" \/>\n\t<meta name=\"twitter:data1\" content=\"1 ph\u00fat\" \/>\n<script type=\"application\/ld+json\" class=\"yoast-schema-graph\">{\"@context\":\"https:\/\/schema.org\",\"@graph\":[{\"@type\":\"WebPage\",\"@id\":\"https:\/\/occ21.vn\/product\/double-layer-cloth-tape-for-masking-ct213uv\/\",\"url\":\"https:\/\/occ21.vn\/product\/double-layer-cloth-tape-for-masking-ct213uv\/\",\"name\":\"Double Layer Cloth tape for Masking CT213UV - Oriental Commerce\",\"isPartOf\":{\"@id\":\"https:\/\/occ21.vn\/#website\"},\"primaryImageOfPage\":{\"@id\":\"https:\/\/occ21.vn\/product\/double-layer-cloth-tape-for-masking-ct213uv\/#primaryimage\"},\"image\":{\"@id\":\"https:\/\/occ21.vn\/product\/double-layer-cloth-tape-for-masking-ct213uv\/#primaryimage\"},\"thumbnailUrl\":\"https:\/\/occ21.vn\/wp-content\/uploads\/2023\/11\/Double-Layer-Cloth-tape-for-Masking-CT213UV-1.jpg\",\"datePublished\":\"2023-11-11T11:00:27+00:00\",\"dateModified\":\"2024-10-28T00:58:07+00:00\",\"breadcrumb\":{\"@id\":\"https:\/\/occ21.vn\/product\/double-layer-cloth-tape-for-masking-ct213uv\/#breadcrumb\"},\"inLanguage\":\"vi\",\"potentialAction\":[{\"@type\":\"ReadAction\",\"target\":[\"https:\/\/occ21.vn\/product\/double-layer-cloth-tape-for-masking-ct213uv\/\"]}]},{\"@type\":\"ImageObject\",\"inLanguage\":\"vi\",\"@id\":\"https:\/\/occ21.vn\/product\/double-layer-cloth-tape-for-masking-ct213uv\/#primaryimage\",\"url\":\"https:\/\/occ21.vn\/wp-content\/uploads\/2023\/11\/Double-Layer-Cloth-tape-for-Masking-CT213UV-1.jpg\",\"contentUrl\":\"https:\/\/occ21.vn\/wp-content\/uploads\/2023\/11\/Double-Layer-Cloth-tape-for-Masking-CT213UV-1.jpg\",\"width\":400,\"height\":400},{\"@type\":\"BreadcrumbList\",\"@id\":\"https:\/\/occ21.vn\/product\/double-layer-cloth-tape-for-masking-ct213uv\/#breadcrumb\",\"itemListElement\":[{\"@type\":\"ListItem\",\"position\":1,\"name\":\"\",\"item\":\"https:\/\/occ21.vn\/\"},{\"@type\":\"ListItem\",\"position\":2,\"name\":\"Shop\",\"item\":\"https:\/\/occ21.vn\/shop\/\"},{\"@type\":\"ListItem\",\"position\":3,\"name\":\"Double Layer Cloth tape for Masking CT213UV\"}]},{\"@type\":\"WebSite\",\"@id\":\"https:\/\/occ21.vn\/#website\",\"url\":\"https:\/\/occ21.vn\/\",\"name\":\"Oriental Commerce\",\"description\":\"\",\"potentialAction\":[{\"@type\":\"SearchAction\",\"target\":{\"@type\":\"EntryPoint\",\"urlTemplate\":\"https:\/\/occ21.vn\/?s={search_term_string}\"},\"query-input\":\"required name=search_term_string\"}],\"inLanguage\":\"vi\"}]}<\/script>\n<!-- \/ Yoast SEO plugin. -->","yoast_head_json":{"title":"Double Layer Cloth tape for Masking  CT213UV - Oriental Commerce","robots":{"index":"index","follow":"follow","max-snippet":"max-snippet:-1","max-image-preview":"max-image-preview:large","max-video-preview":"max-video-preview:-1"},"canonical":"https:\/\/occ21.vn\/vi\/san-pham\/double-layer-cloth-tape-for-masking-ct213uv\/","og_locale":"vi_VN","og_type":"article","og_title":"Double Layer Cloth tape for Masking  CT213UV - Oriental Commerce","og_description":"Feature Cloth carrier is coated with specially formulated resin natural rubber adhesive. The surfaces of laminated fabrics are processed with Double PE\u00a0layer. Preventing adhesive residues on the attached surfaces outdoors lasts for 6 weeks. Application Masking for painting building. Fixing masking materials when painting outdoors. Color \u00a0 \u00a0 \u00a0\u00a0 Light Green \u00a0 \u00a0 \u00a0 \u00a0Light [...]","og_url":"https:\/\/occ21.vn\/vi\/san-pham\/double-layer-cloth-tape-for-masking-ct213uv\/","og_site_name":"Oriental Commerce","article_modified_time":"2024-10-28T00:58:07+00:00","og_image":[{"width":400,"height":400,"url":"https:\/\/occ21.vn\/wp-content\/uploads\/2023\/11\/Double-Layer-Cloth-tape-for-Masking-CT213UV-1.jpg","type":"image\/jpeg"}],"twitter_card":"summary_large_image","twitter_misc":{"\u01af\u1edbc t\u00ednh th\u1eddi gian \u0111\u1ecdc":"1 ph\u00fat"},"schema":{"@context":"https:\/\/schema.org","@graph":[{"@type":"WebPage","@id":"https:\/\/occ21.vn\/product\/double-layer-cloth-tape-for-masking-ct213uv\/","url":"https:\/\/occ21.vn\/product\/double-layer-cloth-tape-for-masking-ct213uv\/","name":"Double Layer Cloth tape for Masking CT213UV - Oriental Commerce","isPartOf":{"@id":"https:\/\/occ21.vn\/#website"},"primaryImageOfPage":{"@id":"https:\/\/occ21.vn\/product\/double-layer-cloth-tape-for-masking-ct213uv\/#primaryimage"},"image":{"@id":"https:\/\/occ21.vn\/product\/double-layer-cloth-tape-for-masking-ct213uv\/#primaryimage"},"thumbnailUrl":"https:\/\/occ21.vn\/wp-content\/uploads\/2023\/11\/Double-Layer-Cloth-tape-for-Masking-CT213UV-1.jpg","datePublished":"2023-11-11T11:00:27+00:00","dateModified":"2024-10-28T00:58:07+00:00","breadcrumb":{"@id":"https:\/\/occ21.vn\/product\/double-layer-cloth-tape-for-masking-ct213uv\/#breadcrumb"},"inLanguage":"vi","potentialAction":[{"@type":"ReadAction","target":["https:\/\/occ21.vn\/product\/double-layer-cloth-tape-for-masking-ct213uv\/"]}]},{"@type":"ImageObject","inLanguage":"vi","@id":"https:\/\/occ21.vn\/product\/double-layer-cloth-tape-for-masking-ct213uv\/#primaryimage","url":"https:\/\/occ21.vn\/wp-content\/uploads\/2023\/11\/Double-Layer-Cloth-tape-for-Masking-CT213UV-1.jpg","contentUrl":"https:\/\/occ21.vn\/wp-content\/uploads\/2023\/11\/Double-Layer-Cloth-tape-for-Masking-CT213UV-1.jpg","width":400,"height":400},{"@type":"BreadcrumbList","@id":"https:\/\/occ21.vn\/product\/double-layer-cloth-tape-for-masking-ct213uv\/#breadcrumb","itemListElement":[{"@type":"ListItem","position":1,"name":"","item":"https:\/\/occ21.vn\/"},{"@type":"ListItem","position":2,"name":"Shop","item":"https:\/\/occ21.vn\/shop\/"},{"@type":"ListItem","position":3,"name":"Double Layer Cloth tape for Masking CT213UV"}]},{"@type":"WebSite","@id":"https:\/\/occ21.vn\/#website","url":"https:\/\/occ21.vn\/","name":"Oriental Commerce","description":"","potentialAction":[{"@type":"SearchAction","target":{"@type":"EntryPoint","urlTemplate":"https:\/\/occ21.vn\/?s={search_term_string}"},"query-input":"required name=search_term_string"}],"inLanguage":"vi"}]}},"_links":{"self":[{"href":"https:\/\/occ21.vn\/vi\/wp-json\/wp\/v2\/product\/859"}],"collection":[{"href":"https:\/\/occ21.vn\/vi\/wp-json\/wp\/v2\/product"}],"about":[{"href":"https:\/\/occ21.vn\/vi\/wp-json\/wp\/v2\/types\/product"}],"wp:featuredmedia":[{"embeddable":true,"href":"https:\/\/occ21.vn\/vi\/wp-json\/wp\/v2\/media\/860"}],"wp:attachment":[{"href":"https:\/\/occ21.vn\/vi\/wp-json\/wp\/v2\/media?parent=859"}],"wp:term":[{"taxonomy":"product_cat","embeddable":true,"href":"https:\/\/occ21.vn\/vi\/wp-json\/wp\/v2\/product_cat?post=859"},{"taxonomy":"product_tag","embeddable":true,"href":"https:\/\/occ21.vn\/vi\/wp-json\/wp\/v2\/product_tag?post=859"}],"curies":[{"name":"wp","href":"https:\/\/api.w.org\/{rel}","templated":true}]}}