{"id":891,"date":"2023-11-11T11:23:03","date_gmt":"2023-11-11T11:23:03","guid":{"rendered":"http:\/\/localhost\/?post_type=product&#038;p=891"},"modified":"2023-11-12T11:32:23","modified_gmt":"2023-11-12T11:32:23","slug":"aluminum-foil-tape-at201","status":"publish","type":"product","link":"https:\/\/occ21.vn\/vi\/san-pham\/aluminum-foil-tape-at201\/","title":{"rendered":"B\u0103ng keo nh\u00f4m AT201"},"content":{"rendered":"<div class=\"prod-vtop-info\"><!--\n\n\n<h4 class=\"c-tit01\"><\/h4>\n\n\n--><\/p>\n<div class=\"sgap\"><\/div>\n<div class=\"pinfo-list-wr\">\n<dl class=\"pinfo-list\">\n<dt class=\"ptit\">T\u00ednh n\u0103ng<\/dt>\n<dd class=\"ptxt\">\n<ul class=\"c-list01\">\n<li>B\u1ea3o v\u1ec7 kh\u1ecfi nhi\u1ec7t \u0111\u1ed9 cao, ch\u1ed1ng \u1ea9m tuy\u1ec7t v\u1eddi, ch\u1ed1ng \u0103n m\u00f2n v\u00e0 \u0111\u1ed9 b\u1ec1n v\u01b0\u1ee3t tr\u1ed9i<\/li>\n<li class=\" translation-block\">Strong <strong><span style=\"font-weight: 400;\">adhesion on <\/span><\/strong>&nbsp;even and&nbsp;rough surfaces.<\/li>\n<li class=\" translation-block\">The <strong><span style=\"font-weight: 400;\">aluminum<\/span><\/strong>&nbsp;tape consist of lustrous and lusterless, types<\/li>\n<\/ul>\n<\/dd>\n<\/dl>\n<dl class=\"pinfo-list\">\n<dt class=\"ptit\">\u1ee8ng d\u1ee5ng<\/dt>\n<dd class=\"ptxt\">\n<ul class=\"c-list01\">\n<li>Ki\u1ebfn tr\u00fac chung v\u00e0 b\u1ea3o v\u1ec7 \u0111\u01b0\u1eddng \u1ed1ng.<\/li>\n<li>S\u1eeda ch\u1eefa v\u00e0 b\u1ea3o v\u1ec7 c\u00e1c lo\u1ea1i \u1ed1ng d\u1eabn v\u00e0 thi\u1ebft b\u1ecb nh\u00e0 b\u1ebfp.<\/li>\n<li>S\u1eeda ch\u1eefa t\u1ea5m kim lo\u1ea1i \u00f4 t\u00f4.<\/li>\n<\/ul>\n<\/dd>\n<\/dl>\n<dl class=\"pinfo-list\">\n<dt class=\"ptit\">M\u00e0u s\u1eafc<\/dt>\n<dd class=\"ptxt\">\n<ul class=\"prod-color-list\">\n<li><span style=\"background-color: #bfbfbf;\">\u00a0 \u00a0 \u00a0<\/span>\u00a0 X\u00e1m<\/li>\n<\/ul>\n<p class=\"mg10t f12 tlh130\">\u203b C\u00f3 th\u1ec3 c\u00f3 c\u00e1c m\u00e0u kh\u00e1c<\/p>\n<\/dd>\n<\/dl>\n<dl class=\"pinfo-list\">\n<dt class=\"ptit\">S\u1ef1 ch\u1ec9 r\u00f5<\/dt>\n<dd class=\"ptxt\">\n<div class=\"pinfo-tbl-wr\">\n<table class=\"tbl-prod-s2 tbl-prod-dft\">\n<colgroup>\n<col class=\"fld1\" \/>\n<col class=\"fld2\" \/>\n<col class=\"fld3\" \/>\n<col class=\"fld4\" \/>\n<col class=\"fld5\" \/> <\/colgroup>\n<thead>\n<tr>\n<th scope=\"col\">Ngh\u1ec7 thu\u1eadt.<\/th>\n<th scope=\"col\">V\u1eadn chuy\u1ec3n<\/th>\n<th scope=\"col\">Lo\u1ea1i keo<\/th>\n<th scope=\"col\" class=\" translation-block\">Total Thickness<br>\r\n<span class=\"stxt\">(mm)<\/span><\/th>\n<th scope=\"col\" class=\" translation-block\">Adhesion to Stainless Steel<br>\r\n<span class=\"stxt\">(N\/25mm)<\/span><\/th>\n<\/tr>\n<\/thead>\n<tbody>\n<tr>\n<td class=\"fld1\">AT201<\/td>\n<td class=\"fld2\">L\u00e1 nh\u00f4m<\/td>\n<td class=\"fld2\">Keo acrylic<\/td>\n<td class=\"fld2\">0,08 (bao g\u1ed3m c\u1ea3 ch\u1ea5t k\u1ebft d\u00ednh)<\/td>\n<td class=\"fld2\">24.17<\/td>\n<\/tr>\n<\/tbody>\n<\/table>\n<\/div>\n<\/dd>\n<\/dl>\n<dl class=\"pinfo-list\">\n<dt class=\"ptit\">K\u00edch th\u01b0\u1edbc\/G\u00f3i<\/dt>\n<dd class=\"ptxt\">\n<div class=\"pinfo-tbl-wr\">\n<table class=\"tbl-prod-s2 tbl-prod-size\">\n<colgroup>\n<col class=\"fld1\" \/>\n<col class=\"fld2\" \/>\n<col class=\"fld3\" \/>\n<col class=\"fld4\" \/>\n<col class=\"fld5\" \/> <\/colgroup>\n<thead>\n<tr>\n<th colspan=\"2\" scope=\"col\">K\u00edch c\u1ee1<\/th>\n<th rowspan=\"2\" scope=\"col\">B\u01b0u ki\u1ec7n<\/th>\n<th rowspan=\"2\" scope=\"col\">S\u1ed1 l\u01b0\u1ee3ng(#)<\/th>\n<\/tr>\n<tr>\n<th scope=\"col\">Chi\u1ec1u r\u1ed9ng (mm)<\/th>\n<th scope=\"col\">Chi\u1ec1u d\u00e0i (m)<\/th>\n<\/tr>\n<\/thead>\n<tbody>\n<tr>\n<td class=\"fld1\">50<\/td>\n<td class=\"fld2\">25<\/td>\n<td class=\"fld3\">\u0110\u00f3ng g\u00f3i g\u1ed1i<\/td>\n<td class=\"fld2\">30<\/td>\n<\/tr>\n<\/tbody>\n<\/table>\n<p>\u203b C\u00f3 th\u1ec3 c\u00f3 c\u00e1c k\u00edch th\u01b0\u1edbc kh\u00e1c<\/p>\n<\/div>\n<\/dd>\n<\/dl>\n<\/div>\n<p>&nbsp;<\/p>\n<\/div>","protected":false},"excerpt":{"rendered":"<p>Feature Protection against high temperatures, excellent barrier against moisture, anti-corrosion and superior durability Strong adhesion on \u00a0even and\u00a0rough surfaces. The aluminum\u00a0tape consist of lustrous and lusterless, types Application General architecture and protection of pipes. Repair and protection of all sorts of ducts and kitchen equipment. Repair of automotive metal sheet. Color \u00a0 \u00a0 \u00a0\u00a0 Gray [&#8230;]","protected":false},"featured_media":894,"template":"","meta":[],"product_cat":[152,156,161,162,164,165,160],"product_tag":[],"yoast_head":"<!-- This site is optimized with the Yoast SEO plugin v22.6 - https:\/\/yoast.com\/wordpress\/plugins\/seo\/ -->\n<title>Aluminum Foil Tape  AT201 - Oriental Commerce<\/title>\n<meta name=\"robots\" content=\"index, follow, max-snippet:-1, max-image-preview:large, max-video-preview:-1\" \/>\n<link rel=\"canonical\" href=\"https:\/\/occ21.vn\/vi\/san-pham\/aluminum-foil-tape-at201\/\" \/>\n<meta property=\"og:locale\" content=\"vi_VN\" \/>\n<meta property=\"og:type\" content=\"article\" \/>\n<meta property=\"og:title\" content=\"Aluminum Foil Tape  AT201 - Oriental Commerce\" \/>\n<meta property=\"og:description\" content=\"Feature Protection against high temperatures, excellent barrier against moisture, anti-corrosion and superior durability Strong adhesion on \u00a0even and\u00a0rough surfaces. The aluminum\u00a0tape consist of lustrous and lusterless, types Application General architecture and protection of pipes. Repair and protection of all sorts of ducts and kitchen equipment. Repair of automotive metal sheet. Color \u00a0 \u00a0 \u00a0\u00a0 Gray [...]\" \/>\n<meta property=\"og:url\" content=\"https:\/\/occ21.vn\/vi\/san-pham\/aluminum-foil-tape-at201\/\" \/>\n<meta property=\"og:site_name\" content=\"Oriental Commerce\" \/>\n<meta property=\"article:modified_time\" content=\"2023-11-12T11:32:23+00:00\" \/>\n<meta property=\"og:image\" content=\"https:\/\/occ21.vn\/wp-content\/uploads\/2023\/11\/Aluminum-Foil-Tape-AT201-1.jpg\" \/>\n\t<meta property=\"og:image:width\" content=\"400\" \/>\n\t<meta property=\"og:image:height\" content=\"400\" \/>\n\t<meta property=\"og:image:type\" content=\"image\/jpeg\" \/>\n<meta name=\"twitter:card\" content=\"summary_large_image\" \/>\n<meta name=\"twitter:label1\" content=\"\u01af\u1edbc t\u00ednh th\u1eddi gian \u0111\u1ecdc\" \/>\n\t<meta name=\"twitter:data1\" content=\"1 ph\u00fat\" \/>\n<script type=\"application\/ld+json\" class=\"yoast-schema-graph\">{\"@context\":\"https:\/\/schema.org\",\"@graph\":[{\"@type\":\"WebPage\",\"@id\":\"https:\/\/occ21.vn\/product\/aluminum-foil-tape-at201\/\",\"url\":\"https:\/\/occ21.vn\/product\/aluminum-foil-tape-at201\/\",\"name\":\"Aluminum Foil Tape AT201 - Oriental Commerce\",\"isPartOf\":{\"@id\":\"https:\/\/occ21.vn\/#website\"},\"primaryImageOfPage\":{\"@id\":\"https:\/\/occ21.vn\/product\/aluminum-foil-tape-at201\/#primaryimage\"},\"image\":{\"@id\":\"https:\/\/occ21.vn\/product\/aluminum-foil-tape-at201\/#primaryimage\"},\"thumbnailUrl\":\"https:\/\/occ21.vn\/wp-content\/uploads\/2023\/11\/Aluminum-Foil-Tape-AT201-1.jpg\",\"datePublished\":\"2023-11-11T11:23:03+00:00\",\"dateModified\":\"2023-11-12T11:32:23+00:00\",\"breadcrumb\":{\"@id\":\"https:\/\/occ21.vn\/product\/aluminum-foil-tape-at201\/#breadcrumb\"},\"inLanguage\":\"vi\",\"potentialAction\":[{\"@type\":\"ReadAction\",\"target\":[\"https:\/\/occ21.vn\/product\/aluminum-foil-tape-at201\/\"]}]},{\"@type\":\"ImageObject\",\"inLanguage\":\"vi\",\"@id\":\"https:\/\/occ21.vn\/product\/aluminum-foil-tape-at201\/#primaryimage\",\"url\":\"https:\/\/occ21.vn\/wp-content\/uploads\/2023\/11\/Aluminum-Foil-Tape-AT201-1.jpg\",\"contentUrl\":\"https:\/\/occ21.vn\/wp-content\/uploads\/2023\/11\/Aluminum-Foil-Tape-AT201-1.jpg\",\"width\":400,\"height\":400},{\"@type\":\"BreadcrumbList\",\"@id\":\"https:\/\/occ21.vn\/product\/aluminum-foil-tape-at201\/#breadcrumb\",\"itemListElement\":[{\"@type\":\"ListItem\",\"position\":1,\"name\":\"\",\"item\":\"https:\/\/occ21.vn\/\"},{\"@type\":\"ListItem\",\"position\":2,\"name\":\"Shop\",\"item\":\"https:\/\/occ21.vn\/shop\/\"},{\"@type\":\"ListItem\",\"position\":3,\"name\":\"Aluminum Foil Tape AT201\"}]},{\"@type\":\"WebSite\",\"@id\":\"https:\/\/occ21.vn\/#website\",\"url\":\"https:\/\/occ21.vn\/\",\"name\":\"Oriental Commerce\",\"description\":\"\",\"potentialAction\":[{\"@type\":\"SearchAction\",\"target\":{\"@type\":\"EntryPoint\",\"urlTemplate\":\"https:\/\/occ21.vn\/?s={search_term_string}\"},\"query-input\":\"required name=search_term_string\"}],\"inLanguage\":\"vi\"}]}<\/script>\n<!-- \/ Yoast SEO plugin. -->","yoast_head_json":{"title":"Aluminum Foil Tape  AT201 - Oriental Commerce","robots":{"index":"index","follow":"follow","max-snippet":"max-snippet:-1","max-image-preview":"max-image-preview:large","max-video-preview":"max-video-preview:-1"},"canonical":"https:\/\/occ21.vn\/vi\/san-pham\/aluminum-foil-tape-at201\/","og_locale":"vi_VN","og_type":"article","og_title":"Aluminum Foil Tape  AT201 - Oriental Commerce","og_description":"Feature Protection against high temperatures, excellent barrier against moisture, anti-corrosion and superior durability Strong adhesion on \u00a0even and\u00a0rough surfaces. The aluminum\u00a0tape consist of lustrous and lusterless, types Application General architecture and protection of pipes. Repair and protection of all sorts of ducts and kitchen equipment. Repair of automotive metal sheet. Color \u00a0 \u00a0 \u00a0\u00a0 Gray [...]","og_url":"https:\/\/occ21.vn\/vi\/san-pham\/aluminum-foil-tape-at201\/","og_site_name":"Oriental Commerce","article_modified_time":"2023-11-12T11:32:23+00:00","og_image":[{"width":400,"height":400,"url":"https:\/\/occ21.vn\/wp-content\/uploads\/2023\/11\/Aluminum-Foil-Tape-AT201-1.jpg","type":"image\/jpeg"}],"twitter_card":"summary_large_image","twitter_misc":{"\u01af\u1edbc t\u00ednh th\u1eddi gian \u0111\u1ecdc":"1 ph\u00fat"},"schema":{"@context":"https:\/\/schema.org","@graph":[{"@type":"WebPage","@id":"https:\/\/occ21.vn\/product\/aluminum-foil-tape-at201\/","url":"https:\/\/occ21.vn\/product\/aluminum-foil-tape-at201\/","name":"Aluminum Foil Tape AT201 - Oriental Commerce","isPartOf":{"@id":"https:\/\/occ21.vn\/#website"},"primaryImageOfPage":{"@id":"https:\/\/occ21.vn\/product\/aluminum-foil-tape-at201\/#primaryimage"},"image":{"@id":"https:\/\/occ21.vn\/product\/aluminum-foil-tape-at201\/#primaryimage"},"thumbnailUrl":"https:\/\/occ21.vn\/wp-content\/uploads\/2023\/11\/Aluminum-Foil-Tape-AT201-1.jpg","datePublished":"2023-11-11T11:23:03+00:00","dateModified":"2023-11-12T11:32:23+00:00","breadcrumb":{"@id":"https:\/\/occ21.vn\/product\/aluminum-foil-tape-at201\/#breadcrumb"},"inLanguage":"vi","potentialAction":[{"@type":"ReadAction","target":["https:\/\/occ21.vn\/product\/aluminum-foil-tape-at201\/"]}]},{"@type":"ImageObject","inLanguage":"vi","@id":"https:\/\/occ21.vn\/product\/aluminum-foil-tape-at201\/#primaryimage","url":"https:\/\/occ21.vn\/wp-content\/uploads\/2023\/11\/Aluminum-Foil-Tape-AT201-1.jpg","contentUrl":"https:\/\/occ21.vn\/wp-content\/uploads\/2023\/11\/Aluminum-Foil-Tape-AT201-1.jpg","width":400,"height":400},{"@type":"BreadcrumbList","@id":"https:\/\/occ21.vn\/product\/aluminum-foil-tape-at201\/#breadcrumb","itemListElement":[{"@type":"ListItem","position":1,"name":"","item":"https:\/\/occ21.vn\/"},{"@type":"ListItem","position":2,"name":"Shop","item":"https:\/\/occ21.vn\/shop\/"},{"@type":"ListItem","position":3,"name":"Aluminum Foil Tape AT201"}]},{"@type":"WebSite","@id":"https:\/\/occ21.vn\/#website","url":"https:\/\/occ21.vn\/","name":"Oriental Commerce","description":"","potentialAction":[{"@type":"SearchAction","target":{"@type":"EntryPoint","urlTemplate":"https:\/\/occ21.vn\/?s={search_term_string}"},"query-input":"required name=search_term_string"}],"inLanguage":"vi"}]}},"_links":{"self":[{"href":"https:\/\/occ21.vn\/vi\/wp-json\/wp\/v2\/product\/891"}],"collection":[{"href":"https:\/\/occ21.vn\/vi\/wp-json\/wp\/v2\/product"}],"about":[{"href":"https:\/\/occ21.vn\/vi\/wp-json\/wp\/v2\/types\/product"}],"wp:featuredmedia":[{"embeddable":true,"href":"https:\/\/occ21.vn\/vi\/wp-json\/wp\/v2\/media\/894"}],"wp:attachment":[{"href":"https:\/\/occ21.vn\/vi\/wp-json\/wp\/v2\/media?parent=891"}],"wp:term":[{"taxonomy":"product_cat","embeddable":true,"href":"https:\/\/occ21.vn\/vi\/wp-json\/wp\/v2\/product_cat?post=891"},{"taxonomy":"product_tag","embeddable":true,"href":"https:\/\/occ21.vn\/vi\/wp-json\/wp\/v2\/product_tag?post=891"}],"curies":[{"name":"wp","href":"https:\/\/api.w.org\/{rel}","templated":true}]}}