{"id":900,"date":"2023-11-11T11:53:48","date_gmt":"2023-11-11T11:53:48","guid":{"rendered":"http:\/\/localhost\/?post_type=product&#038;p=900"},"modified":"2023-11-12T11:30:11","modified_gmt":"2023-11-12T11:30:11","slug":"nonslip-type-cloth-tape-masker-cm613n","status":"publish","type":"product","link":"https:\/\/occ21.vn\/vi\/san-pham\/nonslip-type-cloth-tape-masker-cm613n\/","title":{"rendered":"M\u1eb7t n\u1ea1 b\u0103ng v\u1ea3i lo\u1ea1i ch\u1ed1ng tr\u01b0\u1ee3t CM613N"},"content":{"rendered":"<div class=\"prod-vtop-info\"><!--\n\n\n<h4 class=\"c-tit01\"><\/h4>\n\n\n--><\/p>\n<div class=\"sgap\"><\/div>\n<div class=\"pinfo-list-wr\">\n<dl class=\"pinfo-list\">\n<dt class=\"ptit\">T\u00ednh n\u0103ng<\/dt>\n<dd class=\"ptxt\">\n<ul class=\"c-list01\">\n<li>Multi-purpose masking tapes with adhesive residue free.<\/li>\n<li>Durable and thick plastic film in nonslip effect.<\/li>\n<li>Prevents slipping and peeling.<\/li>\n<\/ul>\n<\/dd>\n<\/dl>\n<dl class=\"pinfo-list\">\n<dt class=\"ptit\">\u1ee8ng d\u1ee5ng<\/dt>\n<dd class=\"ptxt\">\n<ul class=\"c-list01\">\n<li>Masking roof and floor<\/li>\n<\/ul>\n<\/dd>\n<\/dl>\n<dl class=\"pinfo-list\">\n<dt class=\"ptit\">M\u00e0u b\u0103ng<\/dt>\n<dd class=\"ptxt\">\n<ul class=\"prod-color-list\">\n<li><span style=\"background-color: #00cc00;\">\u00a0 \u00a0 \u00a0<\/span>\u00a0 M\u00e0u xanh l\u1ee3t<\/li>\n<li><span style=\"background-color: #cc6600;\">\u00a0 \u00a0 \u00a0<\/span> \u00a0Brown<\/li>\n<\/ul>\n<p class=\"mg10t f12 tlh130\">\u203b C\u00f3 th\u1ec3 c\u00f3 c\u00e1c m\u00e0u kh\u00e1c<\/p>\n<\/dd>\n<\/dl>\n<dl class=\"pinfo-list\">\n<dt class=\"ptit\">S\u1ef1 ch\u1ec9 r\u00f5<\/dt>\n<dd class=\"ptxt\">\n<div class=\"pinfo-tbl-wr\">\n<table class=\"tbl-prod-s2 tbl-prod-dft\">\n<colgroup>\n<col class=\"fld1\" \/>\n<col class=\"fld2\" \/>\n<col class=\"fld3\" \/>\n<col class=\"fld4\" \/>\n<col class=\"fld5\" \/> <\/colgroup>\n<thead>\n<tr>\n<th colspan=\"2\" scope=\"col\">Ngh\u1ec7 thu\u1eadt.<\/th>\n<th scope=\"col\">V\u1eadn chuy\u1ec3n<\/th>\n<th scope=\"col\">Lo\u1ea1i keo<\/th>\n<th scope=\"col\" class=\" translation-block\">Thickness<br>\r\n(mm)<\/th>\n<\/tr>\n<\/thead>\n<tbody>\n<tr>\n<td class=\"fld1\" rowspan=\"2\">CM613N<\/td>\n<td class=\"fld2\">b\u0103ng<\/td>\n<td class=\"fld2\">V\u1ea3i<\/td>\n<td class=\"fld2\">Cao su t\u1ef1 nhi\u00ean<\/td>\n<td class=\"fld2\">0.3<\/td>\n<\/tr>\n<tr>\n<td class=\"fld2\">Phim \u1ea3nh<\/td>\n<td class=\"fld2\">Nonslip Polyethylene<\/td>\n<td class=\"fld2\"><\/td>\n<td class=\"fld2\">0.03<\/td>\n<\/tr>\n<\/tbody>\n<\/table>\n<\/div>\n<\/dd>\n<\/dl>\n<dl class=\"pinfo-list\">\n<dt class=\"ptit\">K\u00edch th\u01b0\u1edbc\/G\u00f3i<\/dt>\n<dd class=\"ptxt\">\n<div class=\"pinfo-tbl-wr\">\n<table class=\"tbl-prod-s2 tbl-prod-size\">\n<colgroup>\n<col class=\"fld1\" \/>\n<col class=\"fld2\" \/>\n<col class=\"fld3\" \/>\n<col class=\"fld4\" \/>\n<col class=\"fld5\" \/>\n<col class=\"fld6\" \/> <\/colgroup>\n<thead>\n<tr>\n<th colspan=\"2\" scope=\"col\">K\u00edch c\u1ee1<\/th>\n<th rowspan=\"2\" scope=\"col\">b\u0103ng<br \/>\n(mm)<\/th>\n<th rowspan=\"2\" scope=\"col\" class=\" translation-block\">Finished Products<br>\r\n(mm)<\/th>\n<th rowspan=\"2\" scope=\"col\">B\u01b0u ki\u1ec7n<\/th>\n<th rowspan=\"2\" scope=\"col\">S\u1ed1 l\u01b0\u1ee3ng(#)<\/th>\n<\/tr>\n<tr>\n<th scope=\"col\">Chi\u1ec1u r\u1ed9ng (mm)<\/th>\n<th scope=\"col\">\u00a0Chi\u1ec1u d\u00e0i (m)<\/th>\n<\/tr>\n<\/thead>\n<tbody>\n<tr>\n<td class=\"fld1\">550<\/td>\n<td rowspan=\"3\">12.5, 20<\/td>\n<td class=\"fld2\" rowspan=\"3\">18<\/td>\n<td class=\"fld2\">120<\/td>\n<td rowspan=\"3\">\u0110\u00f3ng g\u00f3i co l\u1ea1i<\/td>\n<td class=\"fld2\">40<\/td>\n<\/tr>\n<tr>\n<td class=\"fld1\">1100<\/td>\n<td class=\"fld2\">300<\/td>\n<td class=\"fld2\" rowspan=\"2\">20<\/td>\n<\/tr>\n<tr>\n<td class=\"fld1\">2100<\/td>\n<td class=\"fld2\">300<\/td>\n<\/tr>\n<\/tbody>\n<\/table>\n<p>\u203b C\u00f3 th\u1ec3 c\u00f3 c\u00e1c k\u00edch th\u01b0\u1edbc kh\u00e1c<\/p>\n<\/div>\n<\/dd>\n<\/dl>\n<\/div>\n<p>&nbsp;<\/p>\n<\/div>","protected":false},"excerpt":{"rendered":"<p>Feature Multi-purpose masking tapes with adhesive residue free. Durable and thick plastic film in nonslip effect. Prevents slipping and peeling. Application Masking roof and floor Tape Color \u00a0 \u00a0 \u00a0\u00a0 Light Green \u00a0 \u00a0 \u00a0 \u00a0Brown \u203b\u00a0Other colors possible Specification Art. Carrier Adhesive Type Thickness (mm) CM613N Tape Cloth Natural Rubber 0.3 Film Nonslip Polyethylene [&#8230;]","protected":false},"featured_media":901,"template":"","meta":[],"product_cat":[161,162,164,157,160],"product_tag":[],"yoast_head":"<!-- This site is optimized with the Yoast SEO plugin v22.6 - https:\/\/yoast.com\/wordpress\/plugins\/seo\/ -->\n<title>Nonslip Type Cloth Tape Masker  CM613N - Oriental Commerce<\/title>\n<meta name=\"robots\" content=\"index, follow, max-snippet:-1, max-image-preview:large, max-video-preview:-1\" \/>\n<link rel=\"canonical\" href=\"https:\/\/occ21.vn\/vi\/san-pham\/nonslip-type-cloth-tape-masker-cm613n\/\" \/>\n<meta property=\"og:locale\" content=\"vi_VN\" \/>\n<meta property=\"og:type\" content=\"article\" \/>\n<meta property=\"og:title\" content=\"Nonslip Type Cloth Tape Masker  CM613N - Oriental Commerce\" \/>\n<meta property=\"og:description\" content=\"Feature Multi-purpose masking tapes with adhesive residue free. Durable and thick plastic film in nonslip effect. Prevents slipping and peeling. Application Masking roof and floor Tape Color \u00a0 \u00a0 \u00a0\u00a0 Light Green \u00a0 \u00a0 \u00a0 \u00a0Brown \u203b\u00a0Other colors possible Specification Art. Carrier Adhesive Type Thickness (mm) CM613N Tape Cloth Natural Rubber 0.3 Film Nonslip Polyethylene [...]\" \/>\n<meta property=\"og:url\" content=\"https:\/\/occ21.vn\/vi\/san-pham\/nonslip-type-cloth-tape-masker-cm613n\/\" \/>\n<meta property=\"og:site_name\" content=\"Oriental Commerce\" \/>\n<meta property=\"article:modified_time\" content=\"2023-11-12T11:30:11+00:00\" \/>\n<meta property=\"og:image\" content=\"https:\/\/occ21.vn\/wp-content\/uploads\/2023\/11\/Nonslip-Type-Cloth-Tape-Masker-CM613N-1.jpg\" \/>\n\t<meta property=\"og:image:width\" content=\"400\" \/>\n\t<meta property=\"og:image:height\" content=\"400\" \/>\n\t<meta property=\"og:image:type\" content=\"image\/jpeg\" \/>\n<meta name=\"twitter:card\" content=\"summary_large_image\" \/>\n<meta name=\"twitter:label1\" content=\"\u01af\u1edbc t\u00ednh th\u1eddi gian \u0111\u1ecdc\" \/>\n\t<meta name=\"twitter:data1\" content=\"1 ph\u00fat\" \/>\n<script type=\"application\/ld+json\" class=\"yoast-schema-graph\">{\"@context\":\"https:\/\/schema.org\",\"@graph\":[{\"@type\":\"WebPage\",\"@id\":\"https:\/\/occ21.vn\/product\/nonslip-type-cloth-tape-masker-cm613n\/\",\"url\":\"https:\/\/occ21.vn\/product\/nonslip-type-cloth-tape-masker-cm613n\/\",\"name\":\"Nonslip Type Cloth Tape Masker CM613N - Oriental Commerce\",\"isPartOf\":{\"@id\":\"https:\/\/occ21.vn\/#website\"},\"primaryImageOfPage\":{\"@id\":\"https:\/\/occ21.vn\/product\/nonslip-type-cloth-tape-masker-cm613n\/#primaryimage\"},\"image\":{\"@id\":\"https:\/\/occ21.vn\/product\/nonslip-type-cloth-tape-masker-cm613n\/#primaryimage\"},\"thumbnailUrl\":\"https:\/\/occ21.vn\/wp-content\/uploads\/2023\/11\/Nonslip-Type-Cloth-Tape-Masker-CM613N-1.jpg\",\"datePublished\":\"2023-11-11T11:53:48+00:00\",\"dateModified\":\"2023-11-12T11:30:11+00:00\",\"breadcrumb\":{\"@id\":\"https:\/\/occ21.vn\/product\/nonslip-type-cloth-tape-masker-cm613n\/#breadcrumb\"},\"inLanguage\":\"vi\",\"potentialAction\":[{\"@type\":\"ReadAction\",\"target\":[\"https:\/\/occ21.vn\/product\/nonslip-type-cloth-tape-masker-cm613n\/\"]}]},{\"@type\":\"ImageObject\",\"inLanguage\":\"vi\",\"@id\":\"https:\/\/occ21.vn\/product\/nonslip-type-cloth-tape-masker-cm613n\/#primaryimage\",\"url\":\"https:\/\/occ21.vn\/wp-content\/uploads\/2023\/11\/Nonslip-Type-Cloth-Tape-Masker-CM613N-1.jpg\",\"contentUrl\":\"https:\/\/occ21.vn\/wp-content\/uploads\/2023\/11\/Nonslip-Type-Cloth-Tape-Masker-CM613N-1.jpg\",\"width\":400,\"height\":400},{\"@type\":\"BreadcrumbList\",\"@id\":\"https:\/\/occ21.vn\/product\/nonslip-type-cloth-tape-masker-cm613n\/#breadcrumb\",\"itemListElement\":[{\"@type\":\"ListItem\",\"position\":1,\"name\":\"\",\"item\":\"https:\/\/occ21.vn\/\"},{\"@type\":\"ListItem\",\"position\":2,\"name\":\"Shop\",\"item\":\"https:\/\/occ21.vn\/shop\/\"},{\"@type\":\"ListItem\",\"position\":3,\"name\":\"Nonslip Type Cloth Tape Masker CM613N\"}]},{\"@type\":\"WebSite\",\"@id\":\"https:\/\/occ21.vn\/#website\",\"url\":\"https:\/\/occ21.vn\/\",\"name\":\"Oriental Commerce\",\"description\":\"\",\"potentialAction\":[{\"@type\":\"SearchAction\",\"target\":{\"@type\":\"EntryPoint\",\"urlTemplate\":\"https:\/\/occ21.vn\/?s={search_term_string}\"},\"query-input\":\"required name=search_term_string\"}],\"inLanguage\":\"vi\"}]}<\/script>\n<!-- \/ Yoast SEO plugin. -->","yoast_head_json":{"title":"Nonslip Type Cloth Tape Masker  CM613N - Oriental Commerce","robots":{"index":"index","follow":"follow","max-snippet":"max-snippet:-1","max-image-preview":"max-image-preview:large","max-video-preview":"max-video-preview:-1"},"canonical":"https:\/\/occ21.vn\/vi\/san-pham\/nonslip-type-cloth-tape-masker-cm613n\/","og_locale":"vi_VN","og_type":"article","og_title":"Nonslip Type Cloth Tape Masker  CM613N - Oriental Commerce","og_description":"Feature Multi-purpose masking tapes with adhesive residue free. Durable and thick plastic film in nonslip effect. Prevents slipping and peeling. Application Masking roof and floor Tape Color \u00a0 \u00a0 \u00a0\u00a0 Light Green \u00a0 \u00a0 \u00a0 \u00a0Brown \u203b\u00a0Other colors possible Specification Art. Carrier Adhesive Type Thickness (mm) CM613N Tape Cloth Natural Rubber 0.3 Film Nonslip Polyethylene [...]","og_url":"https:\/\/occ21.vn\/vi\/san-pham\/nonslip-type-cloth-tape-masker-cm613n\/","og_site_name":"Oriental Commerce","article_modified_time":"2023-11-12T11:30:11+00:00","og_image":[{"width":400,"height":400,"url":"https:\/\/occ21.vn\/wp-content\/uploads\/2023\/11\/Nonslip-Type-Cloth-Tape-Masker-CM613N-1.jpg","type":"image\/jpeg"}],"twitter_card":"summary_large_image","twitter_misc":{"\u01af\u1edbc t\u00ednh th\u1eddi gian \u0111\u1ecdc":"1 ph\u00fat"},"schema":{"@context":"https:\/\/schema.org","@graph":[{"@type":"WebPage","@id":"https:\/\/occ21.vn\/product\/nonslip-type-cloth-tape-masker-cm613n\/","url":"https:\/\/occ21.vn\/product\/nonslip-type-cloth-tape-masker-cm613n\/","name":"Nonslip Type Cloth Tape Masker CM613N - Oriental Commerce","isPartOf":{"@id":"https:\/\/occ21.vn\/#website"},"primaryImageOfPage":{"@id":"https:\/\/occ21.vn\/product\/nonslip-type-cloth-tape-masker-cm613n\/#primaryimage"},"image":{"@id":"https:\/\/occ21.vn\/product\/nonslip-type-cloth-tape-masker-cm613n\/#primaryimage"},"thumbnailUrl":"https:\/\/occ21.vn\/wp-content\/uploads\/2023\/11\/Nonslip-Type-Cloth-Tape-Masker-CM613N-1.jpg","datePublished":"2023-11-11T11:53:48+00:00","dateModified":"2023-11-12T11:30:11+00:00","breadcrumb":{"@id":"https:\/\/occ21.vn\/product\/nonslip-type-cloth-tape-masker-cm613n\/#breadcrumb"},"inLanguage":"vi","potentialAction":[{"@type":"ReadAction","target":["https:\/\/occ21.vn\/product\/nonslip-type-cloth-tape-masker-cm613n\/"]}]},{"@type":"ImageObject","inLanguage":"vi","@id":"https:\/\/occ21.vn\/product\/nonslip-type-cloth-tape-masker-cm613n\/#primaryimage","url":"https:\/\/occ21.vn\/wp-content\/uploads\/2023\/11\/Nonslip-Type-Cloth-Tape-Masker-CM613N-1.jpg","contentUrl":"https:\/\/occ21.vn\/wp-content\/uploads\/2023\/11\/Nonslip-Type-Cloth-Tape-Masker-CM613N-1.jpg","width":400,"height":400},{"@type":"BreadcrumbList","@id":"https:\/\/occ21.vn\/product\/nonslip-type-cloth-tape-masker-cm613n\/#breadcrumb","itemListElement":[{"@type":"ListItem","position":1,"name":"","item":"https:\/\/occ21.vn\/"},{"@type":"ListItem","position":2,"name":"Shop","item":"https:\/\/occ21.vn\/shop\/"},{"@type":"ListItem","position":3,"name":"Nonslip Type Cloth Tape Masker CM613N"}]},{"@type":"WebSite","@id":"https:\/\/occ21.vn\/#website","url":"https:\/\/occ21.vn\/","name":"Oriental Commerce","description":"","potentialAction":[{"@type":"SearchAction","target":{"@type":"EntryPoint","urlTemplate":"https:\/\/occ21.vn\/?s={search_term_string}"},"query-input":"required name=search_term_string"}],"inLanguage":"vi"}]}},"_links":{"self":[{"href":"https:\/\/occ21.vn\/vi\/wp-json\/wp\/v2\/product\/900"}],"collection":[{"href":"https:\/\/occ21.vn\/vi\/wp-json\/wp\/v2\/product"}],"about":[{"href":"https:\/\/occ21.vn\/vi\/wp-json\/wp\/v2\/types\/product"}],"wp:featuredmedia":[{"embeddable":true,"href":"https:\/\/occ21.vn\/vi\/wp-json\/wp\/v2\/media\/901"}],"wp:attachment":[{"href":"https:\/\/occ21.vn\/vi\/wp-json\/wp\/v2\/media?parent=900"}],"wp:term":[{"taxonomy":"product_cat","embeddable":true,"href":"https:\/\/occ21.vn\/vi\/wp-json\/wp\/v2\/product_cat?post=900"},{"taxonomy":"product_tag","embeddable":true,"href":"https:\/\/occ21.vn\/vi\/wp-json\/wp\/v2\/product_tag?post=900"}],"curies":[{"name":"wp","href":"https:\/\/api.w.org\/{rel}","templated":true}]}}