{"id":908,"date":"2023-11-11T11:57:40","date_gmt":"2023-11-11T11:57:40","guid":{"rendered":"http:\/\/localhost\/?post_type=product&#038;p=908"},"modified":"2023-11-12T11:31:19","modified_gmt":"2023-11-12T11:31:19","slug":"paper-tape-masking-paper-pm616","status":"publish","type":"product","link":"https:\/\/occ21.vn\/vi\/san-pham\/paper-tape-masking-paper-pm616\/","title":{"rendered":"Gi\u1ea5y ch\u1eafn s\u01a1n PM616"},"content":{"rendered":"<div class=\"prod-vtop-info\"><!--\n\n\n<h4 class=\"c-tit01\"><\/h4>\n\n\n--><\/p>\n<div class=\"sgap\"><span style=\"font-size: 14.4px;\">T\u00ednh n\u0103ng<\/span><\/div>\n<div class=\"pinfo-list-wr\">\n<dl class=\"pinfo-list\">\n<dd class=\"ptxt\">\n<ul class=\"c-list01\">\n<li>Masking tapes with adhesive residue free.<\/li>\n<li class=\" translation-block\">Kraft paper <strong><span style=\"font-weight: 400;\">absorbs<\/span><\/strong>&nbsp;paints.<\/li>\n<li>Easy tearing and tapes not to be torn when attaching and detaching.<\/li>\n<\/ul>\n<\/dd>\n<\/dl>\n<dl class=\"pinfo-list\">\n<dt class=\"ptit\">\u1ee8ng d\u1ee5ng<\/dt>\n<dd class=\"ptxt\">\n<ul class=\"c-list01\">\n<li>S\u01a1n trang tr\u00ed n\u1ed9i th\u1ea5t t\u00f2a nh\u00e0.<\/li>\n<\/ul>\n<\/dd>\n<\/dl>\n<dl class=\"pinfo-list\">\n<dt class=\"ptit\">M\u00e0u b\u0103ng<\/dt>\n<dd class=\"ptxt\">\n<ul class=\"prod-color-list\">\n<li><span style=\"background-color: #fff2bd;\">\u00a0 \u00a0 \u00a0<\/span>\u00a0\u00a0V\u00e0ng nh\u1ea1t<\/li>\n<\/ul>\n<p class=\"mg10t f12 tlh130\">\u203b C\u00f3 th\u1ec3 c\u00f3 c\u00e1c m\u00e0u kh\u00e1c<\/p>\n<\/dd>\n<\/dl>\n<dl class=\"pinfo-list\">\n<dt class=\"ptit\">S\u1ef1 ch\u1ec9 r\u00f5<\/dt>\n<dd class=\"ptxt\">\n<div class=\"pinfo-tbl-wr\">\n<table class=\"tbl-prod-s2 tbl-prod-dft\">\n<colgroup>\n<col class=\"fld1\" \/>\n<col class=\"fld2\" \/>\n<col class=\"fld3\" \/>\n<col class=\"fld4\" \/>\n<col class=\"fld5\" \/> <\/colgroup>\n<thead>\n<tr>\n<th colspan=\"2\" scope=\"col\">Ngh\u1ec7 thu\u1eadt.<\/th>\n<th scope=\"col\">V\u1eadn chuy\u1ec3n<\/th>\n<th scope=\"col\"><\/th>\n<th scope=\"col\" class=\" translation-block\">Thickness<span class=\"stxt\">(mm)<\/span><\/th>\n<\/tr>\n<\/thead>\n<tbody>\n<tr>\n<td class=\"fld1\" rowspan=\"2\">PM616<\/td>\n<td class=\"fld2\">b\u0103ng<\/td>\n<td class=\"fld2\">Gi\u1ea5y nh\u1ea7u<\/td>\n<td class=\"fld2\">Adhesive :\u00a0Acrylic Adhesive<\/td>\n<td class=\"fld2\">0,127\u00b10,015<\/td>\n<\/tr>\n<tr>\n<td class=\"fld2\">Phim \u1ea3nh<\/td>\n<td class=\"fld2\">Kraft Paper<\/td>\n<td class=\"fld2\"><\/td>\n<td class=\"fld2\">0.14(including adhesive)<\/td>\n<\/tr>\n<\/tbody>\n<\/table>\n<\/div>\n<\/dd>\n<\/dl>\n<dl class=\"pinfo-list\">\n<dt class=\"ptit\">K\u00edch th\u01b0\u1edbc\/G\u00f3i<\/dt>\n<dd class=\"ptxt\">\n<div class=\"pinfo-tbl-wr\">\n<table class=\"tbl-prod-s2 tbl-prod-size\">\n<colgroup>\n<col class=\"fld1\" \/>\n<col class=\"fld2\" \/>\n<col class=\"fld3\" \/>\n<col class=\"fld4\" \/>\n<col class=\"fld5\" \/>\n<col class=\"fld6\" \/> <\/colgroup>\n<thead>\n<tr>\n<th colspan=\"2\" scope=\"col\">K\u00edch c\u1ee1<\/th>\n<th rowspan=\"2\" scope=\"col\">b\u0103ng<br \/>\n(mm)<\/th>\n<th rowspan=\"2\" scope=\"col\" class=\" translation-block\">Finished Products<br>\r\n(mm)<\/th>\n<th rowspan=\"2\" scope=\"col\">B\u01b0u ki\u1ec7n<\/th>\n<th rowspan=\"2\" scope=\"col\">S\u1ed1 l\u01b0\u1ee3ng(#)<\/th>\n<\/tr>\n<tr>\n<th scope=\"col\">Chi\u1ec1u r\u1ed9ng (mm)<\/th>\n<th scope=\"col\">\u00a0Chi\u1ec1u d\u00e0i (m)<\/th>\n<\/tr>\n<\/thead>\n<tbody>\n<tr>\n<td class=\"fld1\">150<\/td>\n<td rowspan=\"3\">35<\/td>\n<td class=\"fld2\" rowspan=\"3\">15<\/td>\n<td class=\"fld2\">150<\/td>\n<td rowspan=\"3\">\u0110\u00f3ng g\u00f3i co l\u1ea1i<\/td>\n<td class=\"fld2\">20<\/td>\n<\/tr>\n<tr>\n<td class=\"fld1\">300<\/td>\n<td class=\"fld2\" rowspan=\"2\">300<\/td>\n<td class=\"fld2\">10<\/td>\n<\/tr>\n<tr>\n<td class=\"fld1\">550<\/td>\n<td class=\"fld2\">10<\/td>\n<\/tr>\n<\/tbody>\n<\/table>\n<p>\u203b C\u00f3 th\u1ec3 c\u00f3 c\u00e1c k\u00edch th\u01b0\u1edbc kh\u00e1c<\/p>\n<\/div>\n<\/dd>\n<\/dl>\n<\/div>\n<p>&nbsp;<\/p>\n<\/div>","protected":false},"excerpt":{"rendered":"<p>Feature Masking tapes with adhesive residue free. Kraft paper absorbs\u00a0paints. Easy tearing and tapes not to be torn when attaching and detaching. Application Painting building interior decoration. Tape Color \u00a0 \u00a0 \u00a0\u00a0\u00a0Light Yellow \u203b\u00a0Other colors possible Specification Art. Carrier Thickness(mm) PM616 Tape Crepe Paper Adhesive :\u00a0Acrylic Adhesive 0.127\u00b10.015 Film Kraft Paper 0.14(including adhesive) Size\/Package Size [&#8230;]","protected":false},"featured_media":911,"template":"","meta":[],"product_cat":[161,162,164,157,160],"product_tag":[],"yoast_head":"<!-- This site is optimized with the Yoast SEO plugin v22.6 - https:\/\/yoast.com\/wordpress\/plugins\/seo\/ -->\n<title>Paper Tape Masking Paper  PM616 - Oriental Commerce<\/title>\n<meta name=\"robots\" content=\"index, follow, max-snippet:-1, max-image-preview:large, max-video-preview:-1\" \/>\n<link rel=\"canonical\" href=\"https:\/\/occ21.vn\/vi\/san-pham\/paper-tape-masking-paper-pm616\/\" \/>\n<meta property=\"og:locale\" content=\"vi_VN\" \/>\n<meta property=\"og:type\" content=\"article\" \/>\n<meta property=\"og:title\" content=\"Paper Tape Masking Paper  PM616 - Oriental Commerce\" \/>\n<meta property=\"og:description\" content=\"Feature Masking tapes with adhesive residue free. Kraft paper absorbs\u00a0paints. Easy tearing and tapes not to be torn when attaching and detaching. Application Painting building interior decoration. Tape Color \u00a0 \u00a0 \u00a0\u00a0\u00a0Light Yellow \u203b\u00a0Other colors possible Specification Art. Carrier Thickness(mm) PM616 Tape Crepe Paper Adhesive :\u00a0Acrylic Adhesive 0.127\u00b10.015 Film Kraft Paper 0.14(including adhesive) Size\/Package Size [...]\" \/>\n<meta property=\"og:url\" content=\"https:\/\/occ21.vn\/vi\/san-pham\/paper-tape-masking-paper-pm616\/\" \/>\n<meta property=\"og:site_name\" content=\"Oriental Commerce\" \/>\n<meta property=\"article:modified_time\" content=\"2023-11-12T11:31:19+00:00\" \/>\n<meta property=\"og:image\" content=\"https:\/\/occ21.vn\/wp-content\/uploads\/2023\/11\/Paper-Tape-Masking-Paper-PM616-1.jpg\" \/>\n\t<meta property=\"og:image:width\" content=\"400\" \/>\n\t<meta property=\"og:image:height\" content=\"400\" \/>\n\t<meta property=\"og:image:type\" content=\"image\/jpeg\" \/>\n<meta name=\"twitter:card\" content=\"summary_large_image\" \/>\n<meta name=\"twitter:label1\" content=\"\u01af\u1edbc t\u00ednh th\u1eddi gian \u0111\u1ecdc\" \/>\n\t<meta name=\"twitter:data1\" content=\"1 ph\u00fat\" \/>\n<script type=\"application\/ld+json\" class=\"yoast-schema-graph\">{\"@context\":\"https:\/\/schema.org\",\"@graph\":[{\"@type\":\"WebPage\",\"@id\":\"https:\/\/occ21.vn\/product\/paper-tape-masking-paper-pm616\/\",\"url\":\"https:\/\/occ21.vn\/product\/paper-tape-masking-paper-pm616\/\",\"name\":\"Paper Tape Masking Paper PM616 - Oriental Commerce\",\"isPartOf\":{\"@id\":\"https:\/\/occ21.vn\/#website\"},\"primaryImageOfPage\":{\"@id\":\"https:\/\/occ21.vn\/product\/paper-tape-masking-paper-pm616\/#primaryimage\"},\"image\":{\"@id\":\"https:\/\/occ21.vn\/product\/paper-tape-masking-paper-pm616\/#primaryimage\"},\"thumbnailUrl\":\"https:\/\/occ21.vn\/wp-content\/uploads\/2023\/11\/Paper-Tape-Masking-Paper-PM616-1.jpg\",\"datePublished\":\"2023-11-11T11:57:40+00:00\",\"dateModified\":\"2023-11-12T11:31:19+00:00\",\"breadcrumb\":{\"@id\":\"https:\/\/occ21.vn\/product\/paper-tape-masking-paper-pm616\/#breadcrumb\"},\"inLanguage\":\"vi\",\"potentialAction\":[{\"@type\":\"ReadAction\",\"target\":[\"https:\/\/occ21.vn\/product\/paper-tape-masking-paper-pm616\/\"]}]},{\"@type\":\"ImageObject\",\"inLanguage\":\"vi\",\"@id\":\"https:\/\/occ21.vn\/product\/paper-tape-masking-paper-pm616\/#primaryimage\",\"url\":\"https:\/\/occ21.vn\/wp-content\/uploads\/2023\/11\/Paper-Tape-Masking-Paper-PM616-1.jpg\",\"contentUrl\":\"https:\/\/occ21.vn\/wp-content\/uploads\/2023\/11\/Paper-Tape-Masking-Paper-PM616-1.jpg\",\"width\":400,\"height\":400},{\"@type\":\"BreadcrumbList\",\"@id\":\"https:\/\/occ21.vn\/product\/paper-tape-masking-paper-pm616\/#breadcrumb\",\"itemListElement\":[{\"@type\":\"ListItem\",\"position\":1,\"name\":\"\",\"item\":\"https:\/\/occ21.vn\/\"},{\"@type\":\"ListItem\",\"position\":2,\"name\":\"Shop\",\"item\":\"https:\/\/occ21.vn\/shop\/\"},{\"@type\":\"ListItem\",\"position\":3,\"name\":\"Paper Tape Masking Paper PM616\"}]},{\"@type\":\"WebSite\",\"@id\":\"https:\/\/occ21.vn\/#website\",\"url\":\"https:\/\/occ21.vn\/\",\"name\":\"Oriental Commerce\",\"description\":\"\",\"potentialAction\":[{\"@type\":\"SearchAction\",\"target\":{\"@type\":\"EntryPoint\",\"urlTemplate\":\"https:\/\/occ21.vn\/?s={search_term_string}\"},\"query-input\":\"required name=search_term_string\"}],\"inLanguage\":\"vi\"}]}<\/script>\n<!-- \/ Yoast SEO plugin. -->","yoast_head_json":{"title":"Paper Tape Masking Paper  PM616 - Oriental Commerce","robots":{"index":"index","follow":"follow","max-snippet":"max-snippet:-1","max-image-preview":"max-image-preview:large","max-video-preview":"max-video-preview:-1"},"canonical":"https:\/\/occ21.vn\/vi\/san-pham\/paper-tape-masking-paper-pm616\/","og_locale":"vi_VN","og_type":"article","og_title":"Paper Tape Masking Paper  PM616 - Oriental Commerce","og_description":"Feature Masking tapes with adhesive residue free. Kraft paper absorbs\u00a0paints. Easy tearing and tapes not to be torn when attaching and detaching. Application Painting building interior decoration. Tape Color \u00a0 \u00a0 \u00a0\u00a0\u00a0Light Yellow \u203b\u00a0Other colors possible Specification Art. Carrier Thickness(mm) PM616 Tape Crepe Paper Adhesive :\u00a0Acrylic Adhesive 0.127\u00b10.015 Film Kraft Paper 0.14(including adhesive) Size\/Package Size [...]","og_url":"https:\/\/occ21.vn\/vi\/san-pham\/paper-tape-masking-paper-pm616\/","og_site_name":"Oriental Commerce","article_modified_time":"2023-11-12T11:31:19+00:00","og_image":[{"width":400,"height":400,"url":"https:\/\/occ21.vn\/wp-content\/uploads\/2023\/11\/Paper-Tape-Masking-Paper-PM616-1.jpg","type":"image\/jpeg"}],"twitter_card":"summary_large_image","twitter_misc":{"\u01af\u1edbc t\u00ednh th\u1eddi gian \u0111\u1ecdc":"1 ph\u00fat"},"schema":{"@context":"https:\/\/schema.org","@graph":[{"@type":"WebPage","@id":"https:\/\/occ21.vn\/product\/paper-tape-masking-paper-pm616\/","url":"https:\/\/occ21.vn\/product\/paper-tape-masking-paper-pm616\/","name":"Paper Tape Masking Paper PM616 - Oriental Commerce","isPartOf":{"@id":"https:\/\/occ21.vn\/#website"},"primaryImageOfPage":{"@id":"https:\/\/occ21.vn\/product\/paper-tape-masking-paper-pm616\/#primaryimage"},"image":{"@id":"https:\/\/occ21.vn\/product\/paper-tape-masking-paper-pm616\/#primaryimage"},"thumbnailUrl":"https:\/\/occ21.vn\/wp-content\/uploads\/2023\/11\/Paper-Tape-Masking-Paper-PM616-1.jpg","datePublished":"2023-11-11T11:57:40+00:00","dateModified":"2023-11-12T11:31:19+00:00","breadcrumb":{"@id":"https:\/\/occ21.vn\/product\/paper-tape-masking-paper-pm616\/#breadcrumb"},"inLanguage":"vi","potentialAction":[{"@type":"ReadAction","target":["https:\/\/occ21.vn\/product\/paper-tape-masking-paper-pm616\/"]}]},{"@type":"ImageObject","inLanguage":"vi","@id":"https:\/\/occ21.vn\/product\/paper-tape-masking-paper-pm616\/#primaryimage","url":"https:\/\/occ21.vn\/wp-content\/uploads\/2023\/11\/Paper-Tape-Masking-Paper-PM616-1.jpg","contentUrl":"https:\/\/occ21.vn\/wp-content\/uploads\/2023\/11\/Paper-Tape-Masking-Paper-PM616-1.jpg","width":400,"height":400},{"@type":"BreadcrumbList","@id":"https:\/\/occ21.vn\/product\/paper-tape-masking-paper-pm616\/#breadcrumb","itemListElement":[{"@type":"ListItem","position":1,"name":"","item":"https:\/\/occ21.vn\/"},{"@type":"ListItem","position":2,"name":"Shop","item":"https:\/\/occ21.vn\/shop\/"},{"@type":"ListItem","position":3,"name":"Paper Tape Masking Paper PM616"}]},{"@type":"WebSite","@id":"https:\/\/occ21.vn\/#website","url":"https:\/\/occ21.vn\/","name":"Oriental Commerce","description":"","potentialAction":[{"@type":"SearchAction","target":{"@type":"EntryPoint","urlTemplate":"https:\/\/occ21.vn\/?s={search_term_string}"},"query-input":"required name=search_term_string"}],"inLanguage":"vi"}]}},"_links":{"self":[{"href":"https:\/\/occ21.vn\/vi\/wp-json\/wp\/v2\/product\/908"}],"collection":[{"href":"https:\/\/occ21.vn\/vi\/wp-json\/wp\/v2\/product"}],"about":[{"href":"https:\/\/occ21.vn\/vi\/wp-json\/wp\/v2\/types\/product"}],"wp:featuredmedia":[{"embeddable":true,"href":"https:\/\/occ21.vn\/vi\/wp-json\/wp\/v2\/media\/911"}],"wp:attachment":[{"href":"https:\/\/occ21.vn\/vi\/wp-json\/wp\/v2\/media?parent=908"}],"wp:term":[{"taxonomy":"product_cat","embeddable":true,"href":"https:\/\/occ21.vn\/vi\/wp-json\/wp\/v2\/product_cat?post=908"},{"taxonomy":"product_tag","embeddable":true,"href":"https:\/\/occ21.vn\/vi\/wp-json\/wp\/v2\/product_tag?post=908"}],"curies":[{"name":"wp","href":"https:\/\/api.w.org\/{rel}","templated":true}]}}