{"id":916,"date":"2023-11-11T12:01:12","date_gmt":"2023-11-11T12:01:12","guid":{"rendered":"http:\/\/localhost\/?post_type=product&#038;p=916"},"modified":"2023-11-12T11:31:19","modified_gmt":"2023-11-12T11:31:19","slug":"automotive-masker-pm2519","status":"publish","type":"product","link":"https:\/\/occ21.vn\/vi\/san-pham\/automotive-masker-pm2519\/","title":{"rendered":"M\u00e0ng ch\u1eafn s\u01a1n d\u00f9ng trong s\u01a1n \u00f4 t\u00f4 PM2519"},"content":{"rendered":"<div class=\"prod-vtop-info\"><!--\n\n\n<h4 class=\"c-tit01\"><\/h4>\n\n\n--><\/p>\n<div class=\"sgap\"><span style=\"font-size: 14.4px;\">T\u00ednh n\u0103ng<\/span><\/div>\n<div class=\"pinfo-list-wr\">\n<dl class=\"pinfo-list\">\n<dd class=\"ptxt\">\n<ul class=\"c-list01\">\n<li>B\u0103ng gi\u1ea5y Crepe che ph\u1ee7 \u00f4 t\u00f4 kh\u00f4ng c\u00f3 c\u1eb7n d\u00ednh.<\/li>\n<li>Kh\u00f4ng c\u00f3 c\u1eb7n b\u00e1m d\u00ednh v\u00e0 ch\u1ed1ng phai m\u00e0u khi l\u00e0m n\u00f3ng th\u00e2n xe \u1edf nhi\u1ec7t \u0111\u1ed9 120 \u0111\u1ed9 C trong 30 ph\u00fat.<\/li>\n<li>Qu\u00e1 tr\u00ecnh d\u1eadp n\u1ed5i v\u00e0 t\u1ea5m poly t\u0129nh \u0111i\u1ec7n.<\/li>\n<li>T\u1ea5m d\u1eadp n\u1ed5i ng\u0103n s\u01a1n ch\u1ea3y xu\u1ed1ng v\u00e0 ch\u1ed1ng \u1ea9m.<\/li>\n<li><\/li>\n<\/ul>\n<\/dd>\n<\/dl>\n<dl class=\"pinfo-list\">\n<dt class=\"ptit\">\u1ee8ng d\u1ee5ng<\/dt>\n<dd class=\"ptxt\">\n<ul class=\"c-list01\">\n<li>S\u01a1n t\u0129nh \u0111i\u1ec7n v\u00e0 s\u01a1n l\u1ea1i \u00f4 t\u00f4.<\/li>\n<\/ul>\n<\/dd>\n<\/dl>\n<dl class=\"pinfo-list\">\n<dt class=\"ptit\">M\u00e0u b\u0103ng<\/dt>\n<dd class=\"ptxt\">\n<ul class=\"prod-color-list\">\n<li><span style=\"background-color: #ffff00;\">\u00a0 \u00a0 \u00a0<\/span>\u00a0\u00a0M\u00e0u v\u00e0ng<\/li>\n<\/ul>\n<p class=\"mg10t f12 tlh130\">\u203b C\u00f3 th\u1ec3 c\u00f3 c\u00e1c m\u00e0u kh\u00e1c<\/p>\n<\/dd>\n<\/dl>\n<dl class=\"pinfo-list\">\n<dt class=\"ptit\">S\u1ef1 ch\u1ec9 r\u00f5<\/dt>\n<dd class=\"ptxt\">\n<div class=\"pinfo-tbl-wr\">\n<table class=\"tbl-prod-s2 tbl-prod-dft\">\n<colgroup>\n<col class=\"fld1\" \/>\n<col class=\"fld2\" \/>\n<col class=\"fld3\" \/>\n<col class=\"fld4\" \/>\n<col class=\"fld5\" \/> <\/colgroup>\n<thead>\n<tr>\n<th colspan=\"2\" scope=\"col\">Ngh\u1ec7 thu\u1eadt.<\/th>\n<th scope=\"col\">V\u1eadn chuy\u1ec3n<\/th>\n<th scope=\"col\">\u00a0Ch\u1ea5t k\u1ebft d\u00ednh\/B\u1ec1 m\u1eb7t<\/th>\n<th scope=\"col\" class=\" translation-block\">Thickness<span class=\"stxt\">(mm)<\/span><\/th>\n<\/tr>\n<\/thead>\n<tbody>\n<tr>\n<td class=\"fld1\" rowspan=\"2\">PM2519<\/td>\n<td class=\"fld2\">b\u0103ng<\/td>\n<td class=\"fld2\">Gi\u1ea5y Cerepe<\/td>\n<td class=\"fld2\">Ch\u1ea5t k\u1ebft d\u00ednh: Cao su \u0111\u1eb7c bi\u1ec7t<\/td>\n<td class=\"fld2\"><\/td>\n<\/tr>\n<tr>\n<td class=\"fld2\">Phim \u1ea3nh<\/td>\n<td class=\"fld2\">D\u1eadp n\u1ed5i PE \u0111\u00e3 qua x\u1eed l\u00fd<\/td>\n<td class=\"fld2\">b\u1ec1 m\u1eb7t: T\u0129nh \u0110i\u1ec7n<\/td>\n<td class=\"fld2\">0.01<\/td>\n<\/tr>\n<\/tbody>\n<\/table>\n<\/div>\n<\/dd>\n<\/dl>\n<dl class=\"pinfo-list\">\n<dt class=\"ptit\">K\u00edch th\u01b0\u1edbc\/G\u00f3i<\/dt>\n<dd class=\"ptxt\">\n<div class=\"pinfo-tbl-wr\">\n<table class=\"tbl-prod-s2 tbl-prod-size\">\n<colgroup>\n<col class=\"fld1\" \/>\n<col class=\"fld2\" \/>\n<col class=\"fld3\" \/>\n<col class=\"fld4\" \/>\n<col class=\"fld5\" \/>\n<col class=\"fld6\" \/> <\/colgroup>\n<thead>\n<tr>\n<th colspan=\"2\" scope=\"col\">K\u00edch c\u1ee1<\/th>\n<th rowspan=\"2\" scope=\"col\">b\u0103ng<br \/>\n(mm)<\/th>\n<th rowspan=\"2\" scope=\"col\" class=\" translation-block\">Finished Products<br>\r\n(mm)<\/th>\n<th rowspan=\"2\" scope=\"col\">B\u01b0u ki\u1ec7n<\/th>\n<th rowspan=\"2\" scope=\"col\">S\u1ed1 l\u01b0\u1ee3ng(#)<\/th>\n<\/tr>\n<tr>\n<th scope=\"col\">Chi\u1ec1u r\u1ed9ng (mm)<\/th>\n<th scope=\"col\">\u00a0Chi\u1ec1u d\u00e0i (m)<\/th>\n<\/tr>\n<\/thead>\n<tbody>\n<tr>\n<td>300<\/td>\n<td rowspan=\"10\">20, 35<\/td>\n<td rowspan=\"10\">15, 16<\/td>\n<td>60<\/td>\n<td rowspan=\"10\">Kh\u00f4ng \u00e1p d\u1ee5ng<\/td>\n<td rowspan=\"10\">30<\/td>\n<\/tr>\n<tr>\n<td>400<\/td>\n<td>70, 98<\/td>\n<\/tr>\n<tr>\n<td>550<\/td>\n<td>98<\/td>\n<\/tr>\n<tr>\n<td>600<\/td>\n<td>98, 105<\/td>\n<\/tr>\n<tr>\n<td>900<\/td>\n<td>98, 135<\/td>\n<\/tr>\n<tr>\n<td>1000<\/td>\n<td>198<\/td>\n<\/tr>\n<tr>\n<td>1100<\/td>\n<td>198<\/td>\n<\/tr>\n<tr>\n<td>1800<\/td>\n<td>198<\/td>\n<\/tr>\n<tr>\n<td>2100<\/td>\n<td>198<\/td>\n<\/tr>\n<tr>\n<td>2400<\/td>\n<td>198, 320<\/td>\n<\/tr>\n<\/tbody>\n<\/table>\n<p>\u203b C\u00f3 th\u1ec3 c\u00f3 c\u00e1c k\u00edch th\u01b0\u1edbc kh\u00e1c<\/p>\n<\/div>\n<\/dd>\n<\/dl>\n<\/div>\n<p>&nbsp;<\/p>\n<\/div>","protected":false},"excerpt":{"rendered":"<p>Feature Automotive masking\u00a0Crepe Paper\u00a0tape with adhesive residue free. Adhesive residue free and anti-discoloration, when heating a car body to 120 degree Celsius for 30 minutes. Embossing process and electro static poly sheet. Embossing sheet stops paint from running down and prevents moisture. Application Powder coating and automotive refinish painting. Tape Color \u00a0 \u00a0 \u00a0\u00a0\u00a0Yellow \u203b\u00a0Other [&#8230;]","protected":false},"featured_media":918,"template":"","meta":[],"product_cat":[161,163,164,157,160],"product_tag":[],"yoast_head":"<!-- This site is optimized with the Yoast SEO plugin v22.6 - https:\/\/yoast.com\/wordpress\/plugins\/seo\/ -->\n<title>Automotive Masker  PM2519 - Oriental Commerce<\/title>\n<meta name=\"robots\" content=\"index, follow, max-snippet:-1, max-image-preview:large, max-video-preview:-1\" \/>\n<link rel=\"canonical\" href=\"https:\/\/occ21.vn\/vi\/san-pham\/automotive-masker-pm2519\/\" \/>\n<meta property=\"og:locale\" content=\"vi_VN\" \/>\n<meta property=\"og:type\" content=\"article\" \/>\n<meta property=\"og:title\" content=\"Automotive Masker  PM2519 - Oriental Commerce\" \/>\n<meta property=\"og:description\" content=\"Feature Automotive masking\u00a0Crepe Paper\u00a0tape with adhesive residue free. Adhesive residue free and anti-discoloration, when heating a car body to 120 degree Celsius for 30 minutes. Embossing process and electro static poly sheet. Embossing sheet stops paint from running down and prevents moisture. Application Powder coating and automotive refinish painting. Tape Color \u00a0 \u00a0 \u00a0\u00a0\u00a0Yellow \u203b\u00a0Other [...]\" \/>\n<meta property=\"og:url\" content=\"https:\/\/occ21.vn\/vi\/san-pham\/automotive-masker-pm2519\/\" \/>\n<meta property=\"og:site_name\" content=\"Oriental Commerce\" \/>\n<meta property=\"article:modified_time\" content=\"2023-11-12T11:31:19+00:00\" \/>\n<meta property=\"og:image\" content=\"https:\/\/occ21.vn\/wp-content\/uploads\/2023\/11\/Automotive-Masker-PM2519-1.jpg\" \/>\n\t<meta property=\"og:image:width\" content=\"400\" \/>\n\t<meta property=\"og:image:height\" content=\"400\" \/>\n\t<meta property=\"og:image:type\" content=\"image\/jpeg\" \/>\n<meta name=\"twitter:card\" content=\"summary_large_image\" \/>\n<meta name=\"twitter:label1\" content=\"\u01af\u1edbc t\u00ednh th\u1eddi gian \u0111\u1ecdc\" \/>\n\t<meta name=\"twitter:data1\" content=\"1 ph\u00fat\" \/>\n<script type=\"application\/ld+json\" class=\"yoast-schema-graph\">{\"@context\":\"https:\/\/schema.org\",\"@graph\":[{\"@type\":\"WebPage\",\"@id\":\"https:\/\/occ21.vn\/product\/automotive-masker-pm2519\/\",\"url\":\"https:\/\/occ21.vn\/product\/automotive-masker-pm2519\/\",\"name\":\"Automotive Masker PM2519 - Oriental Commerce\",\"isPartOf\":{\"@id\":\"https:\/\/occ21.vn\/#website\"},\"primaryImageOfPage\":{\"@id\":\"https:\/\/occ21.vn\/product\/automotive-masker-pm2519\/#primaryimage\"},\"image\":{\"@id\":\"https:\/\/occ21.vn\/product\/automotive-masker-pm2519\/#primaryimage\"},\"thumbnailUrl\":\"https:\/\/occ21.vn\/wp-content\/uploads\/2023\/11\/Automotive-Masker-PM2519-1.jpg\",\"datePublished\":\"2023-11-11T12:01:12+00:00\",\"dateModified\":\"2023-11-12T11:31:19+00:00\",\"breadcrumb\":{\"@id\":\"https:\/\/occ21.vn\/product\/automotive-masker-pm2519\/#breadcrumb\"},\"inLanguage\":\"vi\",\"potentialAction\":[{\"@type\":\"ReadAction\",\"target\":[\"https:\/\/occ21.vn\/product\/automotive-masker-pm2519\/\"]}]},{\"@type\":\"ImageObject\",\"inLanguage\":\"vi\",\"@id\":\"https:\/\/occ21.vn\/product\/automotive-masker-pm2519\/#primaryimage\",\"url\":\"https:\/\/occ21.vn\/wp-content\/uploads\/2023\/11\/Automotive-Masker-PM2519-1.jpg\",\"contentUrl\":\"https:\/\/occ21.vn\/wp-content\/uploads\/2023\/11\/Automotive-Masker-PM2519-1.jpg\",\"width\":400,\"height\":400},{\"@type\":\"BreadcrumbList\",\"@id\":\"https:\/\/occ21.vn\/product\/automotive-masker-pm2519\/#breadcrumb\",\"itemListElement\":[{\"@type\":\"ListItem\",\"position\":1,\"name\":\"\",\"item\":\"https:\/\/occ21.vn\/\"},{\"@type\":\"ListItem\",\"position\":2,\"name\":\"Shop\",\"item\":\"https:\/\/occ21.vn\/shop\/\"},{\"@type\":\"ListItem\",\"position\":3,\"name\":\"Automotive Masker PM2519\"}]},{\"@type\":\"WebSite\",\"@id\":\"https:\/\/occ21.vn\/#website\",\"url\":\"https:\/\/occ21.vn\/\",\"name\":\"Oriental Commerce\",\"description\":\"\",\"potentialAction\":[{\"@type\":\"SearchAction\",\"target\":{\"@type\":\"EntryPoint\",\"urlTemplate\":\"https:\/\/occ21.vn\/?s={search_term_string}\"},\"query-input\":\"required name=search_term_string\"}],\"inLanguage\":\"vi\"}]}<\/script>\n<!-- \/ Yoast SEO plugin. -->","yoast_head_json":{"title":"Automotive Masker  PM2519 - Oriental Commerce","robots":{"index":"index","follow":"follow","max-snippet":"max-snippet:-1","max-image-preview":"max-image-preview:large","max-video-preview":"max-video-preview:-1"},"canonical":"https:\/\/occ21.vn\/vi\/san-pham\/automotive-masker-pm2519\/","og_locale":"vi_VN","og_type":"article","og_title":"Automotive Masker  PM2519 - Oriental Commerce","og_description":"Feature Automotive masking\u00a0Crepe Paper\u00a0tape with adhesive residue free. Adhesive residue free and anti-discoloration, when heating a car body to 120 degree Celsius for 30 minutes. Embossing process and electro static poly sheet. Embossing sheet stops paint from running down and prevents moisture. Application Powder coating and automotive refinish painting. Tape Color \u00a0 \u00a0 \u00a0\u00a0\u00a0Yellow \u203b\u00a0Other [...]","og_url":"https:\/\/occ21.vn\/vi\/san-pham\/automotive-masker-pm2519\/","og_site_name":"Oriental Commerce","article_modified_time":"2023-11-12T11:31:19+00:00","og_image":[{"width":400,"height":400,"url":"https:\/\/occ21.vn\/wp-content\/uploads\/2023\/11\/Automotive-Masker-PM2519-1.jpg","type":"image\/jpeg"}],"twitter_card":"summary_large_image","twitter_misc":{"\u01af\u1edbc t\u00ednh th\u1eddi gian \u0111\u1ecdc":"1 ph\u00fat"},"schema":{"@context":"https:\/\/schema.org","@graph":[{"@type":"WebPage","@id":"https:\/\/occ21.vn\/product\/automotive-masker-pm2519\/","url":"https:\/\/occ21.vn\/product\/automotive-masker-pm2519\/","name":"Automotive Masker PM2519 - Oriental Commerce","isPartOf":{"@id":"https:\/\/occ21.vn\/#website"},"primaryImageOfPage":{"@id":"https:\/\/occ21.vn\/product\/automotive-masker-pm2519\/#primaryimage"},"image":{"@id":"https:\/\/occ21.vn\/product\/automotive-masker-pm2519\/#primaryimage"},"thumbnailUrl":"https:\/\/occ21.vn\/wp-content\/uploads\/2023\/11\/Automotive-Masker-PM2519-1.jpg","datePublished":"2023-11-11T12:01:12+00:00","dateModified":"2023-11-12T11:31:19+00:00","breadcrumb":{"@id":"https:\/\/occ21.vn\/product\/automotive-masker-pm2519\/#breadcrumb"},"inLanguage":"vi","potentialAction":[{"@type":"ReadAction","target":["https:\/\/occ21.vn\/product\/automotive-masker-pm2519\/"]}]},{"@type":"ImageObject","inLanguage":"vi","@id":"https:\/\/occ21.vn\/product\/automotive-masker-pm2519\/#primaryimage","url":"https:\/\/occ21.vn\/wp-content\/uploads\/2023\/11\/Automotive-Masker-PM2519-1.jpg","contentUrl":"https:\/\/occ21.vn\/wp-content\/uploads\/2023\/11\/Automotive-Masker-PM2519-1.jpg","width":400,"height":400},{"@type":"BreadcrumbList","@id":"https:\/\/occ21.vn\/product\/automotive-masker-pm2519\/#breadcrumb","itemListElement":[{"@type":"ListItem","position":1,"name":"","item":"https:\/\/occ21.vn\/"},{"@type":"ListItem","position":2,"name":"Shop","item":"https:\/\/occ21.vn\/shop\/"},{"@type":"ListItem","position":3,"name":"Automotive Masker PM2519"}]},{"@type":"WebSite","@id":"https:\/\/occ21.vn\/#website","url":"https:\/\/occ21.vn\/","name":"Oriental Commerce","description":"","potentialAction":[{"@type":"SearchAction","target":{"@type":"EntryPoint","urlTemplate":"https:\/\/occ21.vn\/?s={search_term_string}"},"query-input":"required name=search_term_string"}],"inLanguage":"vi"}]}},"_links":{"self":[{"href":"https:\/\/occ21.vn\/vi\/wp-json\/wp\/v2\/product\/916"}],"collection":[{"href":"https:\/\/occ21.vn\/vi\/wp-json\/wp\/v2\/product"}],"about":[{"href":"https:\/\/occ21.vn\/vi\/wp-json\/wp\/v2\/types\/product"}],"wp:featuredmedia":[{"embeddable":true,"href":"https:\/\/occ21.vn\/vi\/wp-json\/wp\/v2\/media\/918"}],"wp:attachment":[{"href":"https:\/\/occ21.vn\/vi\/wp-json\/wp\/v2\/media?parent=916"}],"wp:term":[{"taxonomy":"product_cat","embeddable":true,"href":"https:\/\/occ21.vn\/vi\/wp-json\/wp\/v2\/product_cat?post=916"},{"taxonomy":"product_tag","embeddable":true,"href":"https:\/\/occ21.vn\/vi\/wp-json\/wp\/v2\/product_tag?post=916"}],"curies":[{"name":"wp","href":"https:\/\/api.w.org\/{rel}","templated":true}]}}