{"id":920,"date":"2023-11-11T12:02:33","date_gmt":"2023-11-11T12:02:33","guid":{"rendered":"http:\/\/localhost\/?post_type=product&#038;p=920"},"modified":"2023-11-12T11:33:00","modified_gmt":"2023-11-12T11:33:00","slug":"masker-mixed-with-calcium-carbonate-sm623","status":"publish","type":"product","link":"https:\/\/occ21.vn\/vi\/san-pham\/masker-mixed-with-calcium-carbonate-sm623\/","title":{"rendered":"M\u00e0ng ch\u1eafn canxi cacbonat SM623"},"content":{"rendered":"<div class=\"prod-vtop-info\"><!--\n\n\n<h4 class=\"c-tit01\"><\/h4>\n\n\n--><\/p>\n<div class=\"sgap\"><span style=\"font-size: 14.4px;\">T\u00ednh n\u0103ng<\/span><\/div>\n<div class=\"pinfo-list-wr\">\n<dl class=\"pinfo-list\">\n<dd class=\"ptxt\">\n<ul class=\"c-list01\">\n<li>Washi tapes for automobile.<\/li>\n<li>Electro static sheet mixed with calcium carbonate.<\/li>\n<li>By mixing calcium carbonate, this sheet holds paint misted on the surface more than other products.\u00a0There is not any dull-colored\u00a0phenomenon, because the sheet has a breathable and gas absorbing properties.<\/li>\n<\/ul>\n<\/dd>\n<\/dl>\n<dl class=\"pinfo-list\">\n<dt class=\"ptit\">\u1ee8ng d\u1ee5ng<\/dt>\n<dd class=\"ptxt\">\n<ul class=\"c-list01\">\n<li>Painting by interior decoration.<\/li>\n<li>S\u01a1n t\u0129nh \u0111i\u1ec7n v\u00e0 s\u01a1n l\u1ea1i \u00f4 t\u00f4.<\/li>\n<\/ul>\n<\/dd>\n<\/dl>\n<dl class=\"pinfo-list\">\n<dt class=\"ptit\">M\u00e0u b\u0103ng<\/dt>\n<dd class=\"ptxt\">\n<ul class=\"prod-color-list\">\n<li><span style=\"background-color: #ff9900;\">\u00a0 \u00a0 \u00a0<\/span>\u00a0 M\u00e0u v\u00e0ng<\/li>\n<\/ul>\n<p class=\"mg10t f12 tlh130\">\u203b C\u00f3 th\u1ec3 c\u00f3 c\u00e1c m\u00e0u kh\u00e1c<\/p>\n<\/dd>\n<\/dl>\n<dl class=\"pinfo-list\">\n<dt class=\"ptit\">S\u1ef1 ch\u1ec9 r\u00f5<\/dt>\n<dd class=\"ptxt\">\n<div class=\"pinfo-tbl-wr\">\n<table class=\"tbl-prod-s2 tbl-prod-dft\">\n<colgroup>\n<col class=\"fld1\" \/>\n<col class=\"fld2\" \/>\n<col class=\"fld3\" \/>\n<col class=\"fld4\" \/>\n<col class=\"fld5\" \/> <\/colgroup>\n<thead>\n<tr>\n<th colspan=\"2\" scope=\"col\">Ngh\u1ec7 thu\u1eadt.<\/th>\n<th scope=\"col\">V\u1eadn chuy\u1ec3n<\/th>\n<th scope=\"col\"><\/th>\n<th scope=\"col\" class=\" translation-block\">Thickness<span class=\"stxt\">(mm)<\/span><\/th>\n<\/tr>\n<\/thead>\n<tbody>\n<tr>\n<td class=\"fld1\" rowspan=\"2\">SM623<\/td>\n<td class=\"fld2\">b\u0103ng<\/td>\n<td class=\"fld2\">Washi Paper<\/td>\n<td class=\"fld2\">Adhesive : Natural Rubber<\/td>\n<td class=\"fld2\">0.095\u00b10.015<\/td>\n<\/tr>\n<tr>\n<td class=\"fld2\">Phim \u1ea3nh<\/td>\n<td class=\"fld2\">Polyethylene mixed with<\/p>\n<p>calcium carboate<\/td>\n<td class=\"fld2\">b\u1ec1 m\u1eb7t: T\u0129nh \u0110i\u1ec7n<\/td>\n<td class=\"fld2\">0.01<\/td>\n<\/tr>\n<\/tbody>\n<\/table>\n<\/div>\n<\/dd>\n<\/dl>\n<dl class=\"pinfo-list\">\n<dt class=\"ptit\">K\u00edch th\u01b0\u1edbc\/G\u00f3i<\/dt>\n<dd class=\"ptxt\">\n<div class=\"pinfo-tbl-wr\">\n<table class=\"tbl-prod-s2 tbl-prod-size\">\n<colgroup>\n<col class=\"fld1\" \/>\n<col class=\"fld2\" \/>\n<col class=\"fld3\" \/>\n<col class=\"fld4\" \/>\n<col class=\"fld5\" \/>\n<col class=\"fld6\" \/> <\/colgroup>\n<thead>\n<tr>\n<th colspan=\"2\" scope=\"col\">K\u00edch c\u1ee1<\/th>\n<th rowspan=\"2\" scope=\"col\">b\u0103ng<br \/>\n(mm)<\/th>\n<th rowspan=\"2\" scope=\"col\" class=\" translation-block\">Finished Products<br>\r\n(mm)<\/th>\n<th rowspan=\"2\" scope=\"col\">B\u01b0u ki\u1ec7n<\/th>\n<th rowspan=\"2\" scope=\"col\">S\u1ed1 l\u01b0\u1ee3ng(#)<\/th>\n<\/tr>\n<tr>\n<th scope=\"col\">Chi\u1ec1u r\u1ed9ng (mm)<\/th>\n<th scope=\"col\">\u00a0Chi\u1ec1u d\u00e0i (m)<\/th>\n<\/tr>\n<\/thead>\n<tbody>\n<tr>\n<td>300<\/td>\n<td rowspan=\"7\">18, 35<\/td>\n<td rowspan=\"7\">15<\/td>\n<td>60<\/td>\n<td rowspan=\"7\">\u0110\u00f3ng g\u00f3i co l\u1ea1i<\/td>\n<td rowspan=\"4\">50<\/td>\n<\/tr>\n<tr>\n<td>550<\/td>\n<td>98<\/td>\n<\/tr>\n<tr>\n<td>1000<\/td>\n<td>98, 135<\/td>\n<\/tr>\n<tr>\n<td>1,100<\/td>\n<td>198<\/td>\n<\/tr>\n<tr>\n<td>1,500<\/td>\n<td>120, 198<\/td>\n<td rowspan=\"3\">25<\/td>\n<\/tr>\n<tr>\n<td>1,800<\/td>\n<td>198<\/td>\n<\/tr>\n<tr>\n<td>2,100<\/td>\n<td>198<\/td>\n<\/tr>\n<\/tbody>\n<\/table>\n<p>\u203b C\u00f3 th\u1ec3 c\u00f3 c\u00e1c k\u00edch th\u01b0\u1edbc kh\u00e1c<\/p>\n<\/div>\n<\/dd>\n<\/dl>\n<\/div>\n<p>&nbsp;<\/p>\n<\/div>","protected":false},"excerpt":{"rendered":"<p>Feature Washi tapes for automobile. Electro static sheet mixed with calcium carbonate. By mixing calcium carbonate, this sheet holds paint misted on the surface more than other products.\u00a0There is not any dull-colored\u00a0phenomenon, because the sheet has a breathable and gas absorbing properties. Application Painting by interior decoration. Powder coating and automotive refinish painting. Tape Color [&#8230;]","protected":false},"featured_media":923,"template":"","meta":[],"product_cat":[161,164,165,157,160],"product_tag":[],"yoast_head":"<!-- This site is optimized with the Yoast SEO plugin v22.6 - https:\/\/yoast.com\/wordpress\/plugins\/seo\/ -->\n<title>Masker mixed with calcium carbonate SM623 - Oriental Commerce<\/title>\n<meta name=\"robots\" content=\"index, follow, max-snippet:-1, max-image-preview:large, max-video-preview:-1\" \/>\n<link rel=\"canonical\" href=\"https:\/\/occ21.vn\/vi\/san-pham\/masker-mixed-with-calcium-carbonate-sm623\/\" \/>\n<meta property=\"og:locale\" content=\"vi_VN\" \/>\n<meta property=\"og:type\" content=\"article\" \/>\n<meta property=\"og:title\" content=\"Masker mixed with calcium carbonate SM623 - Oriental Commerce\" \/>\n<meta property=\"og:description\" content=\"Feature Washi tapes for automobile. Electro static sheet mixed with calcium carbonate. By mixing calcium carbonate, this sheet holds paint misted on the surface more than other products.\u00a0There is not any dull-colored\u00a0phenomenon, because the sheet has a breathable and gas absorbing properties. Application Painting by interior decoration. Powder coating and automotive refinish painting. Tape Color [...]\" \/>\n<meta property=\"og:url\" content=\"https:\/\/occ21.vn\/vi\/san-pham\/masker-mixed-with-calcium-carbonate-sm623\/\" \/>\n<meta property=\"og:site_name\" content=\"Oriental Commerce\" \/>\n<meta property=\"article:modified_time\" content=\"2023-11-12T11:33:00+00:00\" \/>\n<meta property=\"og:image\" content=\"https:\/\/occ21.vn\/wp-content\/uploads\/2023\/11\/Masker-mixed-with-calcium-carbonate-SM623-1.jpg\" \/>\n\t<meta property=\"og:image:width\" content=\"400\" \/>\n\t<meta property=\"og:image:height\" content=\"400\" \/>\n\t<meta property=\"og:image:type\" content=\"image\/jpeg\" \/>\n<meta name=\"twitter:card\" content=\"summary_large_image\" \/>\n<meta name=\"twitter:label1\" content=\"\u01af\u1edbc t\u00ednh th\u1eddi gian \u0111\u1ecdc\" \/>\n\t<meta name=\"twitter:data1\" content=\"1 ph\u00fat\" \/>\n<script type=\"application\/ld+json\" class=\"yoast-schema-graph\">{\"@context\":\"https:\/\/schema.org\",\"@graph\":[{\"@type\":\"WebPage\",\"@id\":\"https:\/\/occ21.vn\/product\/masker-mixed-with-calcium-carbonate-sm623\/\",\"url\":\"https:\/\/occ21.vn\/product\/masker-mixed-with-calcium-carbonate-sm623\/\",\"name\":\"Masker mixed with calcium carbonate SM623 - Oriental Commerce\",\"isPartOf\":{\"@id\":\"https:\/\/occ21.vn\/#website\"},\"primaryImageOfPage\":{\"@id\":\"https:\/\/occ21.vn\/product\/masker-mixed-with-calcium-carbonate-sm623\/#primaryimage\"},\"image\":{\"@id\":\"https:\/\/occ21.vn\/product\/masker-mixed-with-calcium-carbonate-sm623\/#primaryimage\"},\"thumbnailUrl\":\"https:\/\/occ21.vn\/wp-content\/uploads\/2023\/11\/Masker-mixed-with-calcium-carbonate-SM623-1.jpg\",\"datePublished\":\"2023-11-11T12:02:33+00:00\",\"dateModified\":\"2023-11-12T11:33:00+00:00\",\"breadcrumb\":{\"@id\":\"https:\/\/occ21.vn\/product\/masker-mixed-with-calcium-carbonate-sm623\/#breadcrumb\"},\"inLanguage\":\"vi\",\"potentialAction\":[{\"@type\":\"ReadAction\",\"target\":[\"https:\/\/occ21.vn\/product\/masker-mixed-with-calcium-carbonate-sm623\/\"]}]},{\"@type\":\"ImageObject\",\"inLanguage\":\"vi\",\"@id\":\"https:\/\/occ21.vn\/product\/masker-mixed-with-calcium-carbonate-sm623\/#primaryimage\",\"url\":\"https:\/\/occ21.vn\/wp-content\/uploads\/2023\/11\/Masker-mixed-with-calcium-carbonate-SM623-1.jpg\",\"contentUrl\":\"https:\/\/occ21.vn\/wp-content\/uploads\/2023\/11\/Masker-mixed-with-calcium-carbonate-SM623-1.jpg\",\"width\":400,\"height\":400},{\"@type\":\"BreadcrumbList\",\"@id\":\"https:\/\/occ21.vn\/product\/masker-mixed-with-calcium-carbonate-sm623\/#breadcrumb\",\"itemListElement\":[{\"@type\":\"ListItem\",\"position\":1,\"name\":\"\",\"item\":\"https:\/\/occ21.vn\/\"},{\"@type\":\"ListItem\",\"position\":2,\"name\":\"Shop\",\"item\":\"https:\/\/occ21.vn\/shop\/\"},{\"@type\":\"ListItem\",\"position\":3,\"name\":\"Masker mixed with calcium carbonate SM623\"}]},{\"@type\":\"WebSite\",\"@id\":\"https:\/\/occ21.vn\/#website\",\"url\":\"https:\/\/occ21.vn\/\",\"name\":\"Oriental Commerce\",\"description\":\"\",\"potentialAction\":[{\"@type\":\"SearchAction\",\"target\":{\"@type\":\"EntryPoint\",\"urlTemplate\":\"https:\/\/occ21.vn\/?s={search_term_string}\"},\"query-input\":\"required name=search_term_string\"}],\"inLanguage\":\"vi\"}]}<\/script>\n<!-- \/ Yoast SEO plugin. -->","yoast_head_json":{"title":"Masker mixed with calcium carbonate SM623 - Oriental Commerce","robots":{"index":"index","follow":"follow","max-snippet":"max-snippet:-1","max-image-preview":"max-image-preview:large","max-video-preview":"max-video-preview:-1"},"canonical":"https:\/\/occ21.vn\/vi\/san-pham\/masker-mixed-with-calcium-carbonate-sm623\/","og_locale":"vi_VN","og_type":"article","og_title":"Masker mixed with calcium carbonate SM623 - Oriental Commerce","og_description":"Feature Washi tapes for automobile. Electro static sheet mixed with calcium carbonate. By mixing calcium carbonate, this sheet holds paint misted on the surface more than other products.\u00a0There is not any dull-colored\u00a0phenomenon, because the sheet has a breathable and gas absorbing properties. Application Painting by interior decoration. Powder coating and automotive refinish painting. Tape Color [...]","og_url":"https:\/\/occ21.vn\/vi\/san-pham\/masker-mixed-with-calcium-carbonate-sm623\/","og_site_name":"Oriental Commerce","article_modified_time":"2023-11-12T11:33:00+00:00","og_image":[{"width":400,"height":400,"url":"https:\/\/occ21.vn\/wp-content\/uploads\/2023\/11\/Masker-mixed-with-calcium-carbonate-SM623-1.jpg","type":"image\/jpeg"}],"twitter_card":"summary_large_image","twitter_misc":{"\u01af\u1edbc t\u00ednh th\u1eddi gian \u0111\u1ecdc":"1 ph\u00fat"},"schema":{"@context":"https:\/\/schema.org","@graph":[{"@type":"WebPage","@id":"https:\/\/occ21.vn\/product\/masker-mixed-with-calcium-carbonate-sm623\/","url":"https:\/\/occ21.vn\/product\/masker-mixed-with-calcium-carbonate-sm623\/","name":"Masker mixed with calcium carbonate SM623 - Oriental Commerce","isPartOf":{"@id":"https:\/\/occ21.vn\/#website"},"primaryImageOfPage":{"@id":"https:\/\/occ21.vn\/product\/masker-mixed-with-calcium-carbonate-sm623\/#primaryimage"},"image":{"@id":"https:\/\/occ21.vn\/product\/masker-mixed-with-calcium-carbonate-sm623\/#primaryimage"},"thumbnailUrl":"https:\/\/occ21.vn\/wp-content\/uploads\/2023\/11\/Masker-mixed-with-calcium-carbonate-SM623-1.jpg","datePublished":"2023-11-11T12:02:33+00:00","dateModified":"2023-11-12T11:33:00+00:00","breadcrumb":{"@id":"https:\/\/occ21.vn\/product\/masker-mixed-with-calcium-carbonate-sm623\/#breadcrumb"},"inLanguage":"vi","potentialAction":[{"@type":"ReadAction","target":["https:\/\/occ21.vn\/product\/masker-mixed-with-calcium-carbonate-sm623\/"]}]},{"@type":"ImageObject","inLanguage":"vi","@id":"https:\/\/occ21.vn\/product\/masker-mixed-with-calcium-carbonate-sm623\/#primaryimage","url":"https:\/\/occ21.vn\/wp-content\/uploads\/2023\/11\/Masker-mixed-with-calcium-carbonate-SM623-1.jpg","contentUrl":"https:\/\/occ21.vn\/wp-content\/uploads\/2023\/11\/Masker-mixed-with-calcium-carbonate-SM623-1.jpg","width":400,"height":400},{"@type":"BreadcrumbList","@id":"https:\/\/occ21.vn\/product\/masker-mixed-with-calcium-carbonate-sm623\/#breadcrumb","itemListElement":[{"@type":"ListItem","position":1,"name":"","item":"https:\/\/occ21.vn\/"},{"@type":"ListItem","position":2,"name":"Shop","item":"https:\/\/occ21.vn\/shop\/"},{"@type":"ListItem","position":3,"name":"Masker mixed with calcium carbonate SM623"}]},{"@type":"WebSite","@id":"https:\/\/occ21.vn\/#website","url":"https:\/\/occ21.vn\/","name":"Oriental Commerce","description":"","potentialAction":[{"@type":"SearchAction","target":{"@type":"EntryPoint","urlTemplate":"https:\/\/occ21.vn\/?s={search_term_string}"},"query-input":"required name=search_term_string"}],"inLanguage":"vi"}]}},"_links":{"self":[{"href":"https:\/\/occ21.vn\/vi\/wp-json\/wp\/v2\/product\/920"}],"collection":[{"href":"https:\/\/occ21.vn\/vi\/wp-json\/wp\/v2\/product"}],"about":[{"href":"https:\/\/occ21.vn\/vi\/wp-json\/wp\/v2\/types\/product"}],"wp:featuredmedia":[{"embeddable":true,"href":"https:\/\/occ21.vn\/vi\/wp-json\/wp\/v2\/media\/923"}],"wp:attachment":[{"href":"https:\/\/occ21.vn\/vi\/wp-json\/wp\/v2\/media?parent=920"}],"wp:term":[{"taxonomy":"product_cat","embeddable":true,"href":"https:\/\/occ21.vn\/vi\/wp-json\/wp\/v2\/product_cat?post=920"},{"taxonomy":"product_tag","embeddable":true,"href":"https:\/\/occ21.vn\/vi\/wp-json\/wp\/v2\/product_tag?post=920"}],"curies":[{"name":"wp","href":"https:\/\/api.w.org\/{rel}","templated":true}]}}