{"id":924,"date":"2023-11-11T12:04:06","date_gmt":"2023-11-11T12:04:06","guid":{"rendered":"http:\/\/localhost\/?post_type=product&#038;p=924"},"modified":"2023-11-12T11:33:00","modified_gmt":"2023-11-12T11:33:00","slug":"non-woven-cloth-mask-sm619","status":"publish","type":"product","link":"https:\/\/occ21.vn\/vi\/san-pham\/non-woven-cloth-mask-sm619\/","title":{"rendered":"M\u00e0ng v\u1ea3i kh\u00f4ng d\u1ec7t v\u00e0 b\u0103ng keo gi\u1ea5y SM619"},"content":{"rendered":"<div class=\"prod-vtop-info\"><!--\n\n\n<h4 class=\"c-tit01\"><\/h4>\n\n\n--><\/p>\n<div class=\"sgap\"><\/div>\n<div class=\"pinfo-list-wr\">\n<dl class=\"pinfo-list\">\n<dt class=\"ptit\">T\u00ednh n\u0103ng<\/dt>\n<dd class=\"ptxt\">\n<ul class=\"c-list01\">\n<li>Special cloth tape with adhesive residue free.<\/li>\n<li>Non-woven cloth sheet absorbs a large amount of paints and holds paints misted on the surface.<\/li>\n<li>Absorbs more amount of paint than a poly sheet and improves work efficiency.<\/li>\n<li>As a result of PE coating, there is not any paint penetration onto the attached surface.<\/li>\n<\/ul>\n<\/dd>\n<\/dl>\n<dl class=\"pinfo-list\">\n<dt class=\"ptit\">\u1ee8ng d\u1ee5ng<\/dt>\n<dd class=\"ptxt\">\n<ul class=\"c-list01\">\n<li>Ship painting.<\/li>\n<li>The places where have severe winds.<\/li>\n<\/ul>\n<\/dd>\n<\/dl>\n<dl class=\"pinfo-list\">\n<dt class=\"ptit\">M\u00e0u b\u0103ng<\/dt>\n<dd class=\"ptxt\">\n<ul class=\"prod-color-list\">\n<li><span style=\"background-color: #008000;\">\u00a0 \u00a0 \u00a0<\/span>\u00a0 Green<\/li>\n<\/ul>\n<p class=\"mg10t f12 tlh130\">\u203b C\u00f3 th\u1ec3 c\u00f3 c\u00e1c m\u00e0u kh\u00e1c<\/p>\n<\/dd>\n<\/dl>\n<dl class=\"pinfo-list\">\n<dt class=\"ptit\">S\u1ef1 ch\u1ec9 r\u00f5<\/dt>\n<dd class=\"ptxt\">\n<div class=\"pinfo-tbl-wr\">\n<table class=\"tbl-prod-s2 tbl-prod-dft\">\n<colgroup>\n<col class=\"fld1\" \/>\n<col class=\"fld2\" \/>\n<col class=\"fld3\" \/>\n<col class=\"fld4\" \/>\n<col class=\"fld5\" \/> <\/colgroup>\n<thead>\n<tr>\n<th colspan=\"2\" scope=\"col\">Ngh\u1ec7 thu\u1eadt.<\/th>\n<th scope=\"col\">V\u1eadn chuy\u1ec3n<\/th>\n<th scope=\"col\">\u00a0Ch\u1ea5t k\u1ebft d\u00ednh\/B\u1ec1 m\u1eb7t<\/th>\n<th scope=\"col\" class=\" translation-block\">Thickness<span class=\"stxt\">(mm)<\/span><\/th>\n<\/tr>\n<\/thead>\n<tbody>\n<tr>\n<td class=\"fld1\" rowspan=\"2\">SM619<\/td>\n<td class=\"fld2\">b\u0103ng<\/td>\n<td class=\"fld2\">V\u1ea3i<\/td>\n<td class=\"fld2\">Ch\u1ea5t k\u1ebft d\u00ednh: Cao su \u0111\u1eb7c bi\u1ec7t<\/td>\n<td class=\"fld2\">0.2<\/td>\n<\/tr>\n<tr>\n<td class=\"fld2\">Phim \u1ea3nh<\/td>\n<td class=\"fld2\">Non-woven Cloth<\/td>\n<td class=\"fld2\">b\u1ec1 m\u1eb7t: T\u0129nh \u0110i\u1ec7n<\/td>\n<td class=\"fld2\">0.17<\/td>\n<\/tr>\n<\/tbody>\n<\/table>\n<\/div>\n<\/dd>\n<\/dl>\n<dl class=\"pinfo-list\">\n<dt class=\"ptit\">K\u00edch th\u01b0\u1edbc\/G\u00f3i<\/dt>\n<dd class=\"ptxt\">\n<div class=\"pinfo-tbl-wr\">\n<table class=\"tbl-prod-s2 tbl-prod-size\">\n<colgroup>\n<col class=\"fld1\" \/>\n<col class=\"fld2\" \/>\n<col class=\"fld3\" \/>\n<col class=\"fld4\" \/>\n<col class=\"fld5\" \/>\n<col class=\"fld6\" \/> <\/colgroup>\n<thead>\n<tr>\n<th colspan=\"2\" scope=\"col\">K\u00edch c\u1ee1<\/th>\n<th rowspan=\"2\" scope=\"col\">b\u0103ng<br \/>\n(mm)<\/th>\n<th rowspan=\"2\" scope=\"col\" class=\" translation-block\">Finished Products<br>\r\n(mm)<\/th>\n<th rowspan=\"2\" scope=\"col\">B\u01b0u ki\u1ec7n<\/th>\n<th rowspan=\"2\" scope=\"col\">S\u1ed1 l\u01b0\u1ee3ng(#)<\/th>\n<\/tr>\n<tr>\n<th scope=\"col\">Chi\u1ec1u r\u1ed9ng (mm)<\/th>\n<th scope=\"col\">\u00a0Chi\u1ec1u d\u00e0i (m)<\/th>\n<\/tr>\n<\/thead>\n<tbody>\n<tr>\n<td>150<\/td>\n<td rowspan=\"2\">20<\/td>\n<td rowspan=\"2\">50<\/td>\n<td>150<\/td>\n<td rowspan=\"2\">Kh\u00f4ng \u00e1p d\u1ee5ng<\/td>\n<td rowspan=\"2\">30<\/td>\n<\/tr>\n<tr>\n<td>250<\/td>\n<td>250<\/td>\n<\/tr>\n<\/tbody>\n<\/table>\n<p>\u203b C\u00f3 th\u1ec3 c\u00f3 c\u00e1c k\u00edch th\u01b0\u1edbc kh\u00e1c<\/p>\n<\/div>\n<\/dd>\n<\/dl>\n<\/div>\n<p>&nbsp;<\/p>\n<\/div>","protected":false},"excerpt":{"rendered":"<p>Feature Special cloth tape with adhesive residue free. Non-woven cloth sheet absorbs a large amount of paints and holds paints misted on the surface. Absorbs more amount of paint than a poly sheet and improves work efficiency. As a result of PE coating, there is not any paint penetration onto the attached surface. Application Ship [&#8230;]","protected":false},"featured_media":926,"template":"","meta":[],"product_cat":[161,164,165,157,160],"product_tag":[],"yoast_head":"<!-- This site is optimized with the Yoast SEO plugin v22.6 - https:\/\/yoast.com\/wordpress\/plugins\/seo\/ -->\n<title>Non-woven cloth Mask SM619 - Oriental Commerce<\/title>\n<meta name=\"robots\" content=\"index, follow, max-snippet:-1, max-image-preview:large, max-video-preview:-1\" \/>\n<link rel=\"canonical\" href=\"https:\/\/occ21.vn\/vi\/san-pham\/non-woven-cloth-mask-sm619\/\" \/>\n<meta property=\"og:locale\" content=\"vi_VN\" \/>\n<meta property=\"og:type\" content=\"article\" \/>\n<meta property=\"og:title\" content=\"Non-woven cloth Mask SM619 - Oriental Commerce\" \/>\n<meta property=\"og:description\" content=\"Feature Special cloth tape with adhesive residue free. Non-woven cloth sheet absorbs a large amount of paints and holds paints misted on the surface. Absorbs more amount of paint than a poly sheet and improves work efficiency. As a result of PE coating, there is not any paint penetration onto the attached surface. Application Ship [...]\" \/>\n<meta property=\"og:url\" content=\"https:\/\/occ21.vn\/vi\/san-pham\/non-woven-cloth-mask-sm619\/\" \/>\n<meta property=\"og:site_name\" content=\"Oriental Commerce\" \/>\n<meta property=\"article:modified_time\" content=\"2023-11-12T11:33:00+00:00\" \/>\n<meta property=\"og:image\" content=\"https:\/\/occ21.vn\/wp-content\/uploads\/2023\/11\/Non-woven-cloth-Mask-SM619-1.jpg\" \/>\n\t<meta property=\"og:image:width\" content=\"400\" \/>\n\t<meta property=\"og:image:height\" content=\"400\" \/>\n\t<meta property=\"og:image:type\" content=\"image\/jpeg\" \/>\n<meta name=\"twitter:card\" content=\"summary_large_image\" \/>\n<meta name=\"twitter:label1\" content=\"\u01af\u1edbc t\u00ednh th\u1eddi gian \u0111\u1ecdc\" \/>\n\t<meta name=\"twitter:data1\" content=\"1 ph\u00fat\" \/>\n<script type=\"application\/ld+json\" class=\"yoast-schema-graph\">{\"@context\":\"https:\/\/schema.org\",\"@graph\":[{\"@type\":\"WebPage\",\"@id\":\"https:\/\/occ21.vn\/product\/non-woven-cloth-mask-sm619\/\",\"url\":\"https:\/\/occ21.vn\/product\/non-woven-cloth-mask-sm619\/\",\"name\":\"Non-woven cloth Mask SM619 - Oriental Commerce\",\"isPartOf\":{\"@id\":\"https:\/\/occ21.vn\/#website\"},\"primaryImageOfPage\":{\"@id\":\"https:\/\/occ21.vn\/product\/non-woven-cloth-mask-sm619\/#primaryimage\"},\"image\":{\"@id\":\"https:\/\/occ21.vn\/product\/non-woven-cloth-mask-sm619\/#primaryimage\"},\"thumbnailUrl\":\"https:\/\/occ21.vn\/wp-content\/uploads\/2023\/11\/Non-woven-cloth-Mask-SM619-1.jpg\",\"datePublished\":\"2023-11-11T12:04:06+00:00\",\"dateModified\":\"2023-11-12T11:33:00+00:00\",\"breadcrumb\":{\"@id\":\"https:\/\/occ21.vn\/product\/non-woven-cloth-mask-sm619\/#breadcrumb\"},\"inLanguage\":\"vi\",\"potentialAction\":[{\"@type\":\"ReadAction\",\"target\":[\"https:\/\/occ21.vn\/product\/non-woven-cloth-mask-sm619\/\"]}]},{\"@type\":\"ImageObject\",\"inLanguage\":\"vi\",\"@id\":\"https:\/\/occ21.vn\/product\/non-woven-cloth-mask-sm619\/#primaryimage\",\"url\":\"https:\/\/occ21.vn\/wp-content\/uploads\/2023\/11\/Non-woven-cloth-Mask-SM619-1.jpg\",\"contentUrl\":\"https:\/\/occ21.vn\/wp-content\/uploads\/2023\/11\/Non-woven-cloth-Mask-SM619-1.jpg\",\"width\":400,\"height\":400},{\"@type\":\"BreadcrumbList\",\"@id\":\"https:\/\/occ21.vn\/product\/non-woven-cloth-mask-sm619\/#breadcrumb\",\"itemListElement\":[{\"@type\":\"ListItem\",\"position\":1,\"name\":\"\",\"item\":\"https:\/\/occ21.vn\/\"},{\"@type\":\"ListItem\",\"position\":2,\"name\":\"Shop\",\"item\":\"https:\/\/occ21.vn\/shop\/\"},{\"@type\":\"ListItem\",\"position\":3,\"name\":\"Non-woven cloth Mask SM619\"}]},{\"@type\":\"WebSite\",\"@id\":\"https:\/\/occ21.vn\/#website\",\"url\":\"https:\/\/occ21.vn\/\",\"name\":\"Oriental Commerce\",\"description\":\"\",\"potentialAction\":[{\"@type\":\"SearchAction\",\"target\":{\"@type\":\"EntryPoint\",\"urlTemplate\":\"https:\/\/occ21.vn\/?s={search_term_string}\"},\"query-input\":\"required name=search_term_string\"}],\"inLanguage\":\"vi\"}]}<\/script>\n<!-- \/ Yoast SEO plugin. -->","yoast_head_json":{"title":"Non-woven cloth Mask SM619 - Oriental Commerce","robots":{"index":"index","follow":"follow","max-snippet":"max-snippet:-1","max-image-preview":"max-image-preview:large","max-video-preview":"max-video-preview:-1"},"canonical":"https:\/\/occ21.vn\/vi\/san-pham\/non-woven-cloth-mask-sm619\/","og_locale":"vi_VN","og_type":"article","og_title":"Non-woven cloth Mask SM619 - Oriental Commerce","og_description":"Feature Special cloth tape with adhesive residue free. Non-woven cloth sheet absorbs a large amount of paints and holds paints misted on the surface. Absorbs more amount of paint than a poly sheet and improves work efficiency. As a result of PE coating, there is not any paint penetration onto the attached surface. Application Ship [...]","og_url":"https:\/\/occ21.vn\/vi\/san-pham\/non-woven-cloth-mask-sm619\/","og_site_name":"Oriental Commerce","article_modified_time":"2023-11-12T11:33:00+00:00","og_image":[{"width":400,"height":400,"url":"https:\/\/occ21.vn\/wp-content\/uploads\/2023\/11\/Non-woven-cloth-Mask-SM619-1.jpg","type":"image\/jpeg"}],"twitter_card":"summary_large_image","twitter_misc":{"\u01af\u1edbc t\u00ednh th\u1eddi gian \u0111\u1ecdc":"1 ph\u00fat"},"schema":{"@context":"https:\/\/schema.org","@graph":[{"@type":"WebPage","@id":"https:\/\/occ21.vn\/product\/non-woven-cloth-mask-sm619\/","url":"https:\/\/occ21.vn\/product\/non-woven-cloth-mask-sm619\/","name":"Non-woven cloth Mask SM619 - Oriental Commerce","isPartOf":{"@id":"https:\/\/occ21.vn\/#website"},"primaryImageOfPage":{"@id":"https:\/\/occ21.vn\/product\/non-woven-cloth-mask-sm619\/#primaryimage"},"image":{"@id":"https:\/\/occ21.vn\/product\/non-woven-cloth-mask-sm619\/#primaryimage"},"thumbnailUrl":"https:\/\/occ21.vn\/wp-content\/uploads\/2023\/11\/Non-woven-cloth-Mask-SM619-1.jpg","datePublished":"2023-11-11T12:04:06+00:00","dateModified":"2023-11-12T11:33:00+00:00","breadcrumb":{"@id":"https:\/\/occ21.vn\/product\/non-woven-cloth-mask-sm619\/#breadcrumb"},"inLanguage":"vi","potentialAction":[{"@type":"ReadAction","target":["https:\/\/occ21.vn\/product\/non-woven-cloth-mask-sm619\/"]}]},{"@type":"ImageObject","inLanguage":"vi","@id":"https:\/\/occ21.vn\/product\/non-woven-cloth-mask-sm619\/#primaryimage","url":"https:\/\/occ21.vn\/wp-content\/uploads\/2023\/11\/Non-woven-cloth-Mask-SM619-1.jpg","contentUrl":"https:\/\/occ21.vn\/wp-content\/uploads\/2023\/11\/Non-woven-cloth-Mask-SM619-1.jpg","width":400,"height":400},{"@type":"BreadcrumbList","@id":"https:\/\/occ21.vn\/product\/non-woven-cloth-mask-sm619\/#breadcrumb","itemListElement":[{"@type":"ListItem","position":1,"name":"","item":"https:\/\/occ21.vn\/"},{"@type":"ListItem","position":2,"name":"Shop","item":"https:\/\/occ21.vn\/shop\/"},{"@type":"ListItem","position":3,"name":"Non-woven cloth Mask SM619"}]},{"@type":"WebSite","@id":"https:\/\/occ21.vn\/#website","url":"https:\/\/occ21.vn\/","name":"Oriental Commerce","description":"","potentialAction":[{"@type":"SearchAction","target":{"@type":"EntryPoint","urlTemplate":"https:\/\/occ21.vn\/?s={search_term_string}"},"query-input":"required name=search_term_string"}],"inLanguage":"vi"}]}},"_links":{"self":[{"href":"https:\/\/occ21.vn\/vi\/wp-json\/wp\/v2\/product\/924"}],"collection":[{"href":"https:\/\/occ21.vn\/vi\/wp-json\/wp\/v2\/product"}],"about":[{"href":"https:\/\/occ21.vn\/vi\/wp-json\/wp\/v2\/types\/product"}],"wp:featuredmedia":[{"embeddable":true,"href":"https:\/\/occ21.vn\/vi\/wp-json\/wp\/v2\/media\/926"}],"wp:attachment":[{"href":"https:\/\/occ21.vn\/vi\/wp-json\/wp\/v2\/media?parent=924"}],"wp:term":[{"taxonomy":"product_cat","embeddable":true,"href":"https:\/\/occ21.vn\/vi\/wp-json\/wp\/v2\/product_cat?post=924"},{"taxonomy":"product_tag","embeddable":true,"href":"https:\/\/occ21.vn\/vi\/wp-json\/wp\/v2\/product_tag?post=924"}],"curies":[{"name":"wp","href":"https:\/\/api.w.org\/{rel}","templated":true}]}}